{"id":7113,"date":"2024-04-14T19:00:26","date_gmt":"2024-04-14T17:00:26","guid":{"rendered":"https:\/\/criolloquetzal.ch\/produit\/disidente-chocolat-noir-61-maranot-gianduia-noix-cajou-colombie\/"},"modified":"2026-04-15T21:47:12","modified_gmt":"2026-04-15T19:47:12","slug":"disidente-dunkle-schokolade-61-maranot-cashew-gianduia-kolumbien","status":"publish","type":"product","link":"https:\/\/criolloquetzal.ch\/de\/produit\/disidente-dunkle-schokolade-61-maranot-cashew-gianduia-kolumbien\/","title":{"rendered":"Disidente - Dunkle Schokolade 61% Mara\u00f1ot (Cashew-Gianduia) - KOLUMBIEN"},"content":{"rendered":"<p>\u200bMara\u00f1ot (Cashew) ist eine Hommage an den italienischen Gianduia (Nuss-Nougat-Schokolade) aus dem Piemont.<\/p>\n<p>Da diese Disidente-Tafel zu 100 % kolumbianisch ist, werden die Haseln\u00fcsse in dieser Nuss-Nougat-Schokolade durch Cashewkerne aus der Region Orinoqu\u00eda ersetzt, die in Kombination mit Kakao-Mikrolots aus der gleichen Region eine s\u00fcsse, cremige Tafel mit einer weichen Textur ergeben.<\/p>\n","protected":false},"excerpt":{"rendered":"<p>\u200bMara\u00f1ot (Cashew) ist eine Hommage an den italienischen Gianduia (Nuss-Nougat-Schokolade) aus dem Piemont.<\/p>\n<p>Da diese Disidente-Tafel zu 100 % kolumbianisch ist, werden die Haseln\u00fcsse in dieser Nuss-Nougat-Schokolade durch Cashewkerne aus der Region Orinoqu\u00eda ersetzt, die in Kombination mit Kakao-Mikrolots aus der gleichen Region eine s\u00fcsse, cremige Tafel mit einer weichen Textur ergeben.<\/p>\n","protected":false},"featured_media":6977,"template":"","meta":{"_acf_changed":false,"inline_featured_image":false},"product_brand":[],"product_cat":[786,125],"product_tag":[],"class_list":{"0":"post-7113","1":"product","2":"type-product","3":"status-publish","4":"has-post-thumbnail","6":"product_cat-kolumbien","7":"product_cat-suedamerika","9":"first","10":"instock","11":"taxable","12":"shipping-taxable","13":"purchasable","14":"product-type-simple"},"bundled_by":[],"bundle_stock_status":"instock","bundle_stock_quantity":13,"bundle_virtual":false,"bundle_layout":"","bundle_add_to_cart_form_location":"","bundle_editable_in_cart":false,"bundle_sold_individually_context":"","bundle_item_grouping":"","bundle_min_size":"","bundle_max_size":"","bundle_price":[],"bundled_items":[],"bundle_sell_ids":[],"acf":{"ingredients":"\u200b\u200bKakabohnen (41% Kolumbien), Rohrzucker,\u00a0<strong data-verified=\"redactor\" data-redactor-tag=\"strong\">\u200bCashewkerne<\/strong>, Kakaobutter","energie":550,"graisse":45,"graisse_saturee":24,"glucides":46,"sucre":30,"fibre":"5","proteines":6,"sel":0},"_links":{"self":[{"href":"https:\/\/criolloquetzal.ch\/de\/wp-json\/wp\/v2\/product\/7113","targetHints":{"allow":["GET"]}}],"collection":[{"href":"https:\/\/criolloquetzal.ch\/de\/wp-json\/wp\/v2\/product"}],"about":[{"href":"https:\/\/criolloquetzal.ch\/de\/wp-json\/wp\/v2\/types\/product"}],"wp:featuredmedia":[{"embeddable":true,"href":"https:\/\/criolloquetzal.ch\/de\/wp-json\/wp\/v2\/media\/6977"}],"wp:attachment":[{"href":"https:\/\/criolloquetzal.ch\/de\/wp-json\/wp\/v2\/media?parent=7113"}],"wp:term":[{"taxonomy":"product_brand","embeddable":true,"href":"https:\/\/criolloquetzal.ch\/de\/wp-json\/wp\/v2\/product_brand?post=7113"},{"taxonomy":"product_cat","embeddable":true,"href":"https:\/\/criolloquetzal.ch\/de\/wp-json\/wp\/v2\/product_cat?post=7113"},{"taxonomy":"product_tag","embeddable":true,"href":"https:\/\/criolloquetzal.ch\/de\/wp-json\/wp\/v2\/product_tag?post=7113"}],"curies":[{"name":"wp","href":"https:\/\/api.w.org\/{rel}","templated":true}]}}