{"id":7114,"date":"2024-04-14T19:06:00","date_gmt":"2024-04-14T17:06:00","guid":{"rendered":"https:\/\/criolloquetzal.ch\/produit\/disidente-chocolat-noir-70-grue-cacao-colombie\/"},"modified":"2026-04-17T21:16:02","modified_gmt":"2026-04-17T19:16:02","slug":"disidente-dunkle-schokolade-70-kakaonibs-kolumbien","status":"publish","type":"product","link":"https:\/\/criolloquetzal.ch\/de\/produit\/disidente-dunkle-schokolade-70-kakaonibs-kolumbien\/","title":{"rendered":"Disidente - Dunkle Schokolade 70% mit Kakaonibs - KOLUMBIEN"},"content":{"rendered":"<p>\u200b70%ige dunkle Schokolade von Disidente mit Kakaonibs<\/p>\n<p>F\u00fcr alle, die sich f\u00fcr Kakaobohnen begeistern, oder f\u00fcr diejenigen, die damit noch nicht vertraut sind, bietet die Erfahrung dieser Tafel auf der Basis unserer 70%igen Schokoladenmischung und Kakaonibs ein verf\u00fchrerisches Spiel der Texturen dank der Verbindung von Schokolade und Nibs. In der Nase vereint die 70%ige Schokolade Noten von Guarapo (Zuckerrohrsaft) und Zuckerrohrhonig mit intensiver tropischer Fruchtigkeit. Am Gaumen belebt eine ausgepr\u00e4gte Tamarindennote die s\u00fcsse, nussige und samtige Mischung.<\/p>\n","protected":false},"excerpt":{"rendered":"<p>\u200b70%ige dunkle Schokolade von Disidente mit Kakaonibs<\/p>\n<p>F\u00fcr alle, die sich f\u00fcr Kakaobohnen begeistern, oder f\u00fcr diejenigen, die damit noch nicht vertraut sind, bietet die Erfahrung dieser Tafel auf der Basis unserer 70%igen Schokoladenmischung und Kakaonibs ein verf\u00fchrerisches Spiel der Texturen dank der Verbindung von Schokolade und Nibs. In der Nase vereint die 70%ige Schokolade Noten von Guarapo (Zuckerrohrsaft) und Zuckerrohrhonig mit intensiver tropischer Fruchtigkeit. Am Gaumen belebt eine ausgepr\u00e4gte Tamarindennote die s\u00fcsse, nussige und samtige Mischung.<\/p>\n","protected":false},"featured_media":6981,"template":"","meta":{"_acf_changed":false,"inline_featured_image":false},"product_brand":[],"product_cat":[786,125],"product_tag":[],"class_list":{"0":"post-7114","1":"product","2":"type-product","3":"status-publish","4":"has-post-thumbnail","6":"product_cat-kolumbien","7":"product_cat-suedamerika","9":"first","10":"instock","11":"taxable","12":"shipping-taxable","13":"purchasable","14":"product-type-simple"},"bundled_by":[],"bundle_stock_status":"instock","bundle_stock_quantity":19,"bundle_virtual":false,"bundle_layout":"","bundle_add_to_cart_form_location":"","bundle_editable_in_cart":false,"bundle_sold_individually_context":"","bundle_item_grouping":"","bundle_min_size":"","bundle_max_size":"","bundle_price":[],"bundled_items":[],"bundle_sell_ids":[],"acf":{"ingredients":"\u200bKakabohnen (62% Kolumbien), Rohrzucker, Kakaobutter, Kakaonibs","energie":510,"graisse":42,"graisse_saturee":26,"glucides":48,"sucre":29,"fibre":"9","proteines":6,"sel":0},"_links":{"self":[{"href":"https:\/\/criolloquetzal.ch\/de\/wp-json\/wp\/v2\/product\/7114","targetHints":{"allow":["GET"]}}],"collection":[{"href":"https:\/\/criolloquetzal.ch\/de\/wp-json\/wp\/v2\/product"}],"about":[{"href":"https:\/\/criolloquetzal.ch\/de\/wp-json\/wp\/v2\/types\/product"}],"wp:featuredmedia":[{"embeddable":true,"href":"https:\/\/criolloquetzal.ch\/de\/wp-json\/wp\/v2\/media\/6981"}],"wp:attachment":[{"href":"https:\/\/criolloquetzal.ch\/de\/wp-json\/wp\/v2\/media?parent=7114"}],"wp:term":[{"taxonomy":"product_brand","embeddable":true,"href":"https:\/\/criolloquetzal.ch\/de\/wp-json\/wp\/v2\/product_brand?post=7114"},{"taxonomy":"product_cat","embeddable":true,"href":"https:\/\/criolloquetzal.ch\/de\/wp-json\/wp\/v2\/product_cat?post=7114"},{"taxonomy":"product_tag","embeddable":true,"href":"https:\/\/criolloquetzal.ch\/de\/wp-json\/wp\/v2\/product_tag?post=7114"}],"curies":[{"name":"wp","href":"https:\/\/api.w.org\/{rel}","templated":true}]}}