{"id":7135,"date":"2024-04-14T15:41:43","date_gmt":"2024-04-14T13:41:43","guid":{"rendered":"https:\/\/criolloquetzal.ch\/produit\/shattell-chocolat-noir-100-chuncho-perou\/"},"modified":"2026-04-15T15:21:57","modified_gmt":"2026-04-15T13:21:57","slug":"shattell-dunkle-schokolade-100-chuncho-peru","status":"publish","type":"product","link":"https:\/\/criolloquetzal.ch\/de\/produit\/shattell-dunkle-schokolade-100-chuncho-peru\/","title":{"rendered":"Shattell - Dunkle Schokolade 100% Chuncho - PERU"},"content":{"rendered":"<p>Dunkle Shattell-Schokolade mit 100% Chuncho-Kakao.<\/p>\n<p>Chuncho-Bohnen sind f\u00fcr ihre komplexen, reichen Aromen bekannt. Diese Schokolade beginnt mit einer sch\u00f6nen Intensit\u00e4t, geht \u00fcber in eine reiche Fruchtigkeit, gefolgt von einem nussigen Abgang.<\/p>\n","protected":false},"excerpt":{"rendered":"<p>Dunkle Shattell-Schokolade mit 100% Chuncho-Kakao.<\/p>\n<p>Chuncho-Bohnen sind f\u00fcr ihre komplexen, reichen Aromen bekannt. Diese Schokolade beginnt mit einer sch\u00f6nen Intensit\u00e4t, geht \u00fcber in eine reiche Fruchtigkeit, gefolgt von einem nussigen Abgang.<\/p>\n","protected":false},"featured_media":7005,"template":"","meta":{"_acf_changed":false,"inline_featured_image":false},"product_brand":[],"product_cat":[853,125],"product_tag":[],"class_list":{"0":"post-7135","1":"product","2":"type-product","3":"status-publish","4":"has-post-thumbnail","6":"product_cat-peru-de","7":"product_cat-suedamerika","9":"first","10":"instock","11":"taxable","12":"shipping-taxable","13":"purchasable","14":"product-type-simple"},"bundled_by":[],"bundle_stock_status":"instock","bundle_stock_quantity":25,"bundle_virtual":false,"bundle_layout":"","bundle_add_to_cart_form_location":"","bundle_editable_in_cart":false,"bundle_sold_individually_context":"","bundle_item_grouping":"","bundle_min_size":"","bundle_max_size":"","bundle_price":[],"bundled_items":[],"bundle_sell_ids":[],"acf":{"ingredients":"\u200b\u200b\u200b\u200bKakaomasse (95% Peru<span class=\"redactor-invisible-space\" data-verified=\"redactor\" data-redactor-tag=\"span\" data-redactor-class=\"redactor-invisible-space\">\u200b),\u00a0Kakaobutter<\/span>","energie":900,"graisse":67,"graisse_saturee":37,"glucides":53,"sucre":3,"fibre":"20","proteines":10,"sel":0},"_links":{"self":[{"href":"https:\/\/criolloquetzal.ch\/de\/wp-json\/wp\/v2\/product\/7135","targetHints":{"allow":["GET"]}}],"collection":[{"href":"https:\/\/criolloquetzal.ch\/de\/wp-json\/wp\/v2\/product"}],"about":[{"href":"https:\/\/criolloquetzal.ch\/de\/wp-json\/wp\/v2\/types\/product"}],"wp:featuredmedia":[{"embeddable":true,"href":"https:\/\/criolloquetzal.ch\/de\/wp-json\/wp\/v2\/media\/7005"}],"wp:attachment":[{"href":"https:\/\/criolloquetzal.ch\/de\/wp-json\/wp\/v2\/media?parent=7135"}],"wp:term":[{"taxonomy":"product_brand","embeddable":true,"href":"https:\/\/criolloquetzal.ch\/de\/wp-json\/wp\/v2\/product_brand?post=7135"},{"taxonomy":"product_cat","embeddable":true,"href":"https:\/\/criolloquetzal.ch\/de\/wp-json\/wp\/v2\/product_cat?post=7135"},{"taxonomy":"product_tag","embeddable":true,"href":"https:\/\/criolloquetzal.ch\/de\/wp-json\/wp\/v2\/product_tag?post=7135"}],"curies":[{"name":"wp","href":"https:\/\/api.w.org\/{rel}","templated":true}]}}