{"id":7138,"date":"2024-04-14T15:16:54","date_gmt":"2024-04-14T13:16:54","guid":{"rendered":"https:\/\/criolloquetzal.ch\/produit\/shattell-chocolat-noir-70-chuncho-sel-rose-maras-perou\/"},"modified":"2026-04-25T05:09:29","modified_gmt":"2026-04-25T03:09:29","slug":"shattell-dunkle-schokolade-70-chuncho-rosa-maras-salz-peru","status":"publish","type":"product","link":"https:\/\/criolloquetzal.ch\/de\/produit\/shattell-dunkle-schokolade-70-chuncho-rosa-maras-salz-peru\/","title":{"rendered":"Shattell - Dunkle Schokolade 70% Chuncho mit rosa Maras-Salz - PERU"},"content":{"rendered":"<p>Dunkle Shattell\u00a0Schokoladentafel mit 70% Chuncho-Kakao und rosa\u00a0MarasPink\u00a0Salz. Chuncho-Bohnen sind bekannt f\u00fcr ihre komplexen, reichen Aromen.<\/p>\n<p>Das rosafarbene Salz in dieser Tafel stammt aus Maras, einer Stadt auf 3'300 Metern H\u00f6he im Heiligen Tal von Cusco in den peruanischen Anden in der N\u00e4he von Machupicchu. Maras-Salz ist als eines der ges\u00fcndesten und n\u00e4hrstoffreichsten Salze der Welt bekannt.<\/p>\n","protected":false},"excerpt":{"rendered":"<p>Dunkle Shattell\u00a0Schokoladentafel mit 70% Chuncho-Kakao und rosa\u00a0MarasPink\u00a0Salz. Chuncho-Bohnen sind bekannt f\u00fcr ihre komplexen, reichen Aromen.<\/p>\n<p>Das rosafarbene Salz in dieser Tafel stammt aus Maras, einer Stadt auf 3'300 Metern H\u00f6he im Heiligen Tal von Cusco in den peruanischen Anden in der N\u00e4he von Machupicchu. Maras-Salz ist als eines der ges\u00fcndesten und n\u00e4hrstoffreichsten Salze der Welt bekannt.<\/p>\n","protected":false},"featured_media":7001,"template":"","meta":{"_acf_changed":false,"inline_featured_image":false},"product_brand":[],"product_cat":[853,125],"product_tag":[],"class_list":{"0":"post-7138","1":"product","2":"type-product","3":"status-publish","4":"has-post-thumbnail","6":"product_cat-peru-de","7":"product_cat-suedamerika","9":"first","10":"instock","11":"taxable","12":"shipping-taxable","13":"purchasable","14":"product-type-simple"},"bundled_by":["8278"],"bundle_stock_status":"instock","bundle_stock_quantity":45,"bundle_virtual":false,"bundle_layout":"","bundle_add_to_cart_form_location":"","bundle_editable_in_cart":false,"bundle_sold_individually_context":"","bundle_item_grouping":"","bundle_min_size":"","bundle_max_size":"","bundle_price":[],"bundled_items":[],"bundle_sell_ids":[],"acf":{"ingredients":"\u200b\u200b\u200b\u200bKakaomasse (65% Peru<span class=\"redactor-invisible-space\" data-verified=\"redactor\" data-redactor-tag=\"span\" data-redactor-class=\"redactor-invisible-space\">\u200b), Rohrzucker, Kakaobutter, Salz<\/span>","energie":633,"graisse":47,"graisse_saturee":27,"glucides":37,"sucre":33,"fibre":"13","proteines":7,"sel":0},"_links":{"self":[{"href":"https:\/\/criolloquetzal.ch\/de\/wp-json\/wp\/v2\/product\/7138","targetHints":{"allow":["GET"]}}],"collection":[{"href":"https:\/\/criolloquetzal.ch\/de\/wp-json\/wp\/v2\/product"}],"about":[{"href":"https:\/\/criolloquetzal.ch\/de\/wp-json\/wp\/v2\/types\/product"}],"wp:featuredmedia":[{"embeddable":true,"href":"https:\/\/criolloquetzal.ch\/de\/wp-json\/wp\/v2\/media\/7001"}],"wp:attachment":[{"href":"https:\/\/criolloquetzal.ch\/de\/wp-json\/wp\/v2\/media?parent=7138"}],"wp:term":[{"taxonomy":"product_brand","embeddable":true,"href":"https:\/\/criolloquetzal.ch\/de\/wp-json\/wp\/v2\/product_brand?post=7138"},{"taxonomy":"product_cat","embeddable":true,"href":"https:\/\/criolloquetzal.ch\/de\/wp-json\/wp\/v2\/product_cat?post=7138"},{"taxonomy":"product_tag","embeddable":true,"href":"https:\/\/criolloquetzal.ch\/de\/wp-json\/wp\/v2\/product_tag?post=7138"}],"curies":[{"name":"wp","href":"https:\/\/api.w.org\/{rel}","templated":true}]}}