{"id":7877,"date":"2024-06-22T13:02:28","date_gmt":"2024-06-22T11:02:28","guid":{"rendered":"https:\/\/criolloquetzal.ch\/produit\/kuyay-dunkle-schokolade-70-mit-quinoa-peru\/"},"modified":"2026-04-15T21:19:51","modified_gmt":"2026-04-15T19:19:51","slug":"kuyay-dunkle-schokolade-70-mit-quinoa-peru","status":"publish","type":"product","link":"https:\/\/criolloquetzal.ch\/de\/produit\/kuyay-dunkle-schokolade-70-mit-quinoa-peru\/","title":{"rendered":"Kuyay - Dunkle Schokolade 70% mit Quinoa - PERU"},"content":{"rendered":"<p>Eine Schokolade mit einem hohen N\u00e4hrwert dank Quinoa und Kakao. F\u00fchlen Sie die knackigen Quinoa-Samen in dieser Schokolade mit Noten von roten Fr\u00fcchten, Zitrusfr\u00fcchten und Karamell.<\/p>\n<p>Quinoa ist ein Superfood, das seit Jahrtausenden in den Anden angebaut wird. Quinoa enth\u00e4lt kein Gluten und ist reich an Kalzium, Vitamin B und E, Phosphor, Ballaststoffen und Omega-6- und -9-Fetts\u00e4uren. Es ist eine ausgezeichnete Alternative zu Milchprodukten.<\/p>\n","protected":false},"excerpt":{"rendered":"<p>Eine Schokolade mit einem hohen N\u00e4hrwert dank Quinoa und Kakao. F\u00fchlen Sie die knackigen Quinoa-Samen in dieser Schokolade mit Noten von roten Fr\u00fcchten, Zitrusfr\u00fcchten und Karamell. Quinoa ist ein Superfood, das seit Jahrtausenden in den Anden angebaut wird. Quinoa enth\u00e4lt kein Gluten und ist reich an Kalzium, Vitamin B und E, Phosphor, Ballaststoffen und Omega-6- und -9-Fetts\u00e4uren. Es ist eine ausgezeichnete Alternative zu Milchprodukten.<\/p>\n","protected":false},"featured_media":7396,"template":"","meta":{"_acf_changed":false,"inline_featured_image":false},"product_brand":[],"product_cat":[853,125],"product_tag":[],"class_list":{"0":"post-7877","1":"product","2":"type-product","3":"status-publish","4":"has-post-thumbnail","6":"product_cat-peru-de","7":"product_cat-suedamerika","9":"first","10":"outofstock","11":"taxable","12":"shipping-taxable","13":"purchasable","14":"product-type-simple"},"bundled_by":[],"bundle_stock_status":"outofstock","bundle_stock_quantity":0,"bundle_virtual":false,"bundle_layout":"","bundle_add_to_cart_form_location":"","bundle_editable_in_cart":false,"bundle_sold_individually_context":"","bundle_item_grouping":"","bundle_min_size":"","bundle_max_size":"","bundle_price":[],"bundled_items":[],"bundle_sell_ids":[],"acf":{"ingredients":"Kakaomasse (70% Peru), gepuffte Quinoa, Rohrzucker, Kakaobutter","energie":526,"graisse":31,"graisse_saturee":18,"glucides":43,"sucre":26,"fibre":"3","proteines":7,"sel":0},"_links":{"self":[{"href":"https:\/\/criolloquetzal.ch\/de\/wp-json\/wp\/v2\/product\/7877","targetHints":{"allow":["GET"]}}],"collection":[{"href":"https:\/\/criolloquetzal.ch\/de\/wp-json\/wp\/v2\/product"}],"about":[{"href":"https:\/\/criolloquetzal.ch\/de\/wp-json\/wp\/v2\/types\/product"}],"wp:featuredmedia":[{"embeddable":true,"href":"https:\/\/criolloquetzal.ch\/de\/wp-json\/wp\/v2\/media\/7396"}],"wp:attachment":[{"href":"https:\/\/criolloquetzal.ch\/de\/wp-json\/wp\/v2\/media?parent=7877"}],"wp:term":[{"taxonomy":"product_brand","embeddable":true,"href":"https:\/\/criolloquetzal.ch\/de\/wp-json\/wp\/v2\/product_brand?post=7877"},{"taxonomy":"product_cat","embeddable":true,"href":"https:\/\/criolloquetzal.ch\/de\/wp-json\/wp\/v2\/product_cat?post=7877"},{"taxonomy":"product_tag","embeddable":true,"href":"https:\/\/criolloquetzal.ch\/de\/wp-json\/wp\/v2\/product_tag?post=7877"}],"curies":[{"name":"wp","href":"https:\/\/api.w.org\/{rel}","templated":true}]}}