{"id":7885,"date":"2024-06-22T13:02:21","date_gmt":"2024-06-22T11:02:21","guid":{"rendered":"https:\/\/criolloquetzal.ch\/produit\/kuyay-dunkle-schokolade-70-mit-ananas-peru\/"},"modified":"2026-04-15T15:21:57","modified_gmt":"2026-04-15T13:21:57","slug":"kuyay-dunkle-schokolade-70-mit-ananas-peru","status":"publish","type":"product","link":"https:\/\/criolloquetzal.ch\/de\/produit\/kuyay-dunkle-schokolade-70-mit-ananas-peru\/","title":{"rendered":"Kuyay - Dunkle Schokolade 70% mit Ananas - PERU"},"content":{"rendered":"<p>Diese Schokolade kombiniert Ananas der Sorte Golden und Kakao von der Kuyay-Plantage mit Noten von roten Fr\u00fcchten, Zitrusfr\u00fcchten und Karamell.<\/p>\n<p>Die Golden-Ananas hat eine nat\u00fcrliche S\u00fc\u00dfe und ist au\u00dferdem gesund und nahrhaft.<\/p>\n","protected":false},"excerpt":{"rendered":"<p>Diese Schokolade kombiniert Ananas der Sorte Golden mit Kakao von der Kuyay-Plantage mit Noten von roten Fr\u00fcchten, Zitrusfr\u00fcchten und Karamell. Die Golden Ananas hat eine nat\u00fcrliche S\u00fc\u00dfe und ist au\u00dferdem gesund und nahrhaft.<\/p>\n","protected":false},"featured_media":7388,"template":"","meta":{"_acf_changed":false,"inline_featured_image":false},"product_brand":[],"product_cat":[853,125],"product_tag":[],"class_list":{"0":"post-7885","1":"product","2":"type-product","3":"status-publish","4":"has-post-thumbnail","6":"product_cat-peru-de","7":"product_cat-suedamerika","9":"first","10":"outofstock","11":"taxable","12":"shipping-taxable","13":"purchasable","14":"product-type-simple"},"bundled_by":[],"bundle_stock_status":"outofstock","bundle_stock_quantity":0,"bundle_virtual":false,"bundle_layout":"","bundle_add_to_cart_form_location":"","bundle_editable_in_cart":false,"bundle_sold_individually_context":"","bundle_item_grouping":"","bundle_min_size":"","bundle_max_size":"","bundle_price":[],"bundled_items":[],"bundle_sell_ids":[],"acf":{"ingredients":"Kakaomasse (70% Peru), Rohrzucker, getrocknete Ananas, Kakaobutter","energie":536,"graisse":32,"graisse_saturee":19,"glucides":47,"sucre":28,"fibre":"3","proteines":8,"sel":0},"_links":{"self":[{"href":"https:\/\/criolloquetzal.ch\/de\/wp-json\/wp\/v2\/product\/7885","targetHints":{"allow":["GET"]}}],"collection":[{"href":"https:\/\/criolloquetzal.ch\/de\/wp-json\/wp\/v2\/product"}],"about":[{"href":"https:\/\/criolloquetzal.ch\/de\/wp-json\/wp\/v2\/types\/product"}],"wp:featuredmedia":[{"embeddable":true,"href":"https:\/\/criolloquetzal.ch\/de\/wp-json\/wp\/v2\/media\/7388"}],"wp:attachment":[{"href":"https:\/\/criolloquetzal.ch\/de\/wp-json\/wp\/v2\/media?parent=7885"}],"wp:term":[{"taxonomy":"product_brand","embeddable":true,"href":"https:\/\/criolloquetzal.ch\/de\/wp-json\/wp\/v2\/product_brand?post=7885"},{"taxonomy":"product_cat","embeddable":true,"href":"https:\/\/criolloquetzal.ch\/de\/wp-json\/wp\/v2\/product_cat?post=7885"},{"taxonomy":"product_tag","embeddable":true,"href":"https:\/\/criolloquetzal.ch\/de\/wp-json\/wp\/v2\/product_tag?post=7885"}],"curies":[{"name":"wp","href":"https:\/\/api.w.org\/{rel}","templated":true}]}}