{"id":7933,"date":"2025-02-16T18:28:59","date_gmt":"2025-02-16T17:28:59","guid":{"rendered":"https:\/\/criolloquetzal.ch\/produit\/belu-dunkle-schokolade-70-mit-kaffee-el-salvador\/"},"modified":"2026-04-26T22:24:10","modified_gmt":"2026-04-26T20:24:10","slug":"belu-dunkle-schokolade-70-mit-kaffee-el-salvador","status":"publish","type":"product","link":"https:\/\/criolloquetzal.ch\/de\/produit\/belu-dunkle-schokolade-70-mit-kaffee-el-salvador\/","title":{"rendered":"Bel\u00fa - Dunkle Schokolade 70% mit Kaffee - EL SALVADOR"},"content":{"rendered":"<p>Diese preisgekr\u00f6nte Tafel wurde f\u00fcr Espresso-Liebhaber entwickelt. Elsalvadorcoffee beliefert Bel\u00fa mit Kaffee aus Ahuachap\u00e1n in El Salvador, dem Gewinner des Illy-Cups.<\/p>\n<p>Die Mischung aus dunkler Schokolade 70% von Bel\u00fa und Kaffee beginnt mit einem subtilen Geschmack, der sich allm\u00e4hlich intensiviert, w\u00e4hrend sie im Mund schmilzt.<\/p>\n","protected":false},"excerpt":{"rendered":"<p>Diese preisgekr\u00f6nte Tafel wurde f\u00fcr Espresso-Liebhaber entwickelt. Elsalvadorcoffee beliefert Bel\u00fa mit Kaffee aus Ahuachap\u00e1n in El Salvador, dem Gewinner des Illy-Cups. Die Mischung aus dunkler Schokolade 70% von Bel\u00fa und Kaffee beginnt mit einem subtilen Geschmack, der sich allm\u00e4hlich intensiviert, w\u00e4hrend sie im Mund schmilzt.<\/p>\n","protected":false},"featured_media":7902,"template":"","meta":{"_acf_changed":false,"inline_featured_image":false},"product_brand":[],"product_cat":[864,97],"product_tag":[],"class_list":{"0":"post-7933","1":"product","2":"type-product","3":"status-publish","4":"has-post-thumbnail","6":"product_cat-el-salvador","7":"product_cat-zentralamerika","9":"first","10":"instock","11":"taxable","12":"shipping-taxable","13":"purchasable","14":"product-type-simple"},"bundled_by":[],"bundle_stock_status":"instock","bundle_stock_quantity":50,"bundle_virtual":false,"bundle_layout":"","bundle_add_to_cart_form_location":"","bundle_editable_in_cart":false,"bundle_sold_individually_context":"","bundle_item_grouping":"","bundle_min_size":"","bundle_max_size":"","bundle_price":[],"bundled_items":[],"bundle_sell_ids":[],"acf":{"ingredients":"Kakaobohnen (70% Salvador), Rohrzucker, Kaffeebohnen","energie":600,"graisse":41,"graisse_saturee":25,"glucides":53,"sucre":29,"fibre":"0","proteines":9,"sel":0},"_links":{"self":[{"href":"https:\/\/criolloquetzal.ch\/de\/wp-json\/wp\/v2\/product\/7933","targetHints":{"allow":["GET"]}}],"collection":[{"href":"https:\/\/criolloquetzal.ch\/de\/wp-json\/wp\/v2\/product"}],"about":[{"href":"https:\/\/criolloquetzal.ch\/de\/wp-json\/wp\/v2\/types\/product"}],"wp:featuredmedia":[{"embeddable":true,"href":"https:\/\/criolloquetzal.ch\/de\/wp-json\/wp\/v2\/media\/7902"}],"wp:attachment":[{"href":"https:\/\/criolloquetzal.ch\/de\/wp-json\/wp\/v2\/media?parent=7933"}],"wp:term":[{"taxonomy":"product_brand","embeddable":true,"href":"https:\/\/criolloquetzal.ch\/de\/wp-json\/wp\/v2\/product_brand?post=7933"},{"taxonomy":"product_cat","embeddable":true,"href":"https:\/\/criolloquetzal.ch\/de\/wp-json\/wp\/v2\/product_cat?post=7933"},{"taxonomy":"product_tag","embeddable":true,"href":"https:\/\/criolloquetzal.ch\/de\/wp-json\/wp\/v2\/product_tag?post=7933"}],"curies":[{"name":"wp","href":"https:\/\/api.w.org\/{rel}","templated":true}]}}