{"id":8269,"date":"2025-03-23T13:18:14","date_gmt":"2025-03-23T12:18:14","guid":{"rendered":"https:\/\/criolloquetzal.ch\/produit\/auswahl-dunkle-schokolade-mit-fruechten\/"},"modified":"2025-04-05T10:06:51","modified_gmt":"2025-04-05T08:06:51","slug":"auswahl-dunkle-schokolade-mit-fruechten","status":"publish","type":"product","link":"https:\/\/criolloquetzal.ch\/de\/produit\/auswahl-dunkle-schokolade-mit-fruechten\/","title":{"rendered":"Auswahl dunkle Schokolade mit Fr\u00fcchten"},"content":{"rendered":"<p>Lassen Sie sich von dieser Weltreise durch unsere f\u00fcnf besten Schokoladentafeln mit exotischen Fr\u00fcchten begeistern. Ananas aus Kolumbien, Orangen aus Madagaskar, Mango aus Peru, und nicht zu vergessen unser Bestseller: Dunkle Schokolade 65% mit brasilianischer Passionsfrucht!<\/p>\n<p>Unsere Experten haben auch eine seltene Tafel aus Wildkakao aus dem brasilianischen Amazonasgebiet hinzugef\u00fcgt: Dunkle Schokolade mit kristallisierter Cupua\u00e7u-Schale, einer tropischen Wildfrucht, die mit dem Kakao verwandt ist. Sie erg\u00e4nzen sich auf nat\u00fcrliche Weise... als ob sie f\u00fcreinander geschaffen w\u00e4ren. Abwechslung garantiert!<\/p>\n<p>Eine Auswahl von dunkler Schokolade, um sich selbst zu verw\u00f6hnen und die frische und energiespendende Kombination von Kakao und exotischer Fr\u00fcchte zu entdecken, die durch das K\u00f6nnen der besten Chocolatiers veredelt wird.<\/p>\n<p>Diese exklusive Auswahl besteht aus den folgenden 5 Platten:<\/p>\n<ul>\n<li><a href=\"https:\/\/criolloquetzal.ch\/de\/produit\/disidente-dunkle-schokolade-70-ananas-kolumbien\/\" target=\"_blank\" rel=\"noopener\">Disidente<\/a> - Dunkle Schokolade 70% mit getrockneten Ananasst\u00fccken - KOLUMBIEN - 40g<\/li>\n<li><a href=\"https:\/\/criolloquetzal.ch\/de\/produit\/menakao-dunkle-schokolade-63-mit-preiselbeeren-und-orangenschale\/\" target=\"_blank\" rel=\"noopener\">Menakao<\/a> - Dunkle Schokolade 63% mit Preiselbeeren und Orangenschalen - MADAGASCAR - 75g<\/li>\n<li><a href=\"https:\/\/criolloquetzal.ch\/de\/produit\/kuyay-dunkle-schokolade-70-mango-peru\/\" target=\"_blank\" rel=\"noopener\">Kuyay<\/a> - Dunkle Schokolade 70% Mango - PERU - 70g<\/li>\n<li><a href=\"https:\/\/criolloquetzal.ch\/de\/produit\/baiani-dunkle-schokolade-65-passionsfrucht-brasilien\/\" target=\"_blank\" rel=\"noopener\">Baian\u00ed<\/a> - Dunkle Schokolade 65% Passionsfrucht - BRASILIEN - 58g<\/li>\n<li><a href=\"https:\/\/criolloquetzal.ch\/de\/produit\/luisa-abram-dunkle-schokolade-70-mit-cupuacu-brasilien\/\" target=\"_blank\" rel=\"noopener\">Luisa Abram<\/a> - Dunkle Wildschokolade 70% mit Cupua\u00e7u - BRASILIEN - 80g<\/li>\n<\/ul>\n","protected":false},"excerpt":{"rendered":"<p>Lassen Sie sich von dieser Weltreise zu den f\u00fcnf besten Schokoladentafeln mit exotischen Fr\u00fcchten begeistern. Ananas aus Kolumbien, Orangen aus Madagaskar, Mango aus Peru, und nicht zu vergessen unser Bestseller: Dunkle Schokolade 65% mit brasilianischer Passionsfrucht! Unsere Experten haben auch eine seltene Tafel aus Wildkakao aus dem brasilianischen Amazonasgebiet hinzugef\u00fcgt: Dunkle Schokolade mit kristallisierter Cupua\u00e7u-Schale, einer tropischen Wildfrucht, die mit dem Kakao verwandt ist. Sie erg\u00e4nzen sich auf nat\u00fcrliche Weise... als ob sie f\u00fcreinander geschaffen w\u00e4ren. Abwechslung garantiert! Eine Auswahl von dunkler Schokolade, um sich zu verw\u00f6hnen und die frische und energiespendende Kombination von Kakao und exotischer Fr\u00fcchte zu entdecken, die durch das K\u00f6nnen der besten Chocolatiers veredelt wird.<\/p>\n","protected":false},"featured_media":7337,"template":"","meta":{"_acf_changed":false,"inline_featured_image":false},"product_brand":[],"product_cat":[804],"product_tag":[],"class_list":{"0":"post-8269","1":"product","2":"type-product","3":"status-publish","4":"has-post-thumbnail","6":"product_cat-pack-de","8":"first","9":"instock","10":"virtual","11":"taxable","12":"purchasable","13":"product-type-bundle"},"bundled_by":[],"bundle_stock_status":"insufficientstock","bundle_stock_quantity":0,"bundle_virtual":false,"bundle_layout":"grid","bundle_add_to_cart_form_location":"default","bundle_editable_in_cart":false,"bundle_sold_individually_context":"product","bundle_item_grouping":"parent","bundle_min_size":"","bundle_max_size":"","bundle_price":{"price":{"min":{"incl_tax":"45","excl_tax":"43.859649"},"max":{"incl_tax":"45","excl_tax":"43.859649"}},"regular_price":{"min":{"incl_tax":"45","excl_tax":"43.859649"},"max":{"incl_tax":"45","excl_tax":"43.859649"}}},"bundled_items":[{"bundled_item_id":96,"product_id":7112,"menu_order":0,"quantity_min":1,"quantity_max":1,"quantity_default":1,"priced_individually":false,"shipped_individually":false,"override_title":false,"title":"Disidente - Dunkle Schokolade 70% mit getrockneten Ananasst\u00fcckchen - KOLUMBIEN","override_description":false,"description":"Disidente - Dunkle Schokolade 70% mit getrockneten Ananasst\u00fcckchen - KOLUMBIEN","optional":false,"hide_thumbnail":false,"discount":"","override_variations":false,"allowed_variations":[""],"override_default_variation_attributes":false,"default_variation_attributes":[],"single_product_visibility":"visible","cart_visibility":"visible","order_visibility":"visible","single_product_price_visibility":"visible","cart_price_visibility":"visible","order_price_visibility":"visible","stock_status":"out_of_stock"},{"bundled_item_id":97,"product_id":2873,"menu_order":1,"quantity_min":1,"quantity_max":1,"quantity_default":1,"priced_individually":false,"shipped_individually":false,"override_title":false,"title":"Menakao - Dunkle Schokolade 63% mit Preiselbeeren und Orangenschale - MADAGASKAR","override_description":false,"description":"Menakao - Dunkle Schokolade 63% mit Preiselbeeren und Orangenschale - MADAGASKAR","optional":false,"hide_thumbnail":false,"discount":"","override_variations":false,"allowed_variations":[""],"override_default_variation_attributes":false,"default_variation_attributes":[],"single_product_visibility":"visible","cart_visibility":"visible","order_visibility":"visible","single_product_price_visibility":"visible","cart_price_visibility":"visible","order_price_visibility":"visible","stock_status":"in_stock"},{"bundled_item_id":98,"product_id":7883,"menu_order":2,"quantity_min":1,"quantity_max":1,"quantity_default":1,"priced_individually":false,"shipped_individually":false,"override_title":false,"title":"Kuyay - Dunkle Schokolade 70% Mango - PERU","override_description":false,"description":"Kuyay - Dunkle Schokolade 70% Mango - PERU","optional":false,"hide_thumbnail":false,"discount":"","override_variations":false,"allowed_variations":[""],"override_default_variation_attributes":false,"default_variation_attributes":[],"single_product_visibility":"visible","cart_visibility":"visible","order_visibility":"visible","single_product_price_visibility":"visible","cart_price_visibility":"visible","order_price_visibility":"visible","stock_status":"out_of_stock"},{"bundled_item_id":99,"product_id":5966,"menu_order":3,"quantity_min":1,"quantity_max":1,"quantity_default":1,"priced_individually":false,"shipped_individually":false,"override_title":false,"title":"Baian\u00ed - Dunkle Schokolade 65% mit Passionsfrucht - BRASILIEN","override_description":false,"description":"Baian\u00ed - Dunkle Schokolade 65% mit Passionsfrucht - BRASILIEN","optional":false,"hide_thumbnail":false,"discount":"","override_variations":false,"allowed_variations":[""],"override_default_variation_attributes":false,"default_variation_attributes":[],"single_product_visibility":"visible","cart_visibility":"visible","order_visibility":"visible","single_product_price_visibility":"visible","cart_price_visibility":"visible","order_price_visibility":"visible","stock_status":"in_stock"},{"bundled_item_id":100,"product_id":4566,"menu_order":4,"quantity_min":1,"quantity_max":1,"quantity_default":1,"priced_individually":false,"shipped_individually":false,"override_title":false,"title":"Luisa Abram - Dunkle Schokolade 70% mit Cupua\u00e7u - BRASILIEN","override_description":false,"description":"Luisa Abram - Dunkle Schokolade 70% mit Cupua\u00e7u - BRASILIEN","optional":false,"hide_thumbnail":false,"discount":"","override_variations":false,"allowed_variations":[""],"override_default_variation_attributes":false,"default_variation_attributes":[],"single_product_visibility":"visible","cart_visibility":"visible","order_visibility":"visible","single_product_price_visibility":"visible","cart_price_visibility":"visible","order_price_visibility":"visible","stock_status":"in_stock"}],"bundle_sell_ids":[],"acf":{"ingredients":"","energie":0,"graisse":0,"graisse_saturee":0,"glucides":0,"sucre":0,"fibre":"0","proteines":0,"sel":0},"_links":{"self":[{"href":"https:\/\/criolloquetzal.ch\/de\/wp-json\/wp\/v2\/product\/8269","targetHints":{"allow":["GET"]}}],"collection":[{"href":"https:\/\/criolloquetzal.ch\/de\/wp-json\/wp\/v2\/product"}],"about":[{"href":"https:\/\/criolloquetzal.ch\/de\/wp-json\/wp\/v2\/types\/product"}],"wp:featuredmedia":[{"embeddable":true,"href":"https:\/\/criolloquetzal.ch\/de\/wp-json\/wp\/v2\/media\/7337"}],"wp:attachment":[{"href":"https:\/\/criolloquetzal.ch\/de\/wp-json\/wp\/v2\/media?parent=8269"}],"wp:term":[{"taxonomy":"product_brand","embeddable":true,"href":"https:\/\/criolloquetzal.ch\/de\/wp-json\/wp\/v2\/product_brand?post=8269"},{"taxonomy":"product_cat","embeddable":true,"href":"https:\/\/criolloquetzal.ch\/de\/wp-json\/wp\/v2\/product_cat?post=8269"},{"taxonomy":"product_tag","embeddable":true,"href":"https:\/\/criolloquetzal.ch\/de\/wp-json\/wp\/v2\/product_tag?post=8269"}],"curies":[{"name":"wp","href":"https:\/\/api.w.org\/{rel}","templated":true}]}}