{"id":8273,"date":"2025-03-23T13:27:15","date_gmt":"2025-03-23T12:27:15","guid":{"rendered":"https:\/\/criolloquetzal.ch\/produit\/auswahl-dunkle-scharfe-schokolade\/"},"modified":"2025-04-05T10:51:26","modified_gmt":"2025-04-05T08:51:26","slug":"auswahl-scharfe-dunkle-chokolade","status":"publish","type":"product","link":"https:\/\/criolloquetzal.ch\/de\/produit\/auswahl-scharfe-dunkle-chokolade\/","title":{"rendered":"Auswahl scharfe dunkle Schokolade"},"content":{"rendered":"<p>Lassen Sie sich von dieser Weltreise der f\u00fcnf besten Chili-Schokoladentafeln begeistern, aber Achtung, diese Auswahl ist NUR F\u00dcR GE\u00dcBTE GAUMEN! Diese Tafeln werden aus scharfen Chilis hergestellt: wilder roter Thai-Chili, Vogelzungen-Chili aus Madagaskar, Cayenne-Pfeffer aus Costa Rica oder roter Chili aus Nicaragua.<\/p>\n<p>Unsere Experten wollten eine Tafel hinzuf\u00fcgen, die wirklich nicht in alle H\u00e4nde geh\u00f6rt und die Liebhaber der sch\u00e4rfsten thail\u00e4ndischen Sch\u00e4rfe \u00fcberzeugen wird: Dunkle Schokolade mit Tamarinde, die mit Chili und Salz kandiert wurde.<\/p>\n<p>Eine Auswahl von dunkler Schokolade, um sich zu verw\u00f6hnen und die kraftvolle und unvergessliche Verbindung von Kakao und Chili zu entdecken, die durch das K\u00f6nnen der besten Chocolatiers veredelt wird.<\/p>\n<p>Diese exklusive Auswahl besteht aus den folgenden 5 Tafeln:<\/p>\n<ul>\n<li><a href=\"https:\/\/criolloquetzal.ch\/de\/produit\/siamaya-dunkle-schokolade-70-mit-wildem-thai-chili\/\" target=\"_blank\" rel=\"noopener\">Siamaya<\/a> - Dunkle Schokolade 70% mit wildem Thai-Chili - THAILAND - 75g<\/li>\n<li><a href=\"https:\/\/criolloquetzal.ch\/de\/produit\/kad-kokoa-dunkle-schokolade-70-mit-kandierter-und-gesalzener-tamarinde\/\" target=\"_blank\" rel=\"noopener\">kad kokoa<\/a> - Dunkle Schokolade 70% mit kandierter und gesalzener Tamarinde - THAILAND - 47g<\/li>\n<li><a href=\"https:\/\/criolloquetzal.ch\/de\/produit\/momotombo-dunkle-schokolade-70-chili-nicaragua\/\" target=\"_blank\" rel=\"noopener\">Momotombo<\/a> - Dunkle Schokolade 70% mit Chili - NICARAGUA - 80g<\/li>\n<li><a href=\"https:\/\/criolloquetzal.ch\/de\/produit\/nahua-dunkle-schokolade-7-cayenne-costa-rica\/\" target=\"_blank\" rel=\"noopener\">Nahua<\/a> - Dunkle Schokolade 70% mit Cayennepfeffer - COSTA RICA - 50g<\/li>\n<li><a href=\"https:\/\/criolloquetzal.ch\/de\/produit\/menakao-dunkle-schokolade-63-mit-vogelzungen-chili\/\" target=\"_blank\" rel=\"noopener\">Menakao<\/a> - Dunkle Schokolade 63% mit Vogelzungenpaprika - MADAGASCAR - 75g<\/li>\n<\/ul>\n","protected":false},"excerpt":{"rendered":"<p>Lassen Sie sich von dieser Weltreise der f\u00fcnf besten Chili-Schokoladentafeln begeistern, aber Achtung, diese Auswahl ist NUR F\u00dcR GE\u00dcBTE GAUMEN! Diese Tafeln werden aus scharfen Chilis hergestellt: wilder roter Thai-Chili, Vogelzungen-Chili aus Madagaskar, Cayenne-Pfeffer aus Costa Rica oder roter Chili aus Nicaragua. Unsere Experten haben eine Tafel hinzugef\u00fcgt, die wirklich nicht in alle H\u00e4nde geh\u00f6rt und die Liebhaber der sch\u00e4rfsten thail\u00e4ndischen Sch\u00e4rfe \u00fcberzeugen wird: Dunkle Schokolade mit Tamarinde, die mit Chili und Salz kandiert wurde. Eine Auswahl von dunkler Schokolade, um sich zu verw\u00f6hnen und die starke und unvergessliche Verbindung von Kakao und Chili zu entdecken, die durch das K\u00f6nnen der besten Chocolatiers veredelt wird.<\/p>\n","protected":false},"featured_media":7348,"template":"","meta":{"_acf_changed":false,"inline_featured_image":false},"product_brand":[],"product_cat":[804],"product_tag":[],"class_list":{"0":"post-8273","1":"product","2":"type-product","3":"status-publish","4":"has-post-thumbnail","6":"product_cat-pack-de","8":"first","9":"instock","10":"virtual","11":"taxable","12":"purchasable","13":"product-type-bundle"},"bundled_by":[],"bundle_stock_status":"insufficientstock","bundle_stock_quantity":0,"bundle_virtual":false,"bundle_layout":"grid","bundle_add_to_cart_form_location":"default","bundle_editable_in_cart":false,"bundle_sold_individually_context":"product","bundle_item_grouping":"parent","bundle_min_size":"","bundle_max_size":"","bundle_price":{"price":{"min":{"incl_tax":"39","excl_tax":"38.011696"},"max":{"incl_tax":"39","excl_tax":"38.011696"}},"regular_price":{"min":{"incl_tax":"39","excl_tax":"38.011696"},"max":{"incl_tax":"39","excl_tax":"38.011696"}}},"bundled_items":[{"bundled_item_id":111,"product_id":2826,"menu_order":0,"quantity_min":1,"quantity_max":1,"quantity_default":1,"priced_individually":false,"shipped_individually":false,"override_title":false,"title":"Siamaya - Dunkle Schokolade 70% mit wildem Thai-Chili - THAILAND","override_description":false,"description":"Siamaya - Dunkle Schokolade 70% mit wildem Thai-Chili - THAILAND","optional":false,"hide_thumbnail":false,"discount":"","override_variations":false,"allowed_variations":[""],"override_default_variation_attributes":false,"default_variation_attributes":[],"single_product_visibility":"visible","cart_visibility":"visible","order_visibility":"visible","single_product_price_visibility":"visible","cart_price_visibility":"visible","order_price_visibility":"visible","stock_status":"in_stock"},{"bundled_item_id":112,"product_id":2894,"menu_order":1,"quantity_min":1,"quantity_max":1,"quantity_default":1,"priced_individually":false,"shipped_individually":false,"override_title":false,"title":"kad kokoa - Dunkle Schokolade 70% mit kandierter und gesalzener Tamarinde - THAILAND","override_description":false,"description":"kad kokoa - Dunkle Schokolade 70% mit kandierter und gesalzener Tamarinde - THAILAND","optional":false,"hide_thumbnail":false,"discount":"","override_variations":false,"allowed_variations":[""],"override_default_variation_attributes":false,"default_variation_attributes":[],"single_product_visibility":"visible","cart_visibility":"visible","order_visibility":"visible","single_product_price_visibility":"visible","cart_price_visibility":"visible","order_price_visibility":"visible","stock_status":"out_of_stock"},{"bundled_item_id":113,"product_id":6543,"menu_order":2,"quantity_min":1,"quantity_max":1,"quantity_default":1,"priced_individually":false,"shipped_individually":false,"override_title":false,"title":"Momotombo - Dunkle Schokolade 70% mit Chili - NICARAGUA","override_description":false,"description":"Momotombo - Dunkle Schokolade 70% mit Chili - NICARAGUA","optional":false,"hide_thumbnail":false,"discount":"","override_variations":false,"allowed_variations":[""],"override_default_variation_attributes":false,"default_variation_attributes":[],"single_product_visibility":"visible","cart_visibility":"visible","order_visibility":"visible","single_product_price_visibility":"visible","cart_price_visibility":"visible","order_price_visibility":"visible","stock_status":"in_stock"},{"bundled_item_id":114,"product_id":6018,"menu_order":3,"quantity_min":1,"quantity_max":1,"quantity_default":1,"priced_individually":false,"shipped_individually":false,"override_title":false,"title":"Nahua - Dunkle Schokolade 70% mit Cayenne - COSTA RICA","override_description":false,"description":"Nahua - Dunkle Schokolade 70% mit Cayenne - COSTA RICA","optional":false,"hide_thumbnail":false,"discount":"","override_variations":false,"allowed_variations":[""],"override_default_variation_attributes":false,"default_variation_attributes":[],"single_product_visibility":"visible","cart_visibility":"visible","order_visibility":"visible","single_product_price_visibility":"visible","cart_price_visibility":"visible","order_price_visibility":"visible","stock_status":"out_of_stock"},{"bundled_item_id":115,"product_id":2865,"menu_order":4,"quantity_min":1,"quantity_max":1,"quantity_default":1,"priced_individually":false,"shipped_individually":false,"override_title":false,"title":"Menakao - Dunkle Schokolade 63% mit Vogelzungen-Chili - MADAGASKAR","override_description":false,"description":"Menakao - Dunkle Schokolade 63% mit Vogelzungen-Chili - MADAGASKAR","optional":false,"hide_thumbnail":false,"discount":"","override_variations":false,"allowed_variations":[""],"override_default_variation_attributes":false,"default_variation_attributes":[],"single_product_visibility":"visible","cart_visibility":"visible","order_visibility":"visible","single_product_price_visibility":"visible","cart_price_visibility":"visible","order_price_visibility":"visible","stock_status":"in_stock"}],"bundle_sell_ids":[],"acf":{"ingredients":"","energie":0,"graisse":0,"graisse_saturee":0,"glucides":0,"sucre":0,"fibre":"0","proteines":0,"sel":0},"_links":{"self":[{"href":"https:\/\/criolloquetzal.ch\/de\/wp-json\/wp\/v2\/product\/8273","targetHints":{"allow":["GET"]}}],"collection":[{"href":"https:\/\/criolloquetzal.ch\/de\/wp-json\/wp\/v2\/product"}],"about":[{"href":"https:\/\/criolloquetzal.ch\/de\/wp-json\/wp\/v2\/types\/product"}],"wp:featuredmedia":[{"embeddable":true,"href":"https:\/\/criolloquetzal.ch\/de\/wp-json\/wp\/v2\/media\/7348"}],"wp:attachment":[{"href":"https:\/\/criolloquetzal.ch\/de\/wp-json\/wp\/v2\/media?parent=8273"}],"wp:term":[{"taxonomy":"product_brand","embeddable":true,"href":"https:\/\/criolloquetzal.ch\/de\/wp-json\/wp\/v2\/product_brand?post=8273"},{"taxonomy":"product_cat","embeddable":true,"href":"https:\/\/criolloquetzal.ch\/de\/wp-json\/wp\/v2\/product_cat?post=8273"},{"taxonomy":"product_tag","embeddable":true,"href":"https:\/\/criolloquetzal.ch\/de\/wp-json\/wp\/v2\/product_tag?post=8273"}],"curies":[{"name":"wp","href":"https:\/\/api.w.org\/{rel}","templated":true}]}}