{"id":8278,"date":"2025-03-23T13:22:41","date_gmt":"2025-03-23T12:22:41","guid":{"rendered":"https:\/\/criolloquetzal.ch\/produit\/auswahl-dunkle-schokolade-mit-salz\/"},"modified":"2025-04-05T11:11:08","modified_gmt":"2025-04-05T09:11:08","slug":"auswahl-dunkle-schokolade-mit-salz","status":"publish","type":"product","link":"https:\/\/criolloquetzal.ch\/de\/produit\/auswahl-dunkle-schokolade-mit-salz\/","title":{"rendered":"Auswahl dunkle Schokolade mit Salz"},"content":{"rendered":"<p>Lassen Sie sich von dieser Weltreise durch unsere f\u00fcnf besten dunklen Schokoladentafeln mit Salz begeistern: vom zarten karibischen Fleur de Sel aus Nicaragua bis nach Madagaskar, vom gr\u00f6beren Meersalz aus Bali bis zum rosafarbenen Maras-Salz aus Peru, dem Salz der Inkas, das seit Jahrtausenden im Tal von Cuzco geerntet wird.<\/p>\n<p>Unsere Experten haben auch eine wundersch\u00f6ne Tafel hinzugef\u00fcgt, deren Rezept von einer karibischen Spezialit\u00e4t inspiriert ist: d\u00fcnne Maniokfladen. In dieser 70%igen Schokolade finden Sie den feinen, salzigen und knusprigen Geschmack dieses traditionellen lokalen Nahrungsmittels. Geniessen Sie diese mit einem guten Kaffee!<\/p>\n<p>Eine Auswahl dunkler Schokolade, um sich zu verw\u00f6hnen und die s\u00fcchtig machende Verbindung von Kakao und Salz zu entdecken, die durch das K\u00f6nnen der besten Chocolatiers veredelt wird.<\/p>\n<p>Diese exklusive Auswahl besteht aus den folgenden 5 Tafeln:<\/p>\n<ul>\n<li><a href=\"https:\/\/criolloquetzal.ch\/de\/produit\/momotombo-dunkle-schokolade-70-fleur-de-sel-nicaragua\/\" target=\"_blank\" rel=\"noopener\">Momotombo<\/a> - Dunkle Schokolade 70% mit Fleur de Sel - NICARAGUA - 80g<\/li>\n<li><a href=\"https:\/\/criolloquetzal.ch\/de\/produit\/menakao-dunkle-schokolade-63-mit-kakaonibs-und-fleur-de-sel\/\" target=\"_blank\" rel=\"noopener\">Menakao<\/a> - Dunkle Schokolade 63% mit Kakao Nibs und Fleur de Sel - MADAGASCAR - 75g<\/li>\n<li><a href=\"https:\/\/criolloquetzal.ch\/de\/produit\/shattell-dunkle-schokolade-70-chuncho-rosa-maras-salz-peru\/\" target=\"_blank\" rel=\"noopener\">Shattell<\/a> - Dunkle Schokolade 70% Chuncho mit rosa Salz aus Maras - PERU - 60g<\/li>\n<li><a href=\"https:\/\/criolloquetzal.ch\/de\/produit\/junglegold-dunkle-schokolade-64-mit-kakaonibs-und-meersalz\/\" target=\"_blank\" rel=\"noopener\">Junglegold<\/a> - Dunkle Schokolade 64% mit Kakao Nibs und Meersalz - INDONESIEN - 70g<\/li>\n<li><a href=\"https:\/\/criolloquetzal.ch\/de\/produit\/definite-dunkle-schokolade-70-oeko-caribe-maniok-dominikanische-republik\/\" target=\"_blank\" rel=\"noopener\">Definite<\/a> - Dunkle Schokolade 70% \u00d6ko-Caribe mit Maniok - DOMINIKANISCHE REPUBLIK - 60g<\/li>\n<\/ul>\n","protected":false},"excerpt":{"rendered":"<p>Lassen Sie sich von dieser Weltreise durch unsere f\u00fcnf besten Schokoladentafeln mit Salz begeistern: vom zarten karibischen Fleur de Sel aus Nicaragua bis nach Madagaskar, vom gr\u00f6beren Meersalz aus Bali bis zum rosafarbenen Maras-Salz aus Peru, dem Salz der Inkas, das seit Jahrtausenden im Tal von Cuzco geerntet wird. Unsere Experten haben auch eine wundersch\u00f6ne Tafel hinzugef\u00fcgt, deren Rezept von einer karibischen Spezialit\u00e4t inspiriert ist: d\u00fcnne Maniokfladen. In dieser 70%igen Schokolade finden Sie den feinen, salzigen und knusprigen Geschmack dieses traditionellen lokalen Nahrungsmittels. Geniessen Sie diese mit einem guten Kaffee! Eine Auswahl dunkler Schokolade, um sich zu verw\u00f6hnen und die s\u00fcchtig machende Verbindung von Kakao und Salz zu entdecken, die durch das K\u00f6nnen der besten Chocolatiers veredelt wird.<\/p>\n","protected":false},"featured_media":7343,"template":"","meta":{"_acf_changed":false,"inline_featured_image":false},"product_brand":[],"product_cat":[804],"product_tag":[],"class_list":{"0":"post-8278","1":"product","2":"type-product","3":"status-publish","4":"has-post-thumbnail","6":"product_cat-pack-de","8":"first","9":"instock","10":"virtual","11":"taxable","12":"purchasable","13":"product-type-bundle"},"bundled_by":[],"bundle_stock_status":"insufficientstock","bundle_stock_quantity":0,"bundle_virtual":false,"bundle_layout":"grid","bundle_add_to_cart_form_location":"default","bundle_editable_in_cart":false,"bundle_sold_individually_context":"product","bundle_item_grouping":"parent","bundle_min_size":"","bundle_max_size":"","bundle_price":{"price":{"min":{"incl_tax":"44","excl_tax":"42.88499"},"max":{"incl_tax":"44","excl_tax":"42.88499"}},"regular_price":{"min":{"incl_tax":"44","excl_tax":"42.88499"},"max":{"incl_tax":"44","excl_tax":"42.88499"}}},"bundled_items":[{"bundled_item_id":126,"product_id":6540,"menu_order":0,"quantity_min":1,"quantity_max":1,"quantity_default":1,"priced_individually":false,"shipped_individually":false,"override_title":false,"title":"Momotombo - Dunkle Schokolade 70% mit Fleur de Sel - NICARAGUA","override_description":false,"description":"Momotombo - Dunkle Schokolade 70% mit Fleur de Sel - NICARAGUA","optional":false,"hide_thumbnail":false,"discount":"","override_variations":false,"allowed_variations":[""],"override_default_variation_attributes":false,"default_variation_attributes":[],"single_product_visibility":"visible","cart_visibility":"visible","order_visibility":"visible","single_product_price_visibility":"visible","cart_price_visibility":"visible","order_price_visibility":"visible","stock_status":"out_of_stock"},{"bundled_item_id":127,"product_id":2871,"menu_order":1,"quantity_min":1,"quantity_max":1,"quantity_default":1,"priced_individually":false,"shipped_individually":false,"override_title":false,"title":"Menakao - Dunkle Schokolade 63% mit Kakaonibs und Fleur de Sel - MADAGASKAR","override_description":false,"description":"Menakao - Dunkle Schokolade 63% mit Kakaonibs und Fleur de Sel - MADAGASKAR","optional":false,"hide_thumbnail":false,"discount":"","override_variations":false,"allowed_variations":[""],"override_default_variation_attributes":false,"default_variation_attributes":[],"single_product_visibility":"visible","cart_visibility":"visible","order_visibility":"visible","single_product_price_visibility":"visible","cart_price_visibility":"visible","order_price_visibility":"visible","stock_status":"in_stock"},{"bundled_item_id":128,"product_id":7138,"menu_order":2,"quantity_min":1,"quantity_max":1,"quantity_default":1,"priced_individually":false,"shipped_individually":false,"override_title":false,"title":"Shattell - Dunkle Schokolade 70% Chuncho mit rosa Maras-Salz - PERU","override_description":false,"description":"Shattell - Dunkle Schokolade 70% Chuncho mit rosa Maras-Salz - PERU","optional":false,"hide_thumbnail":false,"discount":"","override_variations":false,"allowed_variations":[""],"override_default_variation_attributes":false,"default_variation_attributes":[],"single_product_visibility":"visible","cart_visibility":"visible","order_visibility":"visible","single_product_price_visibility":"visible","cart_price_visibility":"visible","order_price_visibility":"visible","stock_status":"in_stock"},{"bundled_item_id":129,"product_id":2879,"menu_order":3,"quantity_min":1,"quantity_max":1,"quantity_default":1,"priced_individually":false,"shipped_individually":false,"override_title":false,"title":"Junglegold - Dunkle Schokolade 64% mit Kakaonibs und Meersalz - INDONESIEN","override_description":false,"description":"Junglegold - Dunkle Schokolade 64% mit Kakaonibs und Meersalz - INDONESIEN","optional":false,"hide_thumbnail":false,"discount":"","override_variations":false,"allowed_variations":[""],"override_default_variation_attributes":false,"default_variation_attributes":[],"single_product_visibility":"visible","cart_visibility":"visible","order_visibility":"visible","single_product_price_visibility":"visible","cart_price_visibility":"visible","order_price_visibility":"visible","stock_status":"in_stock"},{"bundled_item_id":130,"product_id":5972,"menu_order":4,"quantity_min":1,"quantity_max":1,"quantity_default":1,"priced_individually":false,"shipped_individually":false,"override_title":false,"title":"Definite - Dunkle Schokolade 70% \u00d6ko-Caribe mit Maniok - DOMINIKANISCHE REPUBLIK","override_description":false,"description":"Definite - Dunkle Schokolade 70% \u00d6ko-Caribe mit Maniok - DOMINIKANISCHE REPUBLIK","optional":false,"hide_thumbnail":false,"discount":"","override_variations":false,"allowed_variations":[""],"override_default_variation_attributes":false,"default_variation_attributes":[],"single_product_visibility":"visible","cart_visibility":"visible","order_visibility":"visible","single_product_price_visibility":"visible","cart_price_visibility":"visible","order_price_visibility":"visible","stock_status":"in_stock"}],"bundle_sell_ids":[],"acf":{"ingredients":"","energie":0,"graisse":0,"graisse_saturee":0,"glucides":0,"sucre":0,"fibre":"0","proteines":0,"sel":0},"_links":{"self":[{"href":"https:\/\/criolloquetzal.ch\/de\/wp-json\/wp\/v2\/product\/8278","targetHints":{"allow":["GET"]}}],"collection":[{"href":"https:\/\/criolloquetzal.ch\/de\/wp-json\/wp\/v2\/product"}],"about":[{"href":"https:\/\/criolloquetzal.ch\/de\/wp-json\/wp\/v2\/types\/product"}],"wp:featuredmedia":[{"embeddable":true,"href":"https:\/\/criolloquetzal.ch\/de\/wp-json\/wp\/v2\/media\/7343"}],"wp:attachment":[{"href":"https:\/\/criolloquetzal.ch\/de\/wp-json\/wp\/v2\/media?parent=8278"}],"wp:term":[{"taxonomy":"product_brand","embeddable":true,"href":"https:\/\/criolloquetzal.ch\/de\/wp-json\/wp\/v2\/product_brand?post=8278"},{"taxonomy":"product_cat","embeddable":true,"href":"https:\/\/criolloquetzal.ch\/de\/wp-json\/wp\/v2\/product_cat?post=8278"},{"taxonomy":"product_tag","embeddable":true,"href":"https:\/\/criolloquetzal.ch\/de\/wp-json\/wp\/v2\/product_tag?post=8278"}],"curies":[{"name":"wp","href":"https:\/\/api.w.org\/{rel}","templated":true}]}}