{"id":8282,"date":"2025-03-23T11:45:36","date_gmt":"2025-03-23T10:45:36","guid":{"rendered":"https:\/\/criolloquetzal.ch\/produit\/metiche-dunkle-schokolade-75-mit-rosenblaettern-und-pistazien-mexiko\/"},"modified":"2026-04-13T01:29:33","modified_gmt":"2026-04-12T23:29:33","slug":"metiche-dunkle-schokolade-75-mit-rosenblaettern-und-pistazien-mexiko","status":"publish","type":"product","link":"https:\/\/criolloquetzal.ch\/de\/produit\/metiche-dunkle-schokolade-75-mit-rosenblaettern-und-pistazien-mexiko\/","title":{"rendered":"Metiche - Dunkle Schokolade 75% mit Rosenbl\u00e4ttern und Pistazien - MEXIKO"},"content":{"rendered":"<p>Diese Tafel dunkle Schokolade 75% von Metiche wird von \"Rosa de Castilla\", einer Rose, die in Mexiko reichlich w\u00e4chst, und ger\u00f6steten Pistazien begleitet, um ihr eine knackige Note und eine sch\u00f6ne Farbe zu verleihen.<\/p>\n<p>Der Kakao in dieser Schokoladentafel stammt aus einer Region im mexikanischen Bundesstaat Chiapas, die \"El Soconusco\" genannt wird, und hat von Natur aus Noten von roten und violetten Fr\u00fcchten: Pflaumen, Erdbeeren, Kirschen, einige Noten von Holz und etwas Zitrus.<\/p>\n","protected":false},"excerpt":{"rendered":"<p>Diese Tafel dunkle Schokolade 75% von Metiche wird mit \"Rosa de Castilla\", einer Rose, die in Mexiko reichlich w\u00e4chst, und ger\u00f6steten Pistazien begleitet, um ihr einen knusprigen Touch und eine sch\u00f6ne Farbe zu verleihen. Der Kakao in dieser Schokoladentafel stammt aus einer Region im mexikanischen Bundesstaat Chiapas, die \"El Soconusco\" genannt wird, und hat von Natur aus Noten von roten und violetten Fr\u00fcchten: Pflaumen, Erdbeeren, Kirschen, einige Holznoten und ein wenig Zitrus.<\/p>\n","protected":false},"featured_media":8102,"template":"","meta":{"_acf_changed":false,"inline_featured_image":false},"product_brand":[],"product_cat":[808,97],"product_tag":[],"class_list":{"0":"post-8282","1":"product","2":"type-product","3":"status-publish","4":"has-post-thumbnail","6":"product_cat-mexiko","7":"product_cat-zentralamerika","9":"first","10":"instock","11":"taxable","12":"shipping-taxable","13":"purchasable","14":"product-type-simple"},"bundled_by":[],"bundle_stock_status":"instock","bundle_stock_quantity":6,"bundle_virtual":false,"bundle_layout":"","bundle_add_to_cart_form_location":"","bundle_editable_in_cart":false,"bundle_sold_individually_context":"","bundle_item_grouping":"","bundle_min_size":"","bundle_max_size":"","bundle_price":[],"bundled_items":[],"bundle_sell_ids":[],"acf":{"ingredients":"Kakaobohnen (70% Mexiko), Rohrzucker, Kakaobutter, Rosenbl\u00fctenbl\u00e4tter, Pistazien","energie":549,"graisse":38,"graisse_saturee":24,"glucides":43,"sucre":27,"fibre":"6","proteines":9,"sel":0},"_links":{"self":[{"href":"https:\/\/criolloquetzal.ch\/de\/wp-json\/wp\/v2\/product\/8282","targetHints":{"allow":["GET"]}}],"collection":[{"href":"https:\/\/criolloquetzal.ch\/de\/wp-json\/wp\/v2\/product"}],"about":[{"href":"https:\/\/criolloquetzal.ch\/de\/wp-json\/wp\/v2\/types\/product"}],"wp:featuredmedia":[{"embeddable":true,"href":"https:\/\/criolloquetzal.ch\/de\/wp-json\/wp\/v2\/media\/8102"}],"wp:attachment":[{"href":"https:\/\/criolloquetzal.ch\/de\/wp-json\/wp\/v2\/media?parent=8282"}],"wp:term":[{"taxonomy":"product_brand","embeddable":true,"href":"https:\/\/criolloquetzal.ch\/de\/wp-json\/wp\/v2\/product_brand?post=8282"},{"taxonomy":"product_cat","embeddable":true,"href":"https:\/\/criolloquetzal.ch\/de\/wp-json\/wp\/v2\/product_cat?post=8282"},{"taxonomy":"product_tag","embeddable":true,"href":"https:\/\/criolloquetzal.ch\/de\/wp-json\/wp\/v2\/product_tag?post=8282"}],"curies":[{"name":"wp","href":"https:\/\/api.w.org\/{rel}","templated":true}]}}