{"id":8296,"date":"2025-03-23T08:35:21","date_gmt":"2025-03-23T07:35:21","guid":{"rendered":"https:\/\/criolloquetzal.ch\/produit\/xocolatisimo-dunkle-schokolade-85-mit-kakao-nibs-salvador\/"},"modified":"2026-04-27T13:56:01","modified_gmt":"2026-04-27T11:56:01","slug":"xocolatisimo-dunkle-schokolade-85-kakao-nibs-el-salvador","status":"publish","type":"product","link":"https:\/\/criolloquetzal.ch\/de\/produit\/xocolatisimo-dunkle-schokolade-85-kakao-nibs-el-salvador\/","title":{"rendered":"Xocolatisimo - Dunkle Schokolade 85% mit Kakao-Nibs - EL SALVADOR"},"content":{"rendered":"<p>Lassen Sie sich von dieser dunkle Schokolade 85% mit Nibs (Kakaobohnenschrot) von Xocolat\u00edsimo ganz und gar mitreissen.<\/p>\n<p>Diese reichhaltige dunkle Schokolade bietet einen tiefen und intensiven Kakaogeschmack, der perfekt durch die knackige Textur der Kakao-Nibs ausgeglichen wird. Bei jedem Bissen werden Sie eine Mischung aus k\u00fchnen, erdigen Noten und einer leichten, nat\u00fcrlichen S\u00fcsse entdecken, was sie zu einem Genuss f\u00fcr alle Liebhaber von dunkler Schokolade macht.<\/p>\n","protected":false},"excerpt":{"rendered":"<p>ssLassen Sie sich von Xocolat\u00edsimo's dunkler Schokolade 85% mit Nibs (Kakaobohnenschrot) ganz und gar mitrei\u00dfen. Diese reichhaltige dunkle Schokolade bietet einen tiefen und intensiven Kakaogeschmack, der perfekt durch die knusprige Textur der Kakaonibs ausgeglichen wird. Bei jedem Bissen werden Sie eine Mischung aus k\u00fchnen, erdigen Noten und einer leichten, nat\u00fcrlichen S\u00fcsse entdecken, was diesen Kakao zu einem Genuss f\u00fcr alle Liebhaber von dunkler Schokolade macht.<\/p>\n","protected":false},"featured_media":8019,"template":"","meta":{"_acf_changed":false,"inline_featured_image":false},"product_brand":[],"product_cat":[864,97],"product_tag":[],"class_list":{"0":"post-8296","1":"product","2":"type-product","3":"status-publish","4":"has-post-thumbnail","6":"product_cat-el-salvador","7":"product_cat-zentralamerika","9":"first","10":"instock","11":"taxable","12":"shipping-taxable","13":"purchasable","14":"product-type-simple"},"bundled_by":[],"bundle_stock_status":"instock","bundle_stock_quantity":45,"bundle_virtual":false,"bundle_layout":"","bundle_add_to_cart_form_location":"","bundle_editable_in_cart":false,"bundle_sold_individually_context":"","bundle_item_grouping":"","bundle_min_size":"","bundle_max_size":"","bundle_price":[],"bundled_items":[],"bundle_sell_ids":[],"acf":{"ingredients":"Kakaobohnen (80% Salvador), Rohrzucker, Kakaobutter, Kakaonibs","energie":636,"graisse":50,"graisse_saturee":23,"glucides":39,"sucre":14,"fibre":"0","proteines":7,"sel":0},"_links":{"self":[{"href":"https:\/\/criolloquetzal.ch\/de\/wp-json\/wp\/v2\/product\/8296","targetHints":{"allow":["GET"]}}],"collection":[{"href":"https:\/\/criolloquetzal.ch\/de\/wp-json\/wp\/v2\/product"}],"about":[{"href":"https:\/\/criolloquetzal.ch\/de\/wp-json\/wp\/v2\/types\/product"}],"wp:featuredmedia":[{"embeddable":true,"href":"https:\/\/criolloquetzal.ch\/de\/wp-json\/wp\/v2\/media\/8019"}],"wp:attachment":[{"href":"https:\/\/criolloquetzal.ch\/de\/wp-json\/wp\/v2\/media?parent=8296"}],"wp:term":[{"taxonomy":"product_brand","embeddable":true,"href":"https:\/\/criolloquetzal.ch\/de\/wp-json\/wp\/v2\/product_brand?post=8296"},{"taxonomy":"product_cat","embeddable":true,"href":"https:\/\/criolloquetzal.ch\/de\/wp-json\/wp\/v2\/product_cat?post=8296"},{"taxonomy":"product_tag","embeddable":true,"href":"https:\/\/criolloquetzal.ch\/de\/wp-json\/wp\/v2\/product_tag?post=8296"}],"curies":[{"name":"wp","href":"https:\/\/api.w.org\/{rel}","templated":true}]}}