{"id":8454,"date":"2025-03-23T12:33:52","date_gmt":"2025-03-23T11:33:52","guid":{"rendered":"https:\/\/criolloquetzal.ch\/produit\/tibito-dunkle-schokolade-70-mit-physalis-und-rosmarin-kolumbien\/"},"modified":"2026-04-16T12:35:19","modified_gmt":"2026-04-16T10:35:19","slug":"tibito-dunkle-schokolade-70-physalis-rosmarin-kolumbien","status":"publish","type":"product","link":"https:\/\/criolloquetzal.ch\/de\/produit\/tibito-dunkle-schokolade-70-physalis-rosmarin-kolumbien\/","title":{"rendered":"Tibit\u00f3 - Dunkle Schokolade 70% mit Physalis und Rosmarin - KOLUMBIEN"},"content":{"rendered":"<p>Diese Dunkle Schokolade 70% von Tibit\u00f3 wird mit frischem Rosmarin infundiert und mit St\u00fccken von Anden-Physalis (auch Peruanische Blasenkirsche genannt) gemischt.<\/p>\n<p>Sie weist ein zitroniges und kr\u00e4uteriges Aroma-Profil auf.<\/p>\n","protected":false},"excerpt":{"rendered":"<p>Diese Dunkle Schokolade 70% von Tibit\u00f3 wird mit frischem Rosmarin infundiert und mit St\u00fccken von Anden-Physalis (auch Peruanische Blasenkirsche genannt) gemischt. Sie weist ein hat ein zitroniges und kr\u00e4uteriges Aroma-Profil auf.<\/p>\n","protected":false},"featured_media":8154,"template":"","meta":{"_acf_changed":false,"inline_featured_image":false},"product_brand":[],"product_cat":[786,125],"product_tag":[],"class_list":{"0":"post-8454","1":"product","2":"type-product","3":"status-publish","4":"has-post-thumbnail","6":"product_cat-kolumbien","7":"product_cat-suedamerika","9":"first","10":"instock","11":"taxable","12":"shipping-taxable","13":"purchasable","14":"product-type-simple"},"bundled_by":[],"bundle_stock_status":"instock","bundle_stock_quantity":33,"bundle_virtual":false,"bundle_layout":"","bundle_add_to_cart_form_location":"","bundle_editable_in_cart":false,"bundle_sold_individually_context":"","bundle_item_grouping":"","bundle_min_size":"","bundle_max_size":"","bundle_price":[],"bundled_items":[],"bundle_sell_ids":[],"acf":{"ingredients":"Kakaomasse (70% Kolumbien), Zucker, Physalis, Rosmarin, Sonnenblumenlecithin","energie":598,"graisse":44,"graisse_saturee":28,"glucides":46,"sucre":35,"fibre":"5","proteines":7,"sel":0},"_links":{"self":[{"href":"https:\/\/criolloquetzal.ch\/de\/wp-json\/wp\/v2\/product\/8454","targetHints":{"allow":["GET"]}}],"collection":[{"href":"https:\/\/criolloquetzal.ch\/de\/wp-json\/wp\/v2\/product"}],"about":[{"href":"https:\/\/criolloquetzal.ch\/de\/wp-json\/wp\/v2\/types\/product"}],"wp:featuredmedia":[{"embeddable":true,"href":"https:\/\/criolloquetzal.ch\/de\/wp-json\/wp\/v2\/media\/8154"}],"wp:attachment":[{"href":"https:\/\/criolloquetzal.ch\/de\/wp-json\/wp\/v2\/media?parent=8454"}],"wp:term":[{"taxonomy":"product_brand","embeddable":true,"href":"https:\/\/criolloquetzal.ch\/de\/wp-json\/wp\/v2\/product_brand?post=8454"},{"taxonomy":"product_cat","embeddable":true,"href":"https:\/\/criolloquetzal.ch\/de\/wp-json\/wp\/v2\/product_cat?post=8454"},{"taxonomy":"product_tag","embeddable":true,"href":"https:\/\/criolloquetzal.ch\/de\/wp-json\/wp\/v2\/product_tag?post=8454"}],"curies":[{"name":"wp","href":"https:\/\/api.w.org\/{rel}","templated":true}]}}