{"id":8457,"date":"2025-03-23T12:29:01","date_gmt":"2025-03-23T11:29:01","guid":{"rendered":"https:\/\/criolloquetzal.ch\/produit\/tibito-dunkle-schokolade-65-mit-rangpur-limette-kolumbien\/"},"modified":"2026-04-16T12:35:19","modified_gmt":"2026-04-16T10:35:19","slug":"tibito-dunkle-schokolade-65-rangpur-limette-kolumbien","status":"publish","type":"product","link":"https:\/\/criolloquetzal.ch\/de\/produit\/tibito-dunkle-schokolade-65-rangpur-limette-kolumbien\/","title":{"rendered":"Tibit\u00f3 - Dunkle Schokolade 65% mit Rangpur-Limette - KOLUMBIEN"},"content":{"rendered":"<p>Als eine der neuesten Kreationen von Tibit\u00f3 bietet diese Dunkle Schokolade 65% mit Rangpur-Limette aus Viot\u00e1 (Cundinamarca) eine sch\u00f6ne Balance aus Texturen und s\u00e4uerlich-frischen Aromen.<\/p>\n<p>Der Kakao wird bei kontrollierter Temperatur mit den Schalen dieser Mandarine infundiert und dann mit Kakaobutter und Rohrzucker vermischt. Schliesslich werden St\u00fccke der Mandarinenschale der Schokolade beigef\u00fcgt, um ihr etwas Knusprigkeit zu verleihen.<\/p>\n","protected":false},"excerpt":{"rendered":"<p>Als eine der neuesten Kreationen von Tibit\u00f3 bietet diese Dunkle Schokolade 65% mit Rangpur-Limette aus Viot\u00e1 (Cundinamarca) eine sch\u00f6ne Balance aus Texturen und s\u00e4uerlich-frischen Aromen. Der Kakao wird bei kontrollierter Temperatur mit den Schalen dieser Mandarine infundiert und dann mit Kakaobutter und Rohrzucker vermischt. Schliesslich werden St\u00fccke der Mandarinenschale der Schokolade beigef\u00fcgt, um ihr etwas Knusprigkeit zu verleihen.<\/p>\n","protected":false},"featured_media":8138,"template":"","meta":{"_acf_changed":false,"inline_featured_image":false},"product_brand":[],"product_cat":[786,125],"product_tag":[],"class_list":{"0":"post-8457","1":"product","2":"type-product","3":"status-publish","4":"has-post-thumbnail","6":"product_cat-kolumbien","7":"product_cat-suedamerika","9":"first","10":"outofstock","11":"taxable","12":"shipping-taxable","13":"purchasable","14":"product-type-simple"},"bundled_by":[],"bundle_stock_status":"outofstock","bundle_stock_quantity":0,"bundle_virtual":false,"bundle_layout":"","bundle_add_to_cart_form_location":"","bundle_editable_in_cart":false,"bundle_sold_individually_context":"","bundle_item_grouping":"","bundle_min_size":"","bundle_max_size":"","bundle_price":[],"bundled_items":[],"bundle_sell_ids":[],"acf":{"ingredients":"Kakaomasse (65%% Kolumbien), Zucker, Rangpur-Limettenschale<span class=\"redactor-invisible-space\" data-verified=\"redactor\" data-redactor-tag=\"span\" data-redactor-class=\"redactor-invisible-space\">, Sonnenblumenlecithin<\/span>","energie":565,"graisse":42,"graisse_saturee":27,"glucides":45,"sucre":26,"fibre":"8","proteines":6,"sel":0},"_links":{"self":[{"href":"https:\/\/criolloquetzal.ch\/de\/wp-json\/wp\/v2\/product\/8457","targetHints":{"allow":["GET"]}}],"collection":[{"href":"https:\/\/criolloquetzal.ch\/de\/wp-json\/wp\/v2\/product"}],"about":[{"href":"https:\/\/criolloquetzal.ch\/de\/wp-json\/wp\/v2\/types\/product"}],"wp:featuredmedia":[{"embeddable":true,"href":"https:\/\/criolloquetzal.ch\/de\/wp-json\/wp\/v2\/media\/8138"}],"wp:attachment":[{"href":"https:\/\/criolloquetzal.ch\/de\/wp-json\/wp\/v2\/media?parent=8457"}],"wp:term":[{"taxonomy":"product_brand","embeddable":true,"href":"https:\/\/criolloquetzal.ch\/de\/wp-json\/wp\/v2\/product_brand?post=8457"},{"taxonomy":"product_cat","embeddable":true,"href":"https:\/\/criolloquetzal.ch\/de\/wp-json\/wp\/v2\/product_cat?post=8457"},{"taxonomy":"product_tag","embeddable":true,"href":"https:\/\/criolloquetzal.ch\/de\/wp-json\/wp\/v2\/product_tag?post=8457"}],"curies":[{"name":"wp","href":"https:\/\/api.w.org\/{rel}","templated":true}]}}