{"id":8460,"date":"2025-03-23T12:46:23","date_gmt":"2025-03-23T11:46:23","guid":{"rendered":"https:\/\/criolloquetzal.ch\/produit\/tibito-dunkle-schokolade-65-mit-orange-kolumbien\/"},"modified":"2026-04-15T20:47:50","modified_gmt":"2026-04-15T18:47:50","slug":"tibito-dunkle-schokolade-65-orange-kolumbien","status":"publish","type":"product","link":"https:\/\/criolloquetzal.ch\/de\/produit\/tibito-dunkle-schokolade-65-orange-kolumbien\/","title":{"rendered":"Tibit\u00f3 - Dunkle Schokolade 65% mit Orange - KOLUMBIEN"},"content":{"rendered":"<p>Eine 65% Dunkle Schokolade von Tibit\u00f3 mit frischer Orangenschale aromatisiert und mit feinen St\u00fcckchen getrockneter und kandierter Orange garniert.<\/p>\n<p>Diese beiden Zutaten verleihen der Tafel einen Zitrusgeschmack und eine knusprige Textur, umh\u00fcllt von einer sehr schmelzenden Schokolade.<\/p>\n","protected":false},"excerpt":{"rendered":"<p>Eine 65% Dunkle Schokolade von Tibit\u00f3 mit frischer Orangenschale aromatisiert und mit feinen St\u00fcckchen getrockneter und kandierter Orange garniert. Diese beiden Zutaten verleihen der Tafel einen Zitrusgeschmack und eine knusprige Textur, umh\u00fcllt von einer sehr schmelzenden Schokolade.<\/p>\n","protected":false},"featured_media":8146,"template":"","meta":{"_acf_changed":false,"inline_featured_image":false},"product_brand":[],"product_cat":[786,125],"product_tag":[],"class_list":{"0":"post-8460","1":"product","2":"type-product","3":"status-publish","4":"has-post-thumbnail","6":"product_cat-kolumbien","7":"product_cat-suedamerika","9":"first","10":"outofstock","11":"taxable","12":"shipping-taxable","13":"purchasable","14":"product-type-simple"},"bundled_by":[],"bundle_stock_status":"outofstock","bundle_stock_quantity":0,"bundle_virtual":false,"bundle_layout":"","bundle_add_to_cart_form_location":"","bundle_editable_in_cart":false,"bundle_sold_individually_context":"","bundle_item_grouping":"","bundle_min_size":"","bundle_max_size":"","bundle_price":[],"bundled_items":[],"bundle_sell_ids":[],"acf":{"ingredients":"Kakaomasse (65% Kolumbien), Zucker, Orangenschale, Sonnenblumenlecithin","energie":565,"graisse":42,"graisse_saturee":27,"glucides":45,"sucre":26,"fibre":"8","proteines":6,"sel":0},"_links":{"self":[{"href":"https:\/\/criolloquetzal.ch\/de\/wp-json\/wp\/v2\/product\/8460","targetHints":{"allow":["GET"]}}],"collection":[{"href":"https:\/\/criolloquetzal.ch\/de\/wp-json\/wp\/v2\/product"}],"about":[{"href":"https:\/\/criolloquetzal.ch\/de\/wp-json\/wp\/v2\/types\/product"}],"wp:featuredmedia":[{"embeddable":true,"href":"https:\/\/criolloquetzal.ch\/de\/wp-json\/wp\/v2\/media\/8146"}],"wp:attachment":[{"href":"https:\/\/criolloquetzal.ch\/de\/wp-json\/wp\/v2\/media?parent=8460"}],"wp:term":[{"taxonomy":"product_brand","embeddable":true,"href":"https:\/\/criolloquetzal.ch\/de\/wp-json\/wp\/v2\/product_brand?post=8460"},{"taxonomy":"product_cat","embeddable":true,"href":"https:\/\/criolloquetzal.ch\/de\/wp-json\/wp\/v2\/product_cat?post=8460"},{"taxonomy":"product_tag","embeddable":true,"href":"https:\/\/criolloquetzal.ch\/de\/wp-json\/wp\/v2\/product_tag?post=8460"}],"curies":[{"name":"wp","href":"https:\/\/api.w.org\/{rel}","templated":true}]}}