{"id":8469,"date":"2025-03-23T17:04:09","date_gmt":"2025-03-23T16:04:09","guid":{"rendered":"https:\/\/criolloquetzal.ch\/produit\/kuna-dunkle-schokolade-71-mit-physalis-und-salz-ecuador\/"},"modified":"2026-04-23T10:49:53","modified_gmt":"2026-04-23T08:49:53","slug":"kuna-dunkle-schokolade-71-physalis-salz-ecuador","status":"publish","type":"product","link":"https:\/\/criolloquetzal.ch\/de\/produit\/kuna-dunkle-schokolade-71-physalis-salz-ecuador\/","title":{"rendered":"Kun\u00e1 - Dunkle Schokolade 71% mit Physalis und Salz - ECUADOR"},"content":{"rendered":"<p>In dieser 71%igen dunklen Bio-Schokolade von Kun\u00e1 wird die in den Anden angebaute, s\u00fcsse und leicht s\u00e4uerliche Physalis mit einem Hauch Salz kombiniert. Ein Rezept, das den offenen und spontanen Geist der lateinamerikanischen K\u00fcche widerspiegelt.<\/p>\n<p>Hergestellt in einer handwerklichen Manufaktur, die zu 100% allergenfrei garantiert ist (Milch, Gluten, Schalenfr\u00fcchte, Soja, Eier, Erdn\u00fcsse, Sesam, Kokosnuss), ist dies eine der wenigen Schokoladen auf dem Markt, die von Allergikern bedenkenlos genossen werden kann.<\/p>\n<p>Verpackt in einem Karton aus pflanzlichen Abf\u00e4llen und einer kompostierbaren Folie hat sie zudem minimale Auswirkungen auf die Umwelt.<\/p>\n","protected":false},"excerpt":{"rendered":"<p>In dieser 71%igen dunklen Bio-Schokolade von Kun\u00e1 wird die in den Anden angebaute, s\u00fcsse und leicht s\u00e4uerliche Physalis mit einem Hauch Salz kombiniert. Ein Rezept, das den offenen und spontanen Geist der lateinamerikanischen K\u00fcche widerspiegelt.<\/p>\n","protected":false},"featured_media":8194,"template":"","meta":{"_acf_changed":false,"inline_featured_image":false},"product_brand":[],"product_cat":[130,125],"product_tag":[],"class_list":{"0":"post-8469","1":"product","2":"type-product","3":"status-publish","4":"has-post-thumbnail","6":"product_cat-ecuador","7":"product_cat-suedamerika","9":"first","10":"instock","11":"taxable","12":"shipping-taxable","13":"purchasable","14":"product-type-simple"},"bundled_by":[],"bundle_stock_status":"instock","bundle_stock_quantity":9,"bundle_virtual":false,"bundle_layout":"","bundle_add_to_cart_form_location":"","bundle_editable_in_cart":false,"bundle_sold_individually_context":"","bundle_item_grouping":"","bundle_min_size":"","bundle_max_size":"","bundle_price":[],"bundled_items":[],"bundle_sell_ids":[],"acf":{"ingredients":"Kakaomasse (68% Ecuador), Rohrzucker, Kakaobutter, Physalis, Meersalz","energie":601,"graisse":44,"graisse_saturee":28,"glucides":43,"sucre":33,"fibre":"0","proteines":7,"sel":0.1},"_links":{"self":[{"href":"https:\/\/criolloquetzal.ch\/de\/wp-json\/wp\/v2\/product\/8469","targetHints":{"allow":["GET"]}}],"collection":[{"href":"https:\/\/criolloquetzal.ch\/de\/wp-json\/wp\/v2\/product"}],"about":[{"href":"https:\/\/criolloquetzal.ch\/de\/wp-json\/wp\/v2\/types\/product"}],"wp:featuredmedia":[{"embeddable":true,"href":"https:\/\/criolloquetzal.ch\/de\/wp-json\/wp\/v2\/media\/8194"}],"wp:attachment":[{"href":"https:\/\/criolloquetzal.ch\/de\/wp-json\/wp\/v2\/media?parent=8469"}],"wp:term":[{"taxonomy":"product_brand","embeddable":true,"href":"https:\/\/criolloquetzal.ch\/de\/wp-json\/wp\/v2\/product_brand?post=8469"},{"taxonomy":"product_cat","embeddable":true,"href":"https:\/\/criolloquetzal.ch\/de\/wp-json\/wp\/v2\/product_cat?post=8469"},{"taxonomy":"product_tag","embeddable":true,"href":"https:\/\/criolloquetzal.ch\/de\/wp-json\/wp\/v2\/product_tag?post=8469"}],"curies":[{"name":"wp","href":"https:\/\/api.w.org\/{rel}","templated":true}]}}