{"id":8993,"date":"2025-08-02T17:17:18","date_gmt":"2025-08-02T15:17:18","guid":{"rendered":"https:\/\/criolloquetzal.ch\/produit\/paradai-dunkle-schokolade-70-nakhon-si-thammarat-aus-roten-kakaoschoten-thailand\/"},"modified":"2026-04-23T02:02:05","modified_gmt":"2026-04-23T00:02:05","slug":"paradai-dunkle-schokolade-70-nakhon-si-thammarat-roten-kakaoschoten-thailand","status":"publish","type":"product","link":"https:\/\/criolloquetzal.ch\/de\/produit\/paradai-dunkle-schokolade-70-nakhon-si-thammarat-roten-kakaoschoten-thailand\/","title":{"rendered":"Paradai - Dunkle Schokolade Nakhon Si Thammarat 70% aus roten Kakaoschoten - THAILAND"},"content":{"rendered":"<p>Der Kakao dieser Dunklen Schokolade Red Pod Single-Origin von Paradai, die Kakao aus der Region Nakhon Si Thammarat enth\u00e4lt, stammt ausschliesslich von roten Kakaobohnen, die nur etwa 10% der Ernte ausmachen. Diese Kakaobohnen verhalten sich anders: Sie fermentieren schneller und bei einer h\u00f6heren Fermentationstemperatur. Das Ergebnis ist eine Schokolade mit einzigartigen Aromen und einem besonders interessanten Geschmacksprofil von Zitrusfr\u00fcchten, Sauerkirsche, Litschi, Guanabana, Rum und Honig.<\/p>\n<p>Diese besondere Paradai-Schokolade wurde bei den International Chocolate Awards World Final 2023 mit einer Goldmedaille ausgezeichnet, sowie mit einer Goldmedaille in der Gesamtwertung der International Awards Asia Pacific 2024.<\/p>\n<p>Die Provinz Nakhon Si Thammarat liegt im S\u00fcden des Landes, an der Ostk\u00fcste der malaiischen Halbinsel, die zum Golf von Thailand f\u00fchrt. Die kontrastreichen roten Illustrationen der Ramakien-Figuren und der Kakaopflanzen auf dunklem Hintergrund erinnern an die vorselektierten roten Fr\u00fcchte, die die Grundlage dieser Schokolade bilden.<\/p>\n","protected":false},"excerpt":{"rendered":"<p>Der Kakao dieser Dunklen Schokolade Red Pod Single Origin von Paradai, die Kakao aus der Region Nakhon Si Thammarat enth\u00e4lt, stammt ausschlie\u00dflich von roten Kakaobohnen, die nur etwa 10% der Ernte ausmachen. Diese Kakaobohnen verhalten sich anders: Sie fermentieren schneller und bei einer h\u00f6heren Fermentationstemperatur. Das Ergebnis ist eine Schokolade mit einzigartigen Aromen und einem besonders interessanten Geschmacksprofil von Zitrusfr\u00fcchten, Sauerkirsche, Litschi, Guanabana, Rum und Honig.<\/p>\n<p>Diese besondere Paradai-Schokolade wurde bei den International Chocolate Awards World Final 2023 mit einer Goldmedaille ausgezeichnet, sowie mit einer Goldmedaille in der Gesamtwertung der International Awards Asia Pacific 2024.<\/p>\n","protected":false},"featured_media":8937,"template":"","meta":{"_acf_changed":false,"inline_featured_image":false},"product_brand":[],"product_cat":[395,131],"product_tag":[],"class_list":{"0":"post-8993","1":"product","2":"type-product","3":"status-publish","4":"has-post-thumbnail","6":"product_cat-thailand-de","7":"product_cat-asien-pazifik","9":"first","10":"instock","11":"taxable","12":"shipping-taxable","13":"purchasable","14":"product-type-simple"},"bundled_by":[],"bundle_stock_status":"instock","bundle_stock_quantity":10,"bundle_virtual":false,"bundle_layout":"","bundle_add_to_cart_form_location":"","bundle_editable_in_cart":false,"bundle_sold_individually_context":"","bundle_item_grouping":"","bundle_min_size":"","bundle_max_size":"","bundle_price":[],"bundled_items":[],"bundle_sell_ids":[],"acf":{"ingredients":"Kakaobohnen aus roten Kakaoschoten (70% Thailand), Rohrzucker","energie":640,"graisse":51,"graisse_saturee":31,"glucides":41,"sucre":30,"fibre":"8","proteines":6,"sel":0},"_links":{"self":[{"href":"https:\/\/criolloquetzal.ch\/de\/wp-json\/wp\/v2\/product\/8993","targetHints":{"allow":["GET"]}}],"collection":[{"href":"https:\/\/criolloquetzal.ch\/de\/wp-json\/wp\/v2\/product"}],"about":[{"href":"https:\/\/criolloquetzal.ch\/de\/wp-json\/wp\/v2\/types\/product"}],"wp:featuredmedia":[{"embeddable":true,"href":"https:\/\/criolloquetzal.ch\/de\/wp-json\/wp\/v2\/media\/8937"}],"wp:attachment":[{"href":"https:\/\/criolloquetzal.ch\/de\/wp-json\/wp\/v2\/media?parent=8993"}],"wp:term":[{"taxonomy":"product_brand","embeddable":true,"href":"https:\/\/criolloquetzal.ch\/de\/wp-json\/wp\/v2\/product_brand?post=8993"},{"taxonomy":"product_cat","embeddable":true,"href":"https:\/\/criolloquetzal.ch\/de\/wp-json\/wp\/v2\/product_cat?post=8993"},{"taxonomy":"product_tag","embeddable":true,"href":"https:\/\/criolloquetzal.ch\/de\/wp-json\/wp\/v2\/product_tag?post=8993"}],"curies":[{"name":"wp","href":"https:\/\/api.w.org\/{rel}","templated":true}]}}