{"id":8998,"date":"2025-08-02T17:37:12","date_gmt":"2025-08-02T15:37:12","guid":{"rendered":"https:\/\/criolloquetzal.ch\/produit\/paradai-dunkle-schokolade-70-nakhon-si-thammarat-mit-kokosbluetenzucker-thailand\/"},"modified":"2026-04-09T08:39:57","modified_gmt":"2026-04-09T06:39:57","slug":"paradai-dunkle-schokolade-70-nakhon-si-thammarat-kokosbluetenzucker-thailand","status":"publish","type":"product","link":"https:\/\/criolloquetzal.ch\/de\/produit\/paradai-dunkle-schokolade-70-nakhon-si-thammarat-kokosbluetenzucker-thailand\/","title":{"rendered":"Paradai \u2013 Dunkle Schokolade 70% Nakhon Si Thammarat mit Kokosbl\u00fctenzucker \u2013 THAILAND"},"content":{"rendered":"<p>Diese Dunkle Single-Origin Schokolade\u00a0 von Paradai mit Kakao aus Nakhon Si Thammarat ist mit Kokosbl\u00fctenzucker ges\u00fcsst. Paradai verwendet reinen Kokosnusszucker aus der Provinz Samut Songkram in der Zentralregion Thailands. Diese Region ist bekannt f\u00fcr das aromatischste Kokosnuss-Terroir des Landes mit einem einzigartigen Geschmack junger Kokosn\u00fcsse. Dar\u00fcber hinaus besitzt diese fruchtige Schokolade Aromen von Zitrusfr\u00fcchten, Mango, Banane, Cranberry und Litschi.<\/p>\n<p>Diese ganz besondere Paradai-Tafel mit Kokosbl\u00fctenzucker wurde zu Recht beim Weltfinale 2022 der International Chocolate Awards mit einer Goldmedaille ausgezeichnet.<\/p>\n<p>Der Kakao stammt aus der Provinz Nakhon Si Thammarat an der S\u00fcdostk\u00fcste des Landes. Der hellgr\u00fcne Hintergrund erinnert an die typische Flora und Fauna der Ursprungsregion Nakhon Si Thammarat mit ihren Farnw\u00e4ldern und alten Obstg\u00e4rten. Neben den ikonischen Elefanten sind passende Kokosn\u00fcsse auf der Verpackung abgebildet.<\/p>\n","protected":false},"excerpt":{"rendered":"<p>Diese Dunkle Schokolade Single Origin von Paradai mit Kakao aus Nakhon Si Thammarat ist mit Kokosbl\u00fctenzucker ges\u00fc\u00dft. Paradai verwendet reinen Kokosnusszucker aus der Provinz Samut Songkram in der Zentralregion Thailands. Diese Region ist bekannt f\u00fcr das aromatischste Kokosnuss-Terroir des Landes mit einem einzigartigen Geschmack junger Kokosn\u00fcsse. Dar\u00fcber hinaus besitzt diese fruchtige Schokolade Aromen von Zitrusfr\u00fcchten, Mango, Banane, Cranberry und Litschi.<\/p>\n<p>Diese ganz besondere Paradai-Tafel mit Kokosbl\u00fctenzucker wurde zu Recht beim Weltfinale 2022 der International Chocolate Awards mit einer Goldmedaille ausgezeichnet.<\/p>\n<p>Der Kakao stammt aus der Provinz Nakhon Si Thammarat an der S\u00fcdostk\u00fcste des Landes. Der hellgr\u00fcne Hintergrund erinnert an die typische Flora und Fauna der Ursprungsregion Nakhon Si Thammarat mit ihren Farnw\u00e4ldern und alten Obstg\u00e4rten. Neben den ikonischen Elefanten sind passende Kokosn\u00fcsse auf der Verpackung abgebildet.<\/p>\n","protected":false},"featured_media":8933,"template":"","meta":{"_acf_changed":false,"inline_featured_image":false},"product_brand":[],"product_cat":[395,131],"product_tag":[],"class_list":{"0":"post-8998","1":"product","2":"type-product","3":"status-publish","4":"has-post-thumbnail","6":"product_cat-thailand-de","7":"product_cat-asien-pazifik","9":"first","10":"instock","11":"taxable","12":"shipping-taxable","13":"purchasable","14":"product-type-simple"},"bundled_by":[],"bundle_stock_status":"instock","bundle_stock_quantity":20,"bundle_virtual":false,"bundle_layout":"","bundle_add_to_cart_form_location":"","bundle_editable_in_cart":false,"bundle_sold_individually_context":"","bundle_item_grouping":"","bundle_min_size":"","bundle_max_size":"","bundle_price":[],"bundled_items":[],"bundle_sell_ids":[],"acf":{"ingredients":"Kakaobohnen (70% Thailand), <strong data-verified=\"redactor\" data-redactor-tag=\"strong\">Kokos<\/strong>bl\u00fctenzucker","energie":624,"graisse":47,"graisse_saturee":29,"glucides":43,"sucre":27,"fibre":"8","proteines":8,"sel":0},"_links":{"self":[{"href":"https:\/\/criolloquetzal.ch\/de\/wp-json\/wp\/v2\/product\/8998","targetHints":{"allow":["GET"]}}],"collection":[{"href":"https:\/\/criolloquetzal.ch\/de\/wp-json\/wp\/v2\/product"}],"about":[{"href":"https:\/\/criolloquetzal.ch\/de\/wp-json\/wp\/v2\/types\/product"}],"wp:featuredmedia":[{"embeddable":true,"href":"https:\/\/criolloquetzal.ch\/de\/wp-json\/wp\/v2\/media\/8933"}],"wp:attachment":[{"href":"https:\/\/criolloquetzal.ch\/de\/wp-json\/wp\/v2\/media?parent=8998"}],"wp:term":[{"taxonomy":"product_brand","embeddable":true,"href":"https:\/\/criolloquetzal.ch\/de\/wp-json\/wp\/v2\/product_brand?post=8998"},{"taxonomy":"product_cat","embeddable":true,"href":"https:\/\/criolloquetzal.ch\/de\/wp-json\/wp\/v2\/product_cat?post=8998"},{"taxonomy":"product_tag","embeddable":true,"href":"https:\/\/criolloquetzal.ch\/de\/wp-json\/wp\/v2\/product_tag?post=8998"}],"curies":[{"name":"wp","href":"https:\/\/api.w.org\/{rel}","templated":true}]}}