{"id":9001,"date":"2025-08-02T17:52:56","date_gmt":"2025-08-02T15:52:56","guid":{"rendered":"https:\/\/criolloquetzal.ch\/produit\/paradai-dunkle-schokolade-70-chanthaburi-thailand\/"},"modified":"2026-04-09T08:39:57","modified_gmt":"2026-04-09T06:39:57","slug":"paradai-dunkle-schokolade-70-chanthaburi-thailand","status":"publish","type":"product","link":"https:\/\/criolloquetzal.ch\/de\/produit\/paradai-dunkle-schokolade-70-chanthaburi-thailand\/","title":{"rendered":"Paradai \u2013 Dunkle Schokolade 70% Chanthaburi \u2013 THAILAND"},"content":{"rendered":"<p>\u200bDer Kakao dieser Paradai-Schokolade stammt aus der thail\u00e4ndischen Provinz Chanthaburi und zeichnet sich vor allem durch seine kr\u00e4ftigen fruchtigen Noten aus.<\/p>\n<p>Beim Weltfinale der International Chocolate Awards 2022 wurde sie zur besten Dunklen Schokolade der Welt gek\u00fcrt, mit einer fabelhaften Punktzahl von 91,8 von 100.<\/p>\n<p>Der Kakao stammt ausschliesslich von einer Plantage in der Provinz Chanthaburi, die f\u00fcr den Kakaoanbau bekannt ist und sich zu einem Zentrum f\u00fcr hochwertigen Kakao in Thailand entwickelt hat. Im Osten des Landes gelegen, hat sie sich einen Namen gemacht als \u201e\u201eGartenprovinz\u201c\u201c dank ihrer zahlreichen Mangrovenw\u00e4lder und Obstg\u00e4rten.<\/p>\n<p>Der gelbe Hintergrund symbolisiert die besonders fruchtigen und exotischen Noten des Kakaos aus dieser Region und die dargestellten Pflanzen erinnern an diese Gartenprovinz, die durch \u00fcppige Mango-Plantagen und Haine von Rambutan oder Durian gekennzeichnet ist.<\/p>\n","protected":false},"excerpt":{"rendered":"<p>\u200bDer Kakao dieser Paradai-Schokolade stammt aus der thail\u00e4ndischen Provinz Chanthaburi und zeichnet sich vor allem durch seine kr\u00e4ftigen fruchtigen Noten aus.<\/p>\n<p>Beim Weltfinale der International Chocolate Awards 2022 wurde sie zur besten Dunklen Schokolade der Welt gek\u00fcrt, mit einer fabelhaften Punktzahl von 91,8 von 100.<\/p>\n<p>Der Kakao stammt ausschlie\u00dflich von einer Plantage in der Provinz Chanthaburi, die f\u00fcr den Kakaoanbau bekannt ist und sich zu einem Zentrum f\u00fcr hochwertigen Kakao in Thailand entwickelt hat. Im Osten des Landes gelegen, hat sie sich einen Namen gemacht als \u201e\u201eGartenprovinz\u201c\u201c dank ihrer zahlreichen Mangrovenw\u00e4lder und Obstg\u00e4rten.<\/p>\n<p>Der gelbe Hintergrund symbolisiert die besonders fruchtigen und exotischen Noten des Kakaos aus dieser Region und die dargestellten Pflanzen erinnern an diese Gartenprovinz, die durch \u00fcppige Mango-Plantagen und Haine von Rambutan oder Durian gekennzeichnet ist.<\/p>\n","protected":false},"featured_media":8917,"template":"","meta":{"_acf_changed":false,"inline_featured_image":false},"product_brand":[],"product_cat":[395,131],"product_tag":[],"class_list":{"0":"post-9001","1":"product","2":"type-product","3":"status-publish","4":"has-post-thumbnail","6":"product_cat-thailand-de","7":"product_cat-asien-pazifik","9":"first","10":"instock","11":"taxable","12":"shipping-taxable","13":"purchasable","14":"product-type-simple"},"bundled_by":[],"bundle_stock_status":"instock","bundle_stock_quantity":19,"bundle_virtual":false,"bundle_layout":"","bundle_add_to_cart_form_location":"","bundle_editable_in_cart":false,"bundle_sold_individually_context":"","bundle_item_grouping":"","bundle_min_size":"","bundle_max_size":"","bundle_price":[],"bundled_items":[],"bundle_sell_ids":[],"acf":{"ingredients":"\u200bKakaobohnen (70% Thailand), Rohrzucker","energie":634,"graisse":50,"graisse_saturee":30,"glucides":40,"sucre":30,"fibre":"9","proteines":7,"sel":0},"_links":{"self":[{"href":"https:\/\/criolloquetzal.ch\/de\/wp-json\/wp\/v2\/product\/9001","targetHints":{"allow":["GET"]}}],"collection":[{"href":"https:\/\/criolloquetzal.ch\/de\/wp-json\/wp\/v2\/product"}],"about":[{"href":"https:\/\/criolloquetzal.ch\/de\/wp-json\/wp\/v2\/types\/product"}],"wp:featuredmedia":[{"embeddable":true,"href":"https:\/\/criolloquetzal.ch\/de\/wp-json\/wp\/v2\/media\/8917"}],"wp:attachment":[{"href":"https:\/\/criolloquetzal.ch\/de\/wp-json\/wp\/v2\/media?parent=9001"}],"wp:term":[{"taxonomy":"product_brand","embeddable":true,"href":"https:\/\/criolloquetzal.ch\/de\/wp-json\/wp\/v2\/product_brand?post=9001"},{"taxonomy":"product_cat","embeddable":true,"href":"https:\/\/criolloquetzal.ch\/de\/wp-json\/wp\/v2\/product_cat?post=9001"},{"taxonomy":"product_tag","embeddable":true,"href":"https:\/\/criolloquetzal.ch\/de\/wp-json\/wp\/v2\/product_tag?post=9001"}],"curies":[{"name":"wp","href":"https:\/\/api.w.org\/{rel}","templated":true}]}}