{"id":9004,"date":"2025-08-02T17:25:45","date_gmt":"2025-08-02T15:25:45","guid":{"rendered":"https:\/\/criolloquetzal.ch\/produit\/paradai-dunkle-schokolade-100-nakhon-si-thammarat-thailand\/"},"modified":"2026-04-09T08:39:58","modified_gmt":"2026-04-09T06:39:58","slug":"paradai-dunkle-schokolade-100-nakhon-si-thammarat-thailand","status":"publish","type":"product","link":"https:\/\/criolloquetzal.ch\/de\/produit\/paradai-dunkle-schokolade-100-nakhon-si-thammarat-thailand\/","title":{"rendered":"Paradai - Dunkle Schokolade 100% Nakhon Si Thammarat - THAILAND"},"content":{"rendered":"<p>Diese dunkle Single Origin Tafel von Paradai mit Kakao aus der Region Nakhon Si Thammarat in Thailand hat einen Kakaoanteil von 100%. Ein gesunder und genussvoller Genuss, bestehend aus nur einer Zutat: reinem Kakao.<\/p>\n<p>Eine wunderbar gefertigte Tafel, mit einem sauberen Bruch und einem intensiven Kakaogeschmack, mit einer dunklen, fein dosierten Bitterkeit. In diesen tiefen Aromen findet sich eine Cremigkeit, die eine grosse Finesse offenbart.<\/p>\n<p>Die Provinz Nakhon Si Thammarat liegt im S\u00fcden des Landes, an der Ostk\u00fcste der malaiischen Halbinsel, die zum Golf von Thailand f\u00fchrt. Der schwarze Hintergrund der Verpackung orientiert sich am 100%igen Kakaoanteil dieser Tafel und die goldenen Pr\u00e4gungen erinnern an die typische Flora und Fauna der Ursprungsregion Nakhon Si Thammarat mit ihren Farnw\u00e4ldern und alten Obstg\u00e4rten.<\/p>\n","protected":false},"excerpt":{"rendered":"<p>Diese dunkle Single Origin Tafel von Paradai mit Kakao aus der Region Nakhon Si Thammarat in Thailand hat einen Kakaoanteil von 100%. Ein gesunder und genussvoller Genuss, bestehend aus nur einer Zutat: reinem Kakao.<\/p>\n<p>Eine wunderbar gefertigte Tafel, mit einem sauberen Bruch und einem intensiven Kakaogeschmack, mit einer dunklen, fein dosierten Bitterkeit. In diesen tiefen Aromen findet sich eine Cremigkeit, die eine gro\u00dfe Finesse offenbart.<\/p>\n<p>Die Provinz Nakhon Si Thammarat liegt im S\u00fcden des Landes, an der Ostk\u00fcste der malaiischen Halbinsel, die zum Golf von Thailand f\u00fchrt. Der schwarze Hintergrund der Verpackung orientiert sich am 100%igen Kakaoanteil dieser Tafel und die goldenen Pr\u00e4gungen erinnern an die typische Flora und Fauna der Ursprungsregion Nakhon Si Thammarat mit ihren Farnw\u00e4ldern und alten Obstg\u00e4rten.<\/p>\n","protected":false},"featured_media":8929,"template":"","meta":{"_acf_changed":false,"inline_featured_image":false},"product_brand":[],"product_cat":[395,131],"product_tag":[],"class_list":{"0":"post-9004","1":"product","2":"type-product","3":"status-publish","4":"has-post-thumbnail","6":"product_cat-thailand-de","7":"product_cat-asien-pazifik","9":"first","10":"instock","11":"taxable","12":"shipping-taxable","13":"purchasable","14":"product-type-simple"},"bundled_by":[],"bundle_stock_status":"instock","bundle_stock_quantity":16,"bundle_virtual":false,"bundle_layout":"","bundle_add_to_cart_form_location":"","bundle_editable_in_cart":false,"bundle_sold_individually_context":"","bundle_item_grouping":"","bundle_min_size":"","bundle_max_size":"","bundle_price":[],"bundled_items":[],"bundle_sell_ids":[],"acf":{"ingredients":"Kakaobohnen (100% Thailand)","energie":660,"graisse":57,"graisse_saturee":35,"glucides":27,"sucre":1,"fibre":"11","proteines":13,"sel":0},"_links":{"self":[{"href":"https:\/\/criolloquetzal.ch\/de\/wp-json\/wp\/v2\/product\/9004","targetHints":{"allow":["GET"]}}],"collection":[{"href":"https:\/\/criolloquetzal.ch\/de\/wp-json\/wp\/v2\/product"}],"about":[{"href":"https:\/\/criolloquetzal.ch\/de\/wp-json\/wp\/v2\/types\/product"}],"wp:featuredmedia":[{"embeddable":true,"href":"https:\/\/criolloquetzal.ch\/de\/wp-json\/wp\/v2\/media\/8929"}],"wp:attachment":[{"href":"https:\/\/criolloquetzal.ch\/de\/wp-json\/wp\/v2\/media?parent=9004"}],"wp:term":[{"taxonomy":"product_brand","embeddable":true,"href":"https:\/\/criolloquetzal.ch\/de\/wp-json\/wp\/v2\/product_brand?post=9004"},{"taxonomy":"product_cat","embeddable":true,"href":"https:\/\/criolloquetzal.ch\/de\/wp-json\/wp\/v2\/product_cat?post=9004"},{"taxonomy":"product_tag","embeddable":true,"href":"https:\/\/criolloquetzal.ch\/de\/wp-json\/wp\/v2\/product_tag?post=9004"}],"curies":[{"name":"wp","href":"https:\/\/api.w.org\/{rel}","templated":true}]}}