{"id":9007,"date":"2025-08-02T17:00:36","date_gmt":"2025-08-02T15:00:36","guid":{"rendered":"https:\/\/criolloquetzal.ch\/produit\/paradai-dunkle-schokolade-82-trang-thailand\/"},"modified":"2026-04-01T21:24:57","modified_gmt":"2026-04-01T19:24:57","slug":"paradai-dunkle-schokolade-82-trang-thailand","status":"publish","type":"product","link":"https:\/\/criolloquetzal.ch\/de\/produit\/paradai-dunkle-schokolade-82-trang-thailand\/","title":{"rendered":"Paradai \u2013 Dunkle Schokolade 82 % Trang \u2013 THAILAND"},"content":{"rendered":"<p>Diese Single-Farm Dunkle Schokolade von Paradai enth\u00e4lt Kakao aus der Anbauregion Trang in Thailand und hat einen Kakaoanteil von 82 %. Sie ist leicht fruchtig und zeichnet sich durch einen tiefen Schokoladengeschmack aus, erg\u00e4nzt durch erdige Noten, die an Holz erinnern. Das spannende Zusammenspiel der Aromen dieser Paradai-Schokolade brachte ihr 2023 Silber bei den Academy of Chocolate Awards ein.<\/p>\n<p>Der Kakao stammt von der letzten aktiven Kakaofarm in Trang, an der S\u00fcdwestk\u00fcste Thailands. Im Andamanischen Meer gelegen, umfasst der Archipel nicht weniger als 46 kleine Inseln, eine sch\u00f6ner als die andere.<\/p>\n<p>Die hellblaue Verpackung erinnert an die t\u00fcrkisfarbenen Meeresfarben und die einzigartige Unterwasserwelt dieses Paradieses. Anstelle von Elefanten sind dort Seek\u00fche abgebildet, die in der Region Trang ber\u00fchmt sind.<\/p>\n","protected":false},"excerpt":{"rendered":"<p>Diese Single-Farm Dunkle Schokolade von Paradai enth\u00e4lt Kakao aus der Anbauregion Trang in Thailand und hat einen Kakaoanteil von 82 %. Sie ist leicht fruchtig und zeichnet sich durch einen tiefen Schokoladengeschmack aus, erg\u00e4nzt durch erdige Noten, die an Holz erinnern. Das spannende Zusammenspiel der Aromen dieser Paradai-Schokolade brachte ihr 2023 Silber bei den Academy of Chocolate Awards ein.<\/p>\n<p>Der Kakao stammt von der letzten aktiven Kakaofarm in Trang, an der S\u00fcdwestk\u00fcste Thailands. Im Andamanischen Meer gelegen, umfasst der Archipel nicht weniger als 46 kleine Inseln, eine sch\u00f6ner als die andere.<\/p>\n<p>Die hellblaue Verpackung erinnert an die t\u00fcrkisfarbenen Meeresfarben und die einzigartige Unterwasserwelt dieses Paradieses. Anstelle von Elefanten sind dort Seek\u00fche abgebildet, die in der Region Trang ber\u00fchmt sind.<\/p>\n","protected":false},"featured_media":8941,"template":"","meta":{"_acf_changed":false,"inline_featured_image":false},"product_brand":[],"product_cat":[395,131],"product_tag":[],"class_list":{"0":"post-9007","1":"product","2":"type-product","3":"status-publish","4":"has-post-thumbnail","6":"product_cat-thailand-de","7":"product_cat-asien-pazifik","9":"first","10":"instock","11":"taxable","12":"shipping-taxable","13":"purchasable","14":"product-type-simple"},"bundled_by":[],"bundle_stock_status":"instock","bundle_stock_quantity":15,"bundle_virtual":false,"bundle_layout":"","bundle_add_to_cart_form_location":"","bundle_editable_in_cart":false,"bundle_sold_individually_context":"","bundle_item_grouping":"","bundle_min_size":"","bundle_max_size":"","bundle_price":[],"bundled_items":[],"bundle_sell_ids":[],"acf":{"ingredients":"Kakaobohnen (82 % Thailand), Rohrzucker","energie":632,"graisse":48,"graisse_saturee":29,"glucides":39,"sucre":24,"fibre":"10","proteines":8,"sel":0},"_links":{"self":[{"href":"https:\/\/criolloquetzal.ch\/de\/wp-json\/wp\/v2\/product\/9007","targetHints":{"allow":["GET"]}}],"collection":[{"href":"https:\/\/criolloquetzal.ch\/de\/wp-json\/wp\/v2\/product"}],"about":[{"href":"https:\/\/criolloquetzal.ch\/de\/wp-json\/wp\/v2\/types\/product"}],"wp:featuredmedia":[{"embeddable":true,"href":"https:\/\/criolloquetzal.ch\/de\/wp-json\/wp\/v2\/media\/8941"}],"wp:attachment":[{"href":"https:\/\/criolloquetzal.ch\/de\/wp-json\/wp\/v2\/media?parent=9007"}],"wp:term":[{"taxonomy":"product_brand","embeddable":true,"href":"https:\/\/criolloquetzal.ch\/de\/wp-json\/wp\/v2\/product_brand?post=9007"},{"taxonomy":"product_cat","embeddable":true,"href":"https:\/\/criolloquetzal.ch\/de\/wp-json\/wp\/v2\/product_cat?post=9007"},{"taxonomy":"product_tag","embeddable":true,"href":"https:\/\/criolloquetzal.ch\/de\/wp-json\/wp\/v2\/product_tag?post=9007"}],"curies":[{"name":"wp","href":"https:\/\/api.w.org\/{rel}","templated":true}]}}