{"id":9013,"date":"2025-08-02T10:01:09","date_gmt":"2025-08-02T08:01:09","guid":{"rendered":"https:\/\/criolloquetzal.ch\/produit\/definite-dunkle-schokolade-57-mit-gesalzenen-macadamianuessen-dominikanische-republik\/"},"modified":"2026-04-12T20:51:23","modified_gmt":"2026-04-12T18:51:23","slug":"definite-dunkle-schokolade-57-gesalzenen-macadamianuessen-dominikanische-republik","status":"publish","type":"product","link":"https:\/\/criolloquetzal.ch\/de\/produit\/definite-dunkle-schokolade-57-gesalzenen-macadamianuessen-dominikanische-republik\/","title":{"rendered":"Definite \u2013 Dunkle Schokolade 57 % mit gesalzenen Macadamian\u00fcssen \u2013 DOMINIKANISCHE REPUBLIK"},"content":{"rendered":"<p>Eine Dunkle Definite Schokolade mit 57 % Kakao, die zart Macadamianussst\u00fccke mit einem Hauch Meersalz umh\u00fcllt. Alle Zutaten stammen aus der Dominikanischen Republik, die Macadamian\u00fcsse vom lokalen Produzenten La Loma.<\/p>\n<p>Der Kakao mit Karamellt\u00f6nen und Zedernnoten, die Macadamia-Splitter und das Salz machen ihn zu einem unwiderstehlichen Genuss.<\/p>\n","protected":false},"excerpt":{"rendered":"<p>Eine Definite Dunkle Schokolade mit 57 % Kakao, die zart Macadamianussst\u00fccke mit einem Hauch Meersalz umh\u00fcllt. Alle Zutaten stammen aus der Dominikanischen Republik, die Macadamian\u00fcsse vom lokalen Produzenten La Loma. Der Kakao mit Karamellt\u00f6nen und Zedernnoten, die Macadamia-Splitter und das Salz machen ihn zu einem unwiderstehlichen Genuss.<\/p>\n","protected":false},"featured_media":8797,"template":"","meta":{"_acf_changed":false,"inline_featured_image":false},"product_brand":[],"product_cat":[774,170],"product_tag":[],"class_list":{"0":"post-9013","1":"product","2":"type-product","3":"status-publish","4":"has-post-thumbnail","6":"product_cat-dominikanische-republik","7":"product_cat-karibik","9":"first","10":"instock","11":"taxable","12":"shipping-taxable","13":"purchasable","14":"product-type-simple"},"bundled_by":[],"bundle_stock_status":"instock","bundle_stock_quantity":24,"bundle_virtual":false,"bundle_layout":"","bundle_add_to_cart_form_location":"","bundle_editable_in_cart":false,"bundle_sold_individually_context":"","bundle_item_grouping":"","bundle_min_size":"","bundle_max_size":"","bundle_price":[],"bundled_items":[],"bundle_sell_ids":[],"acf":{"ingredients":"Kakaobohnen (55 % Dominikanische Republik), Rohrzucker, Kakaobutter, <strong data-verified=\"redactor\" data-redactor-tag=\"strong\">Macadamian\u00fcsse<\/strong>, Salz","energie":600,"graisse":44,"graisse_saturee":24,"glucides":48,"sucre":32,"fibre":"8","proteines":4,"sel":1},"_links":{"self":[{"href":"https:\/\/criolloquetzal.ch\/de\/wp-json\/wp\/v2\/product\/9013","targetHints":{"allow":["GET"]}}],"collection":[{"href":"https:\/\/criolloquetzal.ch\/de\/wp-json\/wp\/v2\/product"}],"about":[{"href":"https:\/\/criolloquetzal.ch\/de\/wp-json\/wp\/v2\/types\/product"}],"wp:featuredmedia":[{"embeddable":true,"href":"https:\/\/criolloquetzal.ch\/de\/wp-json\/wp\/v2\/media\/8797"}],"wp:attachment":[{"href":"https:\/\/criolloquetzal.ch\/de\/wp-json\/wp\/v2\/media?parent=9013"}],"wp:term":[{"taxonomy":"product_brand","embeddable":true,"href":"https:\/\/criolloquetzal.ch\/de\/wp-json\/wp\/v2\/product_brand?post=9013"},{"taxonomy":"product_cat","embeddable":true,"href":"https:\/\/criolloquetzal.ch\/de\/wp-json\/wp\/v2\/product_cat?post=9013"},{"taxonomy":"product_tag","embeddable":true,"href":"https:\/\/criolloquetzal.ch\/de\/wp-json\/wp\/v2\/product_tag?post=9013"}],"curies":[{"name":"wp","href":"https:\/\/api.w.org\/{rel}","templated":true}]}}