{"id":9019,"date":"2025-08-02T15:34:46","date_gmt":"2025-08-02T13:34:46","guid":{"rendered":"https:\/\/criolloquetzal.ch\/produit\/theo-philo-dunkle-schokolade-65-mit-mango-chili-und-kakaonibs-philippinen\/"},"modified":"2026-04-20T23:58:10","modified_gmt":"2026-04-20T21:58:10","slug":"theo-philo-dunkle-schokolade-65-mango-chili-kakaonibs-philippinen","status":"publish","type":"product","link":"https:\/\/criolloquetzal.ch\/de\/produit\/theo-philo-dunkle-schokolade-65-mango-chili-kakaonibs-philippinen\/","title":{"rendered":"Theo &#038; Philo \u2013 Dunkle Schokolade 65 % mit Mango, Chili und Kakaonibs \u2013 PHILIPPINEN"},"content":{"rendered":"<p>Mit feurigem Chili, um die Verbindung zwischen s\u00fcssen Mangos und Kakaonibs zu entfachen, ist dieser Dreier aus Dunkle Schokolade von Theo &amp; Philo so skandal\u00f6s k\u00f6stlich, dass es unm\u00f6glich ist, ihn geheim zu halten. Kein Wunder, dass man sagt, dass alle\u00a0guten Dinge drei sind!<\/p>\n","protected":false},"excerpt":{"rendered":"<p>Mit feurigem Chili, um die Verbindung zwischen s\u00fc\u00dfen Mangos und Kakaonibs zu entfachen, ist dieser Dreier aus Dunkle Schokolade von Theo &amp; Philo so skandal\u00f6s k\u00f6stlich, dass es unm\u00f6glich ist, ihn geheim zu halten.<\/p>\n","protected":false},"featured_media":8861,"template":"","meta":{"_acf_changed":false,"inline_featured_image":false},"product_brand":[],"product_cat":[167,131],"product_tag":[],"class_list":{"0":"post-9019","1":"product","2":"type-product","3":"status-publish","4":"has-post-thumbnail","6":"product_cat-philippinen","7":"product_cat-asien-pazifik","9":"first","10":"outofstock","11":"taxable","12":"shipping-taxable","13":"purchasable","14":"product-type-simple"},"bundled_by":[],"bundle_stock_status":"outofstock","bundle_stock_quantity":0,"bundle_virtual":false,"bundle_layout":"","bundle_add_to_cart_form_location":"","bundle_editable_in_cart":false,"bundle_sold_individually_context":"","bundle_item_grouping":"","bundle_min_size":"","bundle_max_size":"","bundle_price":[],"bundled_items":[],"bundle_sell_ids":[],"acf":{"ingredients":"Kakaomasse (58 % Philippinen), Rohrzucker, getrocknete Mango, Kakaobutter, getrocknete Chili","energie":498,"graisse":25,"graisse_saturee":16,"glucides":62,"sucre":40,"fibre":"0","proteines":6,"sel":-1},"_links":{"self":[{"href":"https:\/\/criolloquetzal.ch\/de\/wp-json\/wp\/v2\/product\/9019","targetHints":{"allow":["GET"]}}],"collection":[{"href":"https:\/\/criolloquetzal.ch\/de\/wp-json\/wp\/v2\/product"}],"about":[{"href":"https:\/\/criolloquetzal.ch\/de\/wp-json\/wp\/v2\/types\/product"}],"wp:featuredmedia":[{"embeddable":true,"href":"https:\/\/criolloquetzal.ch\/de\/wp-json\/wp\/v2\/media\/8861"}],"wp:attachment":[{"href":"https:\/\/criolloquetzal.ch\/de\/wp-json\/wp\/v2\/media?parent=9019"}],"wp:term":[{"taxonomy":"product_brand","embeddable":true,"href":"https:\/\/criolloquetzal.ch\/de\/wp-json\/wp\/v2\/product_brand?post=9019"},{"taxonomy":"product_cat","embeddable":true,"href":"https:\/\/criolloquetzal.ch\/de\/wp-json\/wp\/v2\/product_cat?post=9019"},{"taxonomy":"product_tag","embeddable":true,"href":"https:\/\/criolloquetzal.ch\/de\/wp-json\/wp\/v2\/product_tag?post=9019"}],"curies":[{"name":"wp","href":"https:\/\/api.w.org\/{rel}","templated":true}]}}