{"id":9026,"date":"2025-08-02T13:34:45","date_gmt":"2025-08-02T11:34:45","guid":{"rendered":"https:\/\/criolloquetzal.ch\/produit\/theo-philo-dunkle-schokolade-65-mit-calamondin-philippinen\/"},"modified":"2026-04-23T02:02:03","modified_gmt":"2026-04-23T00:02:03","slug":"theo-philo-dunkle-schokolade-65-mit-calamondin-philippinen","status":"publish","type":"product","link":"https:\/\/criolloquetzal.ch\/de\/produit\/theo-philo-dunkle-schokolade-65-mit-calamondin-philippinen\/","title":{"rendered":"Theo &#038; Philo - Dunkle Schokolade 65% mit Calamondinorange - PHILIPPINEN"},"content":{"rendered":"<p>Holen Sie sich die Sonne in Ihre Theo &amp; Philo Schokolade! Der erfrischende tropische Geschmack der Calamondinorange verleiht der samtigen Dunklen Schokolade eine Zitrusnote. Ob La Ni\u00f1a oder El Ni\u00f1o, mit dieser s\u00fcssen und spritzigen Kombination ist der Sommer immer perfekt.<\/p>\n<p>Die Calamondinorange <span class=\"redactor-invisible-space\" data-verified=\"redactor\" data-redactor-tag=\"span\" data-redactor-class=\"redactor-invisible-space\">ist eine typische Zitrusfrucht der Philippinen, die sehr h\u00e4ufig verwendet wird. Es ist eine Hybride aus Kumquat und Mandarine, die \u00e4usserlich einer Limette \u00e4hnelt.<\/span><\/p>\n","protected":false},"excerpt":{"rendered":"<p>Holen Sie sich die Sonne in Ihre Theo &amp; Philo Schokolade! Der erfrischende tropische Geschmack der Calamondinorange verleiht der samtigen Dunklen Schokolade eine Zitrusnote. Ob La Ni\u00f1a oder El Ni\u00f1o, mit dieser s\u00fcssen und spritzigen Kombination ist der Sommer immer perfekt. Die Calamondinorange <span class=\"redactor-invisible-space\" data-verified=\"redactor\" data-redactor-tag=\"span\" data-redactor-class=\"redactor-invisible-space\">ist eine typische Zitrusfrucht der Philippinen, die sehr h\u00e4ufig verwendet wird. Es ist eine Hybride aus Kumquat und Mandarine, die \u00e4usserlich einer Limette \u00e4hnelt.<\/span><\/p>\n","protected":false},"featured_media":8849,"template":"","meta":{"_acf_changed":false,"inline_featured_image":false},"product_brand":[],"product_cat":[167,131],"product_tag":[],"class_list":{"0":"post-9026","1":"product","2":"type-product","3":"status-publish","4":"has-post-thumbnail","6":"product_cat-philippinen","7":"product_cat-asien-pazifik","9":"first","10":"outofstock","11":"taxable","12":"shipping-taxable","13":"purchasable","14":"product-type-simple"},"bundled_by":[],"bundle_stock_status":"outofstock","bundle_stock_quantity":0,"bundle_virtual":false,"bundle_layout":"","bundle_add_to_cart_form_location":"","bundle_editable_in_cart":false,"bundle_sold_individually_context":"","bundle_item_grouping":"","bundle_min_size":"","bundle_max_size":"","bundle_price":[],"bundled_items":[],"bundle_sell_ids":[],"acf":{"ingredients":"Kakaomasse (58% Philippinen), Rohrzucker, Calamondinorangenschale, Kakaobutter","energie":554,"graisse":34,"graisse_saturee":22,"glucides":56,"sucre":27,"fibre":"0","proteines":7,"sel":0},"_links":{"self":[{"href":"https:\/\/criolloquetzal.ch\/de\/wp-json\/wp\/v2\/product\/9026","targetHints":{"allow":["GET"]}}],"collection":[{"href":"https:\/\/criolloquetzal.ch\/de\/wp-json\/wp\/v2\/product"}],"about":[{"href":"https:\/\/criolloquetzal.ch\/de\/wp-json\/wp\/v2\/types\/product"}],"wp:featuredmedia":[{"embeddable":true,"href":"https:\/\/criolloquetzal.ch\/de\/wp-json\/wp\/v2\/media\/8849"}],"wp:attachment":[{"href":"https:\/\/criolloquetzal.ch\/de\/wp-json\/wp\/v2\/media?parent=9026"}],"wp:term":[{"taxonomy":"product_brand","embeddable":true,"href":"https:\/\/criolloquetzal.ch\/de\/wp-json\/wp\/v2\/product_brand?post=9026"},{"taxonomy":"product_cat","embeddable":true,"href":"https:\/\/criolloquetzal.ch\/de\/wp-json\/wp\/v2\/product_cat?post=9026"},{"taxonomy":"product_tag","embeddable":true,"href":"https:\/\/criolloquetzal.ch\/de\/wp-json\/wp\/v2\/product_tag?post=9026"}],"curies":[{"name":"wp","href":"https:\/\/api.w.org\/{rel}","templated":true}]}}