{"id":9029,"date":"2025-08-02T15:26:52","date_gmt":"2025-08-02T13:26:52","guid":{"rendered":"https:\/\/criolloquetzal.ch\/produit\/theo-philo-dunkle-schokolade-65-mit-labuyo-chili-philippinen\/"},"modified":"2026-04-23T06:38:45","modified_gmt":"2026-04-23T04:38:45","slug":"theo-philo-dunkle-schokolade-65-labuyo-chili-philippinen","status":"publish","type":"product","link":"https:\/\/criolloquetzal.ch\/de\/produit\/theo-philo-dunkle-schokolade-65-labuyo-chili-philippinen\/","title":{"rendered":"Theo &#038; Philo \u2013 Dunkle Schokolade 65 % mit Labuyo-Chili \u2013 PHILIPPINEN"},"content":{"rendered":"<p>Wie die temperamentvolle Heldin, die M\u00e4dchen gerne w\u00e4ren und Jungen gerne h\u00e4tten. Dieser beliebte Favorit von Theo &amp; Philo ist sowohl s\u00fcss als auch scharf und kombiniert den samtigen Reichtum der Dunklen Schokolade mit der Sch\u00e4rfe von Labuyo.<\/p>\n<p>Siling Labuyo ist eine philippinische Pfeffersorte, die sich nach dem sogenannten \u201eKolumbianischen Austausch\u201c entwickelt hat. Es ist ein \u201ewilder Pfeffer\u201c und wurde von Slow Food in die Arche des Geschmacks aufgenommen. Auf der Scoville-Skala erreicht er 80.000 bis 100.000 Punkte, was ihn mit Tabasco oder Piri Piri vergleichbar macht.<\/p>\n","protected":false},"excerpt":{"rendered":"<p>Dieser beliebte Favorit von Theo &amp; Philo ist sowohl s\u00fc\u00df als auch scharf und kombiniert den samtigen Reichtum der Dunklen Schokolade mit der Sch\u00e4rfe von Labuyo. Siling Labuyo ist eine philippinische Pfeffersorte, die sich nach dem sogenannten \u201eKolumbianischen Austausch\u201c entwickelt hat. Es ist ein \u201ewilder Pfeffer\u201c und wurde von Slow Food in die Arche des Geschmacks aufgenommen. Auf der Scoville-Skala erreicht er 80.000 bis 100.000 Punkte, was ihn mit Tabasco oder Piri Piri vergleichbar macht.<\/p>\n","protected":false},"featured_media":8857,"template":"","meta":{"_acf_changed":false,"inline_featured_image":false},"product_brand":[],"product_cat":[167,131],"product_tag":[],"class_list":{"0":"post-9029","1":"product","2":"type-product","3":"status-publish","4":"has-post-thumbnail","6":"product_cat-philippinen","7":"product_cat-asien-pazifik","9":"first","10":"instock","11":"taxable","12":"shipping-taxable","13":"purchasable","14":"product-type-simple"},"bundled_by":[],"bundle_stock_status":"instock","bundle_stock_quantity":40,"bundle_virtual":false,"bundle_layout":"","bundle_add_to_cart_form_location":"","bundle_editable_in_cart":false,"bundle_sold_individually_context":"","bundle_item_grouping":"","bundle_min_size":"","bundle_max_size":"","bundle_price":[],"bundled_items":[],"bundle_sell_ids":[],"acf":{"ingredients":"Kakaomasse (Philippinen 58 %), Rohrzucker, Kakaobutter, getrocknete Chilischote.","energie":573,"graisse":37,"graisse_saturee":26,"glucides":54,"sucre":42,"fibre":"0","proteines":7,"sel":0},"_links":{"self":[{"href":"https:\/\/criolloquetzal.ch\/de\/wp-json\/wp\/v2\/product\/9029","targetHints":{"allow":["GET"]}}],"collection":[{"href":"https:\/\/criolloquetzal.ch\/de\/wp-json\/wp\/v2\/product"}],"about":[{"href":"https:\/\/criolloquetzal.ch\/de\/wp-json\/wp\/v2\/types\/product"}],"wp:featuredmedia":[{"embeddable":true,"href":"https:\/\/criolloquetzal.ch\/de\/wp-json\/wp\/v2\/media\/8857"}],"wp:attachment":[{"href":"https:\/\/criolloquetzal.ch\/de\/wp-json\/wp\/v2\/media?parent=9029"}],"wp:term":[{"taxonomy":"product_brand","embeddable":true,"href":"https:\/\/criolloquetzal.ch\/de\/wp-json\/wp\/v2\/product_brand?post=9029"},{"taxonomy":"product_cat","embeddable":true,"href":"https:\/\/criolloquetzal.ch\/de\/wp-json\/wp\/v2\/product_cat?post=9029"},{"taxonomy":"product_tag","embeddable":true,"href":"https:\/\/criolloquetzal.ch\/de\/wp-json\/wp\/v2\/product_tag?post=9029"}],"curies":[{"name":"wp","href":"https:\/\/api.w.org\/{rel}","templated":true}]}}