{"id":9032,"date":"2025-08-02T16:12:38","date_gmt":"2025-08-02T14:12:38","guid":{"rendered":"https:\/\/criolloquetzal.ch\/produit\/theo-philo-dunkle-schokolade-65-mit-schwarzem-sesam-cashew-pili-nuessen-philippinen\/"},"modified":"2026-04-23T06:38:45","modified_gmt":"2026-04-23T04:38:45","slug":"theo-philo-dunkle-schokolade-65-schwarzem-sesam-cashew-pili-nuessen-philippinen","status":"publish","type":"product","link":"https:\/\/criolloquetzal.ch\/de\/produit\/theo-philo-dunkle-schokolade-65-schwarzem-sesam-cashew-pili-nuessen-philippinen\/","title":{"rendered":"Theo &#038; Philo \u2013 Dunkle Schokolade 65 % mit schwarzem Sesam, Cashew &#038; Pili-N\u00fcssen \u2013 PHILIPPINEN"},"content":{"rendered":"<p>Wie der exotische Urlaub, von dem Sie immer getr\u00e4umt haben. Diese 65%ige dunkle Schokolade von Theo &amp; Philo wird mit schwarzem Sesam, Cashewkernen und Pili-N\u00fcssen kombiniert, f\u00fcr einen fast schon schuldhaften, knusprigen Genuss. Wenn ein sexy Abenteuer einen Geschmack h\u00e4tte, dann w\u00e4re es dieser.<\/p>\n<p>Die Pili-Nuss ist die Frucht eines Baumes, der auf den Philippinen beheimatet ist. Die Samen (N\u00fcsse) werden oft mit Honig ger\u00f6stet und gegessen oder in S\u00fcsswaren verwendet. Wie in dieser Schokolade.<\/p>\n","protected":false},"excerpt":{"rendered":"<p>Diese 65%ige dunkle Schokolade von Theo &amp; Philo wird mit schwarzem Sesam, Cashewkernen und Pili-N\u00fcssen kombiniert, f\u00fcr einen fast schon schuldhaften, knusprigen Genuss. Wenn ein sexy Abenteuer einen Geschmack h\u00e4tte, dann w\u00e4re es dieser.<\/p>\n","protected":false},"featured_media":8845,"template":"","meta":{"_acf_changed":false,"inline_featured_image":false},"product_brand":[],"product_cat":[167,131],"product_tag":[],"class_list":{"0":"post-9032","1":"product","2":"type-product","3":"status-publish","4":"has-post-thumbnail","6":"product_cat-philippinen","7":"product_cat-asien-pazifik","9":"first","10":"outofstock","11":"taxable","12":"shipping-taxable","13":"purchasable","14":"product-type-simple"},"bundled_by":[],"bundle_stock_status":"outofstock","bundle_stock_quantity":0,"bundle_virtual":false,"bundle_layout":"","bundle_add_to_cart_form_location":"","bundle_editable_in_cart":false,"bundle_sold_individually_context":"","bundle_item_grouping":"","bundle_min_size":"","bundle_max_size":"","bundle_price":[],"bundled_items":[],"bundle_sell_ids":[],"acf":{"ingredients":"Kakaobohnen (Philippinen 58 %), Rohrzucker, <strong data-verified=\"redactor\" data-redactor-tag=\"strong\">Pili-N\u00fcsse<\/strong>, <strong data-verified=\"redactor\" data-redactor-tag=\"strong\">Cashewkerne<\/strong>, Kakaobutter, <strong data-verified=\"redactor\" data-redactor-tag=\"strong\">schwarzer Sesam<\/strong>","energie":550,"graisse":33,"graisse_saturee":18,"glucides":52,"sucre":23,"fibre":"0","proteines":12,"sel":0},"_links":{"self":[{"href":"https:\/\/criolloquetzal.ch\/de\/wp-json\/wp\/v2\/product\/9032","targetHints":{"allow":["GET"]}}],"collection":[{"href":"https:\/\/criolloquetzal.ch\/de\/wp-json\/wp\/v2\/product"}],"about":[{"href":"https:\/\/criolloquetzal.ch\/de\/wp-json\/wp\/v2\/types\/product"}],"wp:featuredmedia":[{"embeddable":true,"href":"https:\/\/criolloquetzal.ch\/de\/wp-json\/wp\/v2\/media\/8845"}],"wp:attachment":[{"href":"https:\/\/criolloquetzal.ch\/de\/wp-json\/wp\/v2\/media?parent=9032"}],"wp:term":[{"taxonomy":"product_brand","embeddable":true,"href":"https:\/\/criolloquetzal.ch\/de\/wp-json\/wp\/v2\/product_brand?post=9032"},{"taxonomy":"product_cat","embeddable":true,"href":"https:\/\/criolloquetzal.ch\/de\/wp-json\/wp\/v2\/product_cat?post=9032"},{"taxonomy":"product_tag","embeddable":true,"href":"https:\/\/criolloquetzal.ch\/de\/wp-json\/wp\/v2\/product_tag?post=9032"}],"curies":[{"name":"wp","href":"https:\/\/api.w.org\/{rel}","templated":true}]}}