{"id":9301,"date":"2025-11-30T11:18:07","date_gmt":"2025-11-30T10:18:07","guid":{"rendered":"https:\/\/criolloquetzal.ch\/produit\/tibito-dunkle-schokolade-70-mit-weihnachtsgewuerzen-kolumbien\/"},"modified":"2026-05-11T18:58:04","modified_gmt":"2026-05-11T16:58:04","slug":"tibito-dunkle-schokolade-70-mit-weihnachtsgewuerzen-kolumbien","status":"publish","type":"product","link":"https:\/\/criolloquetzal.ch\/de\/produit\/tibito-dunkle-schokolade-70-mit-weihnachtsgewuerzen-kolumbien\/","title":{"rendered":"Tibit\u00f3 - Dunkle Schokolade 70% mit Weihnachtsgew\u00fcrzen - KOLUMBIEN"},"content":{"rendered":"<p>Tibit\u00f3, der mehrfach ausgezeichnete kolumbianische Chocolatier, hat f\u00fcr Weihnachten diese wundersch\u00f6ne und k\u00f6stliche Sonderedition mit 70 % Kakao und Gew\u00fcrzen wie Kardamom, Ingwer, Nelken und Zimt kreiert.<\/p>\n<p>All das ergibt eine <span class=\"redactor-invisible-space\" data-verified=\"redactor\" data-redactor-tag=\"span\" data-redactor-class=\"redactor-invisible-space\">elegante, wohltuende Dunkle Schokolade, perfekt f\u00fcr die Weihnachtszeit!<\/span><\/p>\n","protected":false},"excerpt":{"rendered":"<p>Tibit\u00f3, der mehrfach ausgezeichnete kolumbianische Chocolatier, hat f\u00fcr Weihnachten diese wundersch\u00f6ne und k\u00f6stliche Sonderedition mit 70 % Kakao und Gew\u00fcrzen wie Kardamom, Ingwer, Nelken und Zimt kreiert.<\/p>\n<p>All das ergibt eine <span class=\"redactor-invisible-space\" data-verified=\"redactor\" data-redactor-tag=\"span\" data-redactor-class=\"redactor-invisible-space\">elegante, wohltuende Dunkle Schokolade, perfekt f\u00fcr die Weihnachtszeit!<\/span><\/p>\n","protected":false},"featured_media":9311,"template":"","meta":{"_acf_changed":false,"inline_featured_image":false},"product_brand":[],"product_cat":[786,125],"product_tag":[],"class_list":{"0":"post-9301","1":"product","2":"type-product","3":"status-publish","4":"has-post-thumbnail","6":"product_cat-kolumbien","7":"product_cat-suedamerika","9":"first","10":"outofstock","11":"taxable","12":"shipping-taxable","13":"purchasable","14":"product-type-simple"},"bundled_by":["9318"],"bundle_stock_status":"outofstock","bundle_stock_quantity":0,"bundle_virtual":false,"bundle_layout":"","bundle_add_to_cart_form_location":"","bundle_editable_in_cart":false,"bundle_sold_individually_context":"","bundle_item_grouping":"","bundle_min_size":"","bundle_max_size":"","bundle_price":[],"bundled_items":[],"bundle_sell_ids":[],"acf":{"ingredients":"Kakaomasse (70% Kolumbien), Zucker, Zimt, Ingwer, Nelken, Kardamom, rosa Pfeffer, schwarzes Salz, <strong data-verified=\"redactor\" data-redactor-tag=\"strong\">Sonnenblumenlecithin<\/strong>","energie":563,"graisse":40,"graisse_saturee":25,"glucides":47,"sucre":25,"fibre":"10","proteines":8.8,"sel":0.013},"_links":{"self":[{"href":"https:\/\/criolloquetzal.ch\/de\/wp-json\/wp\/v2\/product\/9301","targetHints":{"allow":["GET"]}}],"collection":[{"href":"https:\/\/criolloquetzal.ch\/de\/wp-json\/wp\/v2\/product"}],"about":[{"href":"https:\/\/criolloquetzal.ch\/de\/wp-json\/wp\/v2\/types\/product"}],"wp:featuredmedia":[{"embeddable":true,"href":"https:\/\/criolloquetzal.ch\/de\/wp-json\/wp\/v2\/media\/9311"}],"wp:attachment":[{"href":"https:\/\/criolloquetzal.ch\/de\/wp-json\/wp\/v2\/media?parent=9301"}],"wp:term":[{"taxonomy":"product_brand","embeddable":true,"href":"https:\/\/criolloquetzal.ch\/de\/wp-json\/wp\/v2\/product_brand?post=9301"},{"taxonomy":"product_cat","embeddable":true,"href":"https:\/\/criolloquetzal.ch\/de\/wp-json\/wp\/v2\/product_cat?post=9301"},{"taxonomy":"product_tag","embeddable":true,"href":"https:\/\/criolloquetzal.ch\/de\/wp-json\/wp\/v2\/product_tag?post=9301"}],"curies":[{"name":"wp","href":"https:\/\/api.w.org\/{rel}","templated":true}]}}