{"id":3659,"date":"2022-08-21T13:50:29","date_gmt":"2022-08-21T11:50:29","guid":{"rendered":"https:\/\/criolloquetzal.ch\/?post_type=product&#038;p=3659"},"modified":"2026-04-23T09:46:20","modified_gmt":"2026-04-23T07:46:20","slug":"baiani-dark-chocolate-65-with-caipirinha-and-lime-zest","status":"publish","type":"product","link":"https:\/\/criolloquetzal.ch\/en\/product\/baiani-dark-chocolate-65-with-caipirinha-and-lime-zest\/","title":{"rendered":"Baian\u00ed - Dark Chocolate 65% with Caipirinha and Lime zest - BRAZIL"},"content":{"rendered":"<p>To enhance the taste of their local cacao from the southern Brazilian state of Bahia, and make it even more local, Baian\u00ed created a recipe based on the most famous Brazilian cocktail: Caipirinha!<\/p>\n<p>Making this bar requires time, 3 different processes and a lot of labor, but it is oh so worth it! Cacao is infused in Cacha\u00e7a for at least 30 days, processed into a silky chocolate bar and then sprinkled with caramelized sugar and cacha\u00e7a-infused dehydrated lime zest.<\/p>\n<p>In keeping with Baian\u00ed\u2019s standard of excellence, they use one of the best cacha\u00e7as in the world, Cacha\u00e7a Da Tulha, aged in Jequitib\u00e1 wood barrels. The result: a delicious and harmonious recipe.<\/p>\n","protected":false},"excerpt":{"rendered":"<p>To enhance the taste of their local cacao from the southern Brazilian state of Bahia, and make it even more local, Baian\u00ed created a recipe based on the most famous Brazilian cocktail: Caipirinha! Making this bar requires time, 3 different processes and a lot of labor, but it is oh so worth it! Cacao is infused in Cacha\u00e7a for at least 30 days, processed into a silky chocolate bar and then sprinkled with caramelized sugar and cacha\u00e7a-infused dehydrated lime zest. In keeping with Baian\u00ed\u2019s standard of excellence, they use one of the best cacha\u00e7as in the world, Cacha\u00e7a Da Tulha, aged in Jequitib\u00e1 wood barrels. The result: a delicious and harmonious recipe.<\/p>\n","protected":false},"featured_media":3110,"template":"","meta":{"_acf_changed":false,"inline_featured_image":false},"product_brand":[],"product_cat":[116,115],"product_tag":[],"class_list":{"0":"post-3659","1":"product","2":"type-product","3":"status-publish","4":"has-post-thumbnail","6":"product_cat-brazil","7":"product_cat-south-america","9":"first","10":"instock","11":"taxable","12":"shipping-taxable","13":"purchasable","14":"product-type-simple"},"bundled_by":["7041"],"bundle_stock_status":"instock","bundle_stock_quantity":54,"bundle_virtual":false,"bundle_layout":"","bundle_add_to_cart_form_location":"","bundle_editable_in_cart":false,"bundle_sold_individually_context":"","bundle_item_grouping":"","bundle_min_size":"","bundle_max_size":"","bundle_price":[],"bundled_items":[],"bundle_sell_ids":[],"acf":{"ingredients":"\u200bCacao mass (65% Brazil), sugar, lime zest, Cacha\u00e7a","energie":552,"graisse":41,"graisse_saturee":21,"glucides":34,"sucre":34,"fibre":"17","proteines":10,"sel":0},"_links":{"self":[{"href":"https:\/\/criolloquetzal.ch\/en\/wp-json\/wp\/v2\/product\/3659","targetHints":{"allow":["GET"]}}],"collection":[{"href":"https:\/\/criolloquetzal.ch\/en\/wp-json\/wp\/v2\/product"}],"about":[{"href":"https:\/\/criolloquetzal.ch\/en\/wp-json\/wp\/v2\/types\/product"}],"wp:featuredmedia":[{"embeddable":true,"href":"https:\/\/criolloquetzal.ch\/en\/wp-json\/wp\/v2\/media\/3110"}],"wp:attachment":[{"href":"https:\/\/criolloquetzal.ch\/en\/wp-json\/wp\/v2\/media?parent=3659"}],"wp:term":[{"taxonomy":"product_brand","embeddable":true,"href":"https:\/\/criolloquetzal.ch\/en\/wp-json\/wp\/v2\/product_brand?post=3659"},{"taxonomy":"product_cat","embeddable":true,"href":"https:\/\/criolloquetzal.ch\/en\/wp-json\/wp\/v2\/product_cat?post=3659"},{"taxonomy":"product_tag","embeddable":true,"href":"https:\/\/criolloquetzal.ch\/en\/wp-json\/wp\/v2\/product_tag?post=3659"}],"curies":[{"name":"wp","href":"https:\/\/api.w.org\/{rel}","templated":true}]}}