{"id":3825,"date":"2022-08-28T18:54:51","date_gmt":"2022-08-28T16:54:51","guid":{"rendered":"https:\/\/criolloquetzal.ch\/?post_type=product&#038;p=3825"},"modified":"2026-04-09T04:29:00","modified_gmt":"2026-04-09T02:29:00","slug":"mestico-dark-chocolate-62-with-coffee","status":"publish","type":"product","link":"https:\/\/criolloquetzal.ch\/en\/product\/mestico-dark-chocolate-62-with-coffee\/","title":{"rendered":"Mesti\u00e7o - Dark chocolate 62% with coffee - BRAZIL"},"content":{"rendered":"<p>Cacao from Mesti\u00e7o's rainforest at Itacar\u00e9 balances with 100% Arabica specialty coffee beans, in this classic and very Brazilian combination! Awarded by the NW Chocolate Festival in Seattle and the Academy of Chocolate in the UK.<\/p>\n","protected":false},"excerpt":{"rendered":"<p>Cacao from Mesti\u00e7o's rainforest at Itacar\u00e9 balances with 100% Arabica specialty coffee beans, in this classic and very Brazilian combination! Awarded by the NW Chocolate Festival in Seattle and the Academy of Chocolate in the UK.<\/p>\n","protected":false},"featured_media":3773,"template":"","meta":{"_acf_changed":false,"inline_featured_image":false},"product_brand":[],"product_cat":[116,115],"product_tag":[],"class_list":{"0":"post-3825","1":"product","2":"type-product","3":"status-publish","4":"has-post-thumbnail","6":"product_cat-brazil","7":"product_cat-south-america","9":"first","10":"instock","11":"taxable","12":"shipping-taxable","13":"purchasable","14":"product-type-simple"},"bundled_by":["7038"],"bundle_stock_status":"instock","bundle_stock_quantity":6,"bundle_virtual":false,"bundle_layout":"","bundle_add_to_cart_form_location":"","bundle_editable_in_cart":false,"bundle_sold_individually_context":"","bundle_item_grouping":"","bundle_min_size":"","bundle_max_size":"","bundle_price":[],"bundled_items":[],"bundle_sell_ids":[],"acf":{"ingredients":"\u200bCacao mass (59% Brazil), sugar, cacao butter, coffee beans","energie":527,"graisse":34,"graisse_saturee":20,"glucides":54,"sucre":37,"fibre":"11","proteines":8,"sel":0},"_links":{"self":[{"href":"https:\/\/criolloquetzal.ch\/en\/wp-json\/wp\/v2\/product\/3825","targetHints":{"allow":["GET"]}}],"collection":[{"href":"https:\/\/criolloquetzal.ch\/en\/wp-json\/wp\/v2\/product"}],"about":[{"href":"https:\/\/criolloquetzal.ch\/en\/wp-json\/wp\/v2\/types\/product"}],"wp:featuredmedia":[{"embeddable":true,"href":"https:\/\/criolloquetzal.ch\/en\/wp-json\/wp\/v2\/media\/3773"}],"wp:attachment":[{"href":"https:\/\/criolloquetzal.ch\/en\/wp-json\/wp\/v2\/media?parent=3825"}],"wp:term":[{"taxonomy":"product_brand","embeddable":true,"href":"https:\/\/criolloquetzal.ch\/en\/wp-json\/wp\/v2\/product_brand?post=3825"},{"taxonomy":"product_cat","embeddable":true,"href":"https:\/\/criolloquetzal.ch\/en\/wp-json\/wp\/v2\/product_cat?post=3825"},{"taxonomy":"product_tag","embeddable":true,"href":"https:\/\/criolloquetzal.ch\/en\/wp-json\/wp\/v2\/product_tag?post=3825"}],"curies":[{"name":"wp","href":"https:\/\/api.w.org\/{rel}","templated":true}]}}