{"id":3826,"date":"2022-08-28T18:54:53","date_gmt":"2022-08-28T16:54:53","guid":{"rendered":"https:\/\/criolloquetzal.ch\/?post_type=product&#038;p=3826"},"modified":"2026-04-24T13:15:23","modified_gmt":"2026-04-24T11:15:23","slug":"mestico-bonanca-dark-chocolate-75","status":"publish","type":"product","link":"https:\/\/criolloquetzal.ch\/en\/product\/mestico-bonanca-dark-chocolate-75\/","title":{"rendered":"Mesti\u00e7o - Bonan\u00e7a dark chocolate 75% - BRAZIL"},"content":{"rendered":"<p>The Bonan\u00e7a Variety is native to Mesti\u00e7o's orchards, a gift from Nature that ensures their sustainability. This intense, fruity flavored chocolate is a tribute to their heritage.<\/p>\n","protected":false},"excerpt":{"rendered":"<p>The Bonan\u00e7a Variety is native to Mesti\u00e7o's orchards, a gift from Nature that ensures their sustainability. This intense, fruity flavored chocolate is a tribute to their heritage.<\/p>\n","protected":false},"featured_media":3761,"template":"","meta":{"_acf_changed":false,"inline_featured_image":false},"product_brand":[],"product_cat":[116,115],"product_tag":[],"class_list":{"0":"post-3826","1":"product","2":"type-product","3":"status-publish","4":"has-post-thumbnail","6":"product_cat-brazil","7":"product_cat-south-america","9":"first","10":"instock","11":"taxable","12":"shipping-taxable","13":"purchasable","14":"product-type-simple"},"bundled_by":[],"bundle_stock_status":"instock","bundle_stock_quantity":4,"bundle_virtual":false,"bundle_layout":"","bundle_add_to_cart_form_location":"","bundle_editable_in_cart":false,"bundle_sold_individually_context":"","bundle_item_grouping":"","bundle_min_size":"","bundle_max_size":"","bundle_price":[],"bundled_items":[],"bundle_sell_ids":[],"acf":{"ingredients":"\u200b\u200bCacao mass (74% Brazil), sugar, cacao butter","energie":555,"graisse":41,"graisse_saturee":24,"glucides":46,"sucre":25,"fibre":"13","proteines":9,"sel":0},"_links":{"self":[{"href":"https:\/\/criolloquetzal.ch\/en\/wp-json\/wp\/v2\/product\/3826","targetHints":{"allow":["GET"]}}],"collection":[{"href":"https:\/\/criolloquetzal.ch\/en\/wp-json\/wp\/v2\/product"}],"about":[{"href":"https:\/\/criolloquetzal.ch\/en\/wp-json\/wp\/v2\/types\/product"}],"wp:featuredmedia":[{"embeddable":true,"href":"https:\/\/criolloquetzal.ch\/en\/wp-json\/wp\/v2\/media\/3761"}],"wp:attachment":[{"href":"https:\/\/criolloquetzal.ch\/en\/wp-json\/wp\/v2\/media?parent=3826"}],"wp:term":[{"taxonomy":"product_brand","embeddable":true,"href":"https:\/\/criolloquetzal.ch\/en\/wp-json\/wp\/v2\/product_brand?post=3826"},{"taxonomy":"product_cat","embeddable":true,"href":"https:\/\/criolloquetzal.ch\/en\/wp-json\/wp\/v2\/product_cat?post=3826"},{"taxonomy":"product_tag","embeddable":true,"href":"https:\/\/criolloquetzal.ch\/en\/wp-json\/wp\/v2\/product_tag?post=3826"}],"curies":[{"name":"wp","href":"https:\/\/api.w.org\/{rel}","templated":true}]}}