{"id":7041,"date":"2024-01-25T14:48:35","date_gmt":"2024-01-25T13:48:35","guid":{"rendered":"https:\/\/criolloquetzal.ch\/produit\/selection-chocolat-alcool\/"},"modified":"2024-04-01T21:24:09","modified_gmt":"2024-04-01T19:24:09","slug":"dark-chocolate-with-liquor-bundle","status":"publish","type":"product","link":"https:\/\/criolloquetzal.ch\/en\/product\/dark-chocolate-with-liquor-bundle\/","title":{"rendered":"Dark chocolate with liquor Bundle"},"content":{"rendered":"<p>Take a trip around the world with our five best liquor-infused chocolate tablets: from fruity Brazilian caipirinha to the dark notes of Philippino rum, from the intensely smoky taste of Mexican Mezcal to the woody flavor of Dominican rum.<\/p>\n<p>A selection of dark chocolate to treat yourself or your loved ones. Discover the powerful blend of cocoa and exceptional spirits, elevated by the expertise of the finest artisan chocolatiers.<\/p>\n<p>You\u2019ll find 5 chocolate bars in this exclusive selection:<\/p>\n<ul>\n<li><a href=\"https:\/\/criolloquetzal.ch\/en\/product\/baiani-dark-chocolate-65-with-caipirinha-and-lime-zest\/\">Baian\u00ed<\/a> - Dark Chocolate 65% with Caipirinha and Lime zest - BRAZIL - 58g<\/li>\n<li><a href=\"https:\/\/criolloquetzal.ch\/en\/product\/metiche-dark-chocolate-70-mezcal-mexico\/\">Metiche<\/a> - Dark chocolate 70% with mezcal - MEXICO - 70g<\/li>\n<li><a href=\"https:\/\/criolloquetzal.ch\/en\/product\/auro-dark-chocolate-70-rum-infused\/\">Auro<\/a> - Dark chocolate 70% rum infused - PHILIPPINES - 60g<\/li>\n<li><a href=\"https:\/\/criolloquetzal.ch\/en\/product\/mestico-72-dark-chocolate-cachaca-brazil\/\">Mesti\u00e7o<\/a> - 72% dark chocolate with cacha\u00e7a - BRAZIL - 60g<\/li>\n<li><a href=\"https:\/\/criolloquetzal.ch\/en\/product\/definite-dark-chocolate-75-finca-elvesia-rum-dominican-republic\/\">Definite<\/a> - Dark chocolate 75% Finca Elvesia with rum - DOM. REP. - 60g<\/li>\n<\/ul>\n","protected":false},"excerpt":{"rendered":"<p>Take a trip around the world with our five best liquor-infused chocolate tablets: from fruity Brazilian caipirinha to the dark notes of Philippino rum, from the intensely smoky taste of Mexican Mezcal to the woody flavor of Dominican rum.<\/p>\n<p>A selection of dark chocolate to treat yourself or your loved ones. Discover the powerful blend of cocoa and exceptional spirits, elevated by the expertise of the finest artisan chocolatiers.<\/p>\n<p>You\u2019ll find 5 chocolate bars in this exclusive selection:<\/p>\n<ul>\n<li><a href=\"https:\/\/criolloquetzal.ch\/en\/product\/baiani-dark-chocolate-65-with-caipirinha-and-lime-zest\/\">Baian\u00ed<\/a> - Dark Chocolate 65% with Caipirinha and Lime zest - BRAZIL - 58g<\/li>\n<li><a href=\"https:\/\/criolloquetzal.ch\/en\/product\/metiche-dark-chocolate-70-mezcal-mexico\/\">Metiche<\/a> - Dark chocolate 70% with mezcal - MEXICO - 70g<\/li>\n<li><a href=\"https:\/\/criolloquetzal.ch\/en\/product\/auro-dark-chocolate-70-rum-infused\/\">Auro<\/a> - Dark chocolate 70% rum infused - PHILIPPINES - 60g<\/li>\n<li><a href=\"https:\/\/criolloquetzal.ch\/en\/product\/mestico-72-dark-chocolate-cachaca-brazil\/\">Mesti\u00e7o<\/a> - 72% dark chocolate with cacha\u00e7a - BRAZIL - 60g<\/li>\n<li><a href=\"https:\/\/criolloquetzal.ch\/en\/product\/definite-dark-chocolate-75-finca-elvesia-rum-dominican-republic\/\">Definite<\/a> - Dark chocolate 75% Finca Elvesia with rum - DOM. REP. - 60g<\/li>\n<\/ul>\n","protected":false},"featured_media":7225,"template":"","meta":{"_acf_changed":false,"inline_featured_image":false},"product_brand":[],"product_cat":[803],"product_tag":[],"class_list":{"0":"post-7041","1":"product","2":"type-product","3":"status-publish","4":"has-post-thumbnail","6":"product_cat-pack-en","8":"first","9":"instock","10":"virtual","11":"taxable","12":"purchasable","13":"product-type-bundle"},"bundled_by":[],"bundle_stock_status":"instock","bundle_stock_quantity":1,"bundle_virtual":false,"bundle_layout":"grid","bundle_add_to_cart_form_location":"default","bundle_editable_in_cart":false,"bundle_sold_individually_context":"product","bundle_item_grouping":"parent","bundle_min_size":"","bundle_max_size":"","bundle_price":{"price":{"min":{"incl_tax":"45","excl_tax":"43.859649"},"max":{"incl_tax":"45","excl_tax":"43.859649"}},"regular_price":{"min":{"incl_tax":"45","excl_tax":"43.859649"},"max":{"incl_tax":"45","excl_tax":"43.859649"}}},"bundled_items":[{"bundled_item_id":57,"product_id":2908,"menu_order":0,"quantity_min":1,"quantity_max":1,"quantity_default":1,"priced_individually":false,"shipped_individually":false,"override_title":false,"title":"Auro - Dark chocolate 70% rum infused - PHILIPPINES","override_description":false,"description":"Auro - Dark chocolate 70% rum infused - PHILIPPINES","optional":false,"hide_thumbnail":false,"discount":"","override_variations":false,"allowed_variations":[""],"override_default_variation_attributes":false,"default_variation_attributes":[],"single_product_visibility":"hidden","cart_visibility":"hidden","order_visibility":"hidden","single_product_price_visibility":"visible","cart_price_visibility":"visible","order_price_visibility":"visible","stock_status":"in_stock"},{"bundled_item_id":58,"product_id":5974,"menu_order":1,"quantity_min":1,"quantity_max":1,"quantity_default":1,"priced_individually":false,"shipped_individually":false,"override_title":false,"title":"Definite - Dark chocolate 75% Finca Elvesia with rum - DOMINICAN REPUBLIC","override_description":false,"description":"Definite - Dark chocolate 75% Finca Elvesia with rum - DOMINICAN REPUBLIC","optional":false,"hide_thumbnail":false,"discount":"","override_variations":false,"allowed_variations":[""],"override_default_variation_attributes":false,"default_variation_attributes":[],"single_product_visibility":"hidden","cart_visibility":"hidden","order_visibility":"hidden","single_product_price_visibility":"visible","cart_price_visibility":"visible","order_price_visibility":"visible","stock_status":"in_stock"},{"bundled_item_id":59,"product_id":6406,"menu_order":2,"quantity_min":1,"quantity_max":1,"quantity_default":1,"priced_individually":false,"shipped_individually":false,"override_title":false,"title":"Metiche - Dark chocolate 70% with mezcal - MEXICO","override_description":false,"description":"Metiche - Dark chocolate 70% with mezcal - MEXICO","optional":false,"hide_thumbnail":false,"discount":"","override_variations":false,"allowed_variations":[""],"override_default_variation_attributes":false,"default_variation_attributes":[],"single_product_visibility":"hidden","cart_visibility":"hidden","order_visibility":"hidden","single_product_price_visibility":"visible","cart_price_visibility":"visible","order_price_visibility":"visible","stock_status":"in_stock"},{"bundled_item_id":60,"product_id":3659,"menu_order":3,"quantity_min":1,"quantity_max":1,"quantity_default":1,"priced_individually":false,"shipped_individually":false,"override_title":false,"title":"Baian\u00ed - Dark Chocolate 65% with Caipirinha and Lime zest - BRAZIL","override_description":false,"description":"Baian\u00ed - Dark Chocolate 65% with Caipirinha and Lime zest - BRAZIL","optional":false,"hide_thumbnail":false,"discount":"","override_variations":false,"allowed_variations":[""],"override_default_variation_attributes":false,"default_variation_attributes":[],"single_product_visibility":"hidden","cart_visibility":"hidden","order_visibility":"hidden","single_product_price_visibility":"visible","cart_price_visibility":"visible","order_price_visibility":"visible","stock_status":"in_stock"},{"bundled_item_id":61,"product_id":6392,"menu_order":4,"quantity_min":1,"quantity_max":1,"quantity_default":1,"priced_individually":false,"shipped_individually":false,"override_title":false,"title":"Mesti\u00e7o - 72% dark chocolate with cacha\u00e7a - BRAZIL","override_description":false,"description":"Mesti\u00e7o - 72% dark chocolate with cacha\u00e7a - BRAZIL","optional":false,"hide_thumbnail":false,"discount":"","override_variations":false,"allowed_variations":[""],"override_default_variation_attributes":false,"default_variation_attributes":[],"single_product_visibility":"hidden","cart_visibility":"hidden","order_visibility":"hidden","single_product_price_visibility":"visible","cart_price_visibility":"visible","order_price_visibility":"visible","stock_status":"in_stock"}],"bundle_sell_ids":[],"acf":{"ingredients":"","energie":0,"graisse":0,"graisse_saturee":0,"glucides":0,"sucre":0,"fibre":"0","proteines":0,"sel":0},"_links":{"self":[{"href":"https:\/\/criolloquetzal.ch\/en\/wp-json\/wp\/v2\/product\/7041","targetHints":{"allow":["GET"]}}],"collection":[{"href":"https:\/\/criolloquetzal.ch\/en\/wp-json\/wp\/v2\/product"}],"about":[{"href":"https:\/\/criolloquetzal.ch\/en\/wp-json\/wp\/v2\/types\/product"}],"wp:featuredmedia":[{"embeddable":true,"href":"https:\/\/criolloquetzal.ch\/en\/wp-json\/wp\/v2\/media\/7225"}],"wp:attachment":[{"href":"https:\/\/criolloquetzal.ch\/en\/wp-json\/wp\/v2\/media?parent=7041"}],"wp:term":[{"taxonomy":"product_brand","embeddable":true,"href":"https:\/\/criolloquetzal.ch\/en\/wp-json\/wp\/v2\/product_brand?post=7041"},{"taxonomy":"product_cat","embeddable":true,"href":"https:\/\/criolloquetzal.ch\/en\/wp-json\/wp\/v2\/product_cat?post=7041"},{"taxonomy":"product_tag","embeddable":true,"href":"https:\/\/criolloquetzal.ch\/en\/wp-json\/wp\/v2\/product_tag?post=7041"}],"curies":[{"name":"wp","href":"https:\/\/api.w.org\/{rel}","templated":true}]}}