{"id":7932,"date":"2025-02-16T18:28:59","date_gmt":"2025-02-16T17:28:59","guid":{"rendered":"https:\/\/criolloquetzal.ch\/produit\/belu-dark-chocolate-70-with-coffee-el-salvador\/"},"modified":"2026-04-24T10:14:58","modified_gmt":"2026-04-24T08:14:58","slug":"belu-dark-chocolate-70-with-coffee-el-salvador","status":"publish","type":"product","link":"https:\/\/criolloquetzal.ch\/en\/product\/belu-dark-chocolate-70-with-coffee-el-salvador\/","title":{"rendered":"Bel\u00fa - Dark chocolate 70% with coffee - EL SALVADOR"},"content":{"rendered":"<p>This award-winning bar is designed for espresso lovers. Elsalvadorcoffee provides Bel\u00fa with its coffee from Ahuachap\u00e1n, El Salvador, winner of the Illy Cup.<\/p>\n<p>Bel\u00fa's blend of 70% dark chocolate and coffee starts with a subtle flavor that gradually intensifies as it melts in the mouth.<\/p>\n","protected":false},"excerpt":{"rendered":"<p>This award-winning bar is designed for espresso lovers. Elsalvadorcoffee provides Bel\u00fa with its coffee from Ahuachap\u00e1n, El Salvador, winner of the Illy Cup. Bel\u00fa's blend of 70% dark chocolate and coffee starts with a subtle flavor that gradually intensifies as it melts in the mouth.<\/p>\n","protected":false},"featured_media":7901,"template":"","meta":{"_acf_changed":false,"inline_featured_image":false},"product_brand":[],"product_cat":[866,96],"product_tag":[],"class_list":{"0":"post-7932","1":"product","2":"type-product","3":"status-publish","4":"has-post-thumbnail","6":"product_cat-el-salvador-en","7":"product_cat-central-america","9":"first","10":"instock","11":"taxable","12":"shipping-taxable","13":"purchasable","14":"product-type-simple"},"bundled_by":[],"bundle_stock_status":"instock","bundle_stock_quantity":50,"bundle_virtual":false,"bundle_layout":"","bundle_add_to_cart_form_location":"","bundle_editable_in_cart":false,"bundle_sold_individually_context":"","bundle_item_grouping":"","bundle_min_size":"","bundle_max_size":"","bundle_price":[],"bundled_items":[],"bundle_sell_ids":[],"acf":{"ingredients":"Cocoa beans (70% Salvador), cane sugar, coffee beans","energie":600,"graisse":41,"graisse_saturee":25,"glucides":53,"sucre":29,"fibre":"0","proteines":9,"sel":0},"_links":{"self":[{"href":"https:\/\/criolloquetzal.ch\/en\/wp-json\/wp\/v2\/product\/7932","targetHints":{"allow":["GET"]}}],"collection":[{"href":"https:\/\/criolloquetzal.ch\/en\/wp-json\/wp\/v2\/product"}],"about":[{"href":"https:\/\/criolloquetzal.ch\/en\/wp-json\/wp\/v2\/types\/product"}],"wp:featuredmedia":[{"embeddable":true,"href":"https:\/\/criolloquetzal.ch\/en\/wp-json\/wp\/v2\/media\/7901"}],"wp:attachment":[{"href":"https:\/\/criolloquetzal.ch\/en\/wp-json\/wp\/v2\/media?parent=7932"}],"wp:term":[{"taxonomy":"product_brand","embeddable":true,"href":"https:\/\/criolloquetzal.ch\/en\/wp-json\/wp\/v2\/product_brand?post=7932"},{"taxonomy":"product_cat","embeddable":true,"href":"https:\/\/criolloquetzal.ch\/en\/wp-json\/wp\/v2\/product_cat?post=7932"},{"taxonomy":"product_tag","embeddable":true,"href":"https:\/\/criolloquetzal.ch\/en\/wp-json\/wp\/v2\/product_tag?post=7932"}],"curies":[{"name":"wp","href":"https:\/\/api.w.org\/{rel}","templated":true}]}}