{"id":8456,"date":"2025-03-23T12:29:01","date_gmt":"2025-03-23T11:29:01","guid":{"rendered":"https:\/\/criolloquetzal.ch\/produit\/tibito-dark-chocolate-65-with-rangpur-lime-colombia\/"},"modified":"2026-04-15T00:32:52","modified_gmt":"2026-04-14T22:32:52","slug":"tibito-dark-chocolate-65-rangpur-lime-colombia","status":"publish","type":"product","link":"https:\/\/criolloquetzal.ch\/en\/product\/tibito-dark-chocolate-65-rangpur-lime-colombia\/","title":{"rendered":"Tibit\u00f3 - Dark chocolate 65% with Rangpur lime - COLOMBIA"},"content":{"rendered":"<p>One of Tibit\u00f3's latest creations, this dark chocolate 65% with rangpur lime from Viot\u00e1 (Cundinamarca) offers a beautiful balance of textures and tangy, fresh flavors.<\/p>\n<p>The cocoa is infused at a controlled temperature with the peels of this mandarin, then mixed with cocoa butter and cane sugar. Finally, pieces of mandarin peel are added to the chocolate to give it a bit of crunch.<\/p>\n","protected":false},"excerpt":{"rendered":"<p>One of Tibit\u00f3's latest creations, this dark chocolate 65% with rangpur lime from Viot\u00e1 (Cundinamarca) offers a beautiful balance of textures and tangy, fresh flavors. The cocoa is infused at a controlled temperature with the peels of this mandarin, then mixed with cocoa butter and cane sugar. Finally, pieces of mandarin peel are added to the chocolate to give it a bit of crunch.<\/p>\n","protected":false},"featured_media":8137,"template":"","meta":{"_acf_changed":false,"inline_featured_image":false},"product_brand":[],"product_cat":[787,115],"product_tag":[],"class_list":{"0":"post-8456","1":"product","2":"type-product","3":"status-publish","4":"has-post-thumbnail","6":"product_cat-colombia","7":"product_cat-south-america","9":"first","10":"outofstock","11":"taxable","12":"shipping-taxable","13":"purchasable","14":"product-type-simple"},"bundled_by":[],"bundle_stock_status":"outofstock","bundle_stock_quantity":0,"bundle_virtual":false,"bundle_layout":"","bundle_add_to_cart_form_location":"","bundle_editable_in_cart":false,"bundle_sold_individually_context":"","bundle_item_grouping":"","bundle_min_size":"","bundle_max_size":"","bundle_price":[],"bundled_items":[],"bundle_sell_ids":[],"acf":{"ingredients":"Cocoa mass (65% Colombia), sugar, rangpur lime peel<span class=\"redactor-invisible-space\" data-verified=\"redactor\" data-redactor-tag=\"span\" data-redactor-class=\"redactor-invisible-space\">, sunflower lecithin<\/span>","energie":565,"graisse":42,"graisse_saturee":27,"glucides":45,"sucre":26,"fibre":"8","proteines":6,"sel":0},"_links":{"self":[{"href":"https:\/\/criolloquetzal.ch\/en\/wp-json\/wp\/v2\/product\/8456","targetHints":{"allow":["GET"]}}],"collection":[{"href":"https:\/\/criolloquetzal.ch\/en\/wp-json\/wp\/v2\/product"}],"about":[{"href":"https:\/\/criolloquetzal.ch\/en\/wp-json\/wp\/v2\/types\/product"}],"wp:featuredmedia":[{"embeddable":true,"href":"https:\/\/criolloquetzal.ch\/en\/wp-json\/wp\/v2\/media\/8137"}],"wp:attachment":[{"href":"https:\/\/criolloquetzal.ch\/en\/wp-json\/wp\/v2\/media?parent=8456"}],"wp:term":[{"taxonomy":"product_brand","embeddable":true,"href":"https:\/\/criolloquetzal.ch\/en\/wp-json\/wp\/v2\/product_brand?post=8456"},{"taxonomy":"product_cat","embeddable":true,"href":"https:\/\/criolloquetzal.ch\/en\/wp-json\/wp\/v2\/product_cat?post=8456"},{"taxonomy":"product_tag","embeddable":true,"href":"https:\/\/criolloquetzal.ch\/en\/wp-json\/wp\/v2\/product_tag?post=8456"}],"curies":[{"name":"wp","href":"https:\/\/api.w.org\/{rel}","templated":true}]}}