{"id":627,"date":"2021-12-30T09:55:09","date_gmt":"2021-12-30T08:55:09","guid":{"rendered":"https:\/\/criolloquetzal.ch\/blog\/"},"modified":"2025-04-25T21:36:40","modified_gmt":"2025-04-25T19:36:40","slug":"blog-cioccolato","status":"publish","type":"page","link":"https:\/\/criolloquetzal.ch\/it\/blog-cioccolato\/","title":{"rendered":"Blog"},"content":{"rendered":"<h1 style=\"font-size: 24px;\"><img loading=\"lazy\" decoding=\"async\" class=\"wp-image-880 alignright\" src=\"https:\/\/criolloquetzal.ch\/wp-content\/uploads\/2022\/03\/quetzal-left-594x1024.png\" alt=\"Blog del cioccolato CriolloQuetzal: Bean-to-Bar e Tree-to-Bar\" width=\"238\" height=\"410\" srcset=\"https:\/\/criolloquetzal.ch\/wp-content\/uploads\/2022\/03\/quetzal-left-594x1024.png 594w, https:\/\/criolloquetzal.ch\/wp-content\/uploads\/2022\/03\/quetzal-left-174x300.png 174w, https:\/\/criolloquetzal.ch\/wp-content\/uploads\/2022\/03\/quetzal-left-768x1325.png 768w, https:\/\/criolloquetzal.ch\/wp-content\/uploads\/2022\/03\/quetzal-left-890x1536.png 890w, https:\/\/criolloquetzal.ch\/wp-content\/uploads\/2022\/03\/quetzal-left-600x1035.png 600w, https:\/\/criolloquetzal.ch\/wp-content\/uploads\/2022\/03\/quetzal-left-64x110.png 64w, https:\/\/criolloquetzal.ch\/wp-content\/uploads\/2022\/03\/quetzal-left.png 1000w\" sizes=\"auto, (max-width: 238px) 100vw, 238px\" \/>CriolloQuetzal - Il blog svizzero del cioccolato<\/h1>\n<p>In qualit\u00e0 di <a href=\"https:\/\/criolloquetzal.ch\/it\/boutique\/\">Negozio<\/a> svizzero di riferimento per il cioccolato Bean-to-Bar e Tree-to-Bar e per il nostro impegno nel promuovere i piccoli produttori di cioccolato di tutto il mondo, ci piace condividere la nostra passione e farla scoprire a quante pi\u00f9 persone possibile!<\/p>\n<p>Seguiteci nella scoperta del cioccolato svizzero e di quello d\u2019altrove dei migliori cioccolatai dei paesi produttori di cacao, ma anche dei grandi marchi che vi faremo scoprire sotto una luce totalmente nuova.<\/p>\n<p>Scoprite le migliori tecniche di coltivazione del <a href=\"https:\/\/it.wikipedia.org\/wiki\/Theobroma_cacao\" target=\"_blank\" rel=\"noopener\">cacao<\/a>, nonch\u00e9 le sue specificit\u00e0 botaniche e le sue numerose virt\u00f9.<\/p>\n<p>Iniziate a conoscere, con tutti i sensi, questo prodotto eccezionale che \u00e8 il cioccolato fondente e ad identificare i prodotti di buona qualit\u00e0, realizzati da cioccolatai che lavorano nel massimo rispetto degli standard sociali e ambientali.<\/p>\n<p>Per non perdere nessuna delle nostre nuove pubblicazioni, iscrivetevi alla nostra <a class=\"modalnewsletter\" href=\"https:\/\/eepurl.com\/hJMqIn\" target=\"_blank\" rel=\"noopener\">Newsletter<\/a>.<\/p>\n<p>Vi auguriamo una buona lettura e tante gustose scoperte!<\/p>\n","protected":false},"excerpt":{"rendered":"<p>CriolloQuetzal - Il blog svizzero del cioccolato In qualit\u00e0 di Negozio svizzero di riferimento per il cioccolato Bean-to-Bar e Tree-to-Bar e per il nostro impegno nel promuovere i piccoli produttori di cioccolato di tutto il mondo, ci piace condividere la nostra passione e farla scoprire a quante pi\u00f9 persone possibile! Seguiteci nella scoperta del cioccolato [&hellip;]<\/p>\n","protected":false},"author":1,"featured_media":1265,"parent":0,"menu_order":50,"comment_status":"closed","ping_status":"closed","template":"","meta":{"_acf_changed":false,"inline_featured_image":false,"footnotes":""},"class_list":["post-627","page","type-page","status-publish","has-post-thumbnail","hentry"],"acf":[],"_links":{"self":[{"href":"https:\/\/criolloquetzal.ch\/it\/wp-json\/wp\/v2\/pages\/627","targetHints":{"allow":["GET"]}}],"collection":[{"href":"https:\/\/criolloquetzal.ch\/it\/wp-json\/wp\/v2\/pages"}],"about":[{"href":"https:\/\/criolloquetzal.ch\/it\/wp-json\/wp\/v2\/types\/page"}],"author":[{"embeddable":true,"href":"https:\/\/criolloquetzal.ch\/it\/wp-json\/wp\/v2\/users\/1"}],"replies":[{"embeddable":true,"href":"https:\/\/criolloquetzal.ch\/it\/wp-json\/wp\/v2\/comments?post=627"}],"version-history":[{"count":1,"href":"https:\/\/criolloquetzal.ch\/it\/wp-json\/wp\/v2\/pages\/627\/revisions"}],"predecessor-version":[{"id":8369,"href":"https:\/\/criolloquetzal.ch\/it\/wp-json\/wp\/v2\/pages\/627\/revisions\/8369"}],"wp:featuredmedia":[{"embeddable":true,"href":"https:\/\/criolloquetzal.ch\/it\/wp-json\/wp\/v2\/media\/1265"}],"wp:attachment":[{"href":"https:\/\/criolloquetzal.ch\/it\/wp-json\/wp\/v2\/media?parent=627"}],"curies":[{"name":"wp","href":"https:\/\/api.w.org\/{rel}","templated":true}]}}