{"id":925,"date":"2020-09-11T08:38:10","date_gmt":"2020-09-11T06:38:10","guid":{"rendered":"https:\/\/criolloquetzal.ch\/?page_id=925"},"modified":"2023-05-15T12:15:52","modified_gmt":"2023-05-15T10:15:52","slug":"menzioni-legali","status":"publish","type":"page","link":"https:\/\/criolloquetzal.ch\/it\/menzioni-legali\/","title":{"rendered":"Menzioni legali"},"content":{"rendered":"<h3>Societ\u00e0<span data-ccp-props=\"{&quot;201341983&quot;:0,&quot;335559731&quot;:360,&quot;335559739&quot;:160,&quot;335559740&quot;:240}\">\u00a0<\/span><\/h3>\n<p><span data-contrast=\"auto\">CriolloQuetzal S.R.L.<\/span><span data-ccp-props=\"{&quot;201341983&quot;:0,&quot;335559731&quot;:360,&quot;335559739&quot;:160,&quot;335559740&quot;:240}\"><br \/>\n<\/span><span data-contrast=\"auto\">Rue des Cerisiers 10<\/span><span data-ccp-props=\"{&quot;201341983&quot;:0,&quot;335559731&quot;:360,&quot;335559739&quot;:160,&quot;335559740&quot;:240}\"><br \/>\n<\/span><span data-contrast=\"auto\">1530 Payerne<\/span><span data-ccp-props=\"{&quot;201341983&quot;:0,&quot;335559685&quot;:360,&quot;335559739&quot;:160,&quot;335559740&quot;:240}\">\u00a0<\/span><\/p>\n<p>Rappresentata da<br \/>\n<span data-contrast=\"auto\">Direttore: Signor Thierry Haas<\/span><span data-ccp-props=\"{&quot;201341983&quot;:0,&quot;335559731&quot;:360,&quot;335559739&quot;:160,&quot;335559740&quot;:240}\">\u00a0<\/span><\/p>\n<h3>Contatto<span data-ccp-props=\"{&quot;201341983&quot;:0,&quot;335559685&quot;:360,&quot;335559739&quot;:160,&quot;335559740&quot;:240}\">\u00a0<\/span><\/h3>\n<p><span data-contrast=\"auto\">Tel. 077 267 21 38<\/span><span data-ccp-props=\"{&quot;201341983&quot;:0,&quot;335559685&quot;:360,&quot;335559739&quot;:160,&quot;335559740&quot;:240}\"><br \/>\n<\/span><span data-contrast=\"auto\">E-mail: choco(at)criolloquetzal.com<\/span><span data-ccp-props=\"{&quot;201341983&quot;:0,&quot;335559685&quot;:360,&quot;335559739&quot;:160,&quot;335559740&quot;:240}\">\u00a0<\/span><span data-ccp-props=\"{&quot;201341983&quot;:0,&quot;335559685&quot;:360,&quot;335559739&quot;:160,&quot;335559740&quot;:240}\">\u00a0<\/span><\/p>\n<h3>Iscrizione nel registro di commercio<\/h3>\n<p><span data-contrast=\"auto\">Iscritta nel registro di commercio del Vaud<\/span><span data-ccp-props=\"{&quot;201341983&quot;:0,&quot;335559685&quot;:360,&quot;335559739&quot;:160,&quot;335559740&quot;:240}\"><br \/>\n<\/span><span data-contrast=\"auto\">Numero di registro: CHE-210.403.174<\/span><span data-ccp-props=\"{&quot;201341983&quot;:0,&quot;335559685&quot;:360,&quot;335559739&quot;:160,&quot;335559740&quot;:240}\">\u00a0<\/span><\/p>\n<h3>Imposta sul valore aggiunto<\/h3>\n<p><span data-contrast=\"auto\">Numero di identificazione IVA: CHE-210.403.174 TVA<\/span><\/p>\n<h3>Non responsabilit\u00e0 per danni<\/h3>\n<p><span data-contrast=\"auto\">Sono escluse rivendicazioni di responsabilit\u00e0 nei nostri confronti per danni materiali o immateriali di qualsiasi tipo causati dall'accesso, dall'uso o dal mancato uso delle informazioni pubblicate, dall'uso improprio del collegamento o da altri malfunzionamenti tecnici.<\/span><span data-ccp-props=\"{&quot;201341983&quot;:0,&quot;335559685&quot;:360,&quot;335559739&quot;:160,&quot;335559740&quot;:240}\">\u00a0<\/span><\/p>\n<h3>Esclusione di responsabilit\u00e0 per le offerte<\/h3>\n<p><span data-contrast=\"auto\">Tutte le offerte sono soggette a modifiche senza preavviso. Parti delle pagine o la pubblicazione completa, comprese tutte le offerte e le informazioni, possono essere da noi ampliate, modificate o cancellate parzialmente o completamente senza preavviso o interrompendo la pubblicazione temporaneamente o definitivamente.<\/span><span data-ccp-props=\"{&quot;201341983&quot;:0,&quot;335559685&quot;:360,&quot;335559739&quot;:160,&quot;335559740&quot;:240}\">\u00a0<\/span><\/p>\n<h3>Esclusione di responsabilit\u00e0 per i contenuti del nostro sito<\/h3>\n<p><span data-contrast=\"auto\">Non ci assumiamo alcuna responsabilit\u00e0 per la correttezza, l'attualit\u00e0, l'accuratezza, la completezza e l'affidabilit\u00e0 delle informazioni fornite.<\/span><span data-ccp-props=\"{&quot;201341983&quot;:0,&quot;335559685&quot;:360,&quot;335559739&quot;:160,&quot;335559740&quot;:240}\">\u00a0<\/span><\/p>\n<p><span data-contrast=\"auto\">Non siamo inoltre obbligati a monitorare le informazioni di terzi trasmesse o memorizzate, n\u00e9 siamo obbligati a indagare su fatti che indichino un'attivit\u00e0 illegale.<\/span><span data-ccp-props=\"{&quot;201341983&quot;:0,&quot;335559685&quot;:360,&quot;335559739&quot;:160,&quot;335559740&quot;:240}\">\u00a0<\/span><\/p>\n<p><span data-contrast=\"auto\">Restano impregiudicati gli obblighi di rimuovere o bloccare l'uso delle informazioni in conformit\u00e0 con la legislazione generale. Tuttavia, la nostra responsabilit\u00e0 in questo senso \u00e8 possibile solo dal momento in cui veniamo a conoscenza di una concreta violazione della legge. Non appena veniamo a conoscenza di tali violazioni, ci impegniamo a rimuovere immediatamente i relativi contenuti.<\/span><span data-ccp-props=\"{&quot;201341983&quot;:0,&quot;335559685&quot;:360,&quot;335559739&quot;:160,&quot;335559740&quot;:240}\">\u00a0<\/span><span data-ccp-props=\"{&quot;201341983&quot;:0,&quot;335559739&quot;:160,&quot;335559740&quot;:240}\">\u00a0<\/span><\/p>\n<h3>Esclusione di responsabilit\u00e0 per i link ad altri siti web<\/h3>\n<p><span data-contrast=\"auto\">La nostra offerta contiene link a siti web di terzi, sul cui contenuto non abbiamo alcun controllo. Pertanto, non possiamo assumere alcuna garanzia per tali contenuti esterni. Solo il rispettivo provider o gestore \u00e8 responsabile del contenuto dei siti collegati. Al momento del collegamento, i siti collegati sono stati controllati per verificare la presenza di eventuali violazioni legali. Durante questi controlli non \u00e8 stato trovato alcun contenuto illegale.<\/span><span data-ccp-props=\"{&quot;201341983&quot;:0,&quot;335559685&quot;:360,&quot;335559739&quot;:160,&quot;335559740&quot;:240}\">\u00a0<\/span><\/p>\n<p><span data-contrast=\"auto\">Tuttavia, in assenza di sospetti concreti, non \u00e8 possibile garantire un controllo permanente del contenuto dei siti collegati. Non appena veniamo a conoscenza di tali violazioni, ci impegniamo a rimuovere immediatamente tali collegamenti.<\/span><span data-ccp-props=\"{&quot;201341983&quot;:0,&quot;335559685&quot;:360,&quot;335559739&quot;:160,&quot;335559740&quot;:240}\">\u00a0<\/span><\/p>\n<h3>Diritti d\u2019autore<\/h3>\n<p><span data-contrast=\"auto\">I contenuti e le opere creati dal gestore del sito e inseriti in questo sito sono soggetti al diritto d'autore svizzero. La riproduzione, l'elaborazione, la distribuzione e qualsiasi altro utilizzo di tali contenuti e opere al di fuori dei limiti della legge sul diritto d'autore richiedono il consenso scritto del rispettivo autore o inventore. I download e le copie di questo sito sono consentiti solo per uso privato e non commerciale.<\/span><span data-ccp-props=\"{&quot;201341983&quot;:0,&quot;335559685&quot;:360,&quot;335559739&quot;:160,&quot;335559740&quot;:240}\">\u00a0<\/span><\/p>\n<p><span data-contrast=\"auto\">Nel caso in cui i contenuti di questo sito non siano stati prodotti dall'operatore, garantiamo il rispetto dei diritti d'autore di terzi. In particolare, i contenuti di terzi sono identificati come tali sul sito. Se tuttavia doveste venire a conoscenza di una violazione del diritto d'autore, vi saremmo grati se ci informaste. Non appena veniamo a conoscenza di una tale violazione, ci impegniamo a rimuovere immediatamente i relativi contenuti.<\/span><span data-ccp-props=\"{&quot;201341983&quot;:0,&quot;335559685&quot;:360,&quot;335559739&quot;:160,&quot;335559740&quot;:240}\">\u00a0<\/span><\/p>\n<h3>Risoluzione delle controversie<\/h3>\n<p><span data-contrast=\"auto\">Non siamo n\u00e9 disposti n\u00e9 obbligati a partecipare a procedimenti di risoluzione delle controversie dinanzi a un'organizzazione alternativa per la risoluzione delle controversie in materia di consumo. Il foro competente esclusivo \u00e8 quello di Payerne, Vaud, con riserva di ricorso al Tribunale federale.<\/span><span data-ccp-props=\"{&quot;201341983&quot;:0,&quot;335559685&quot;:360,&quot;335559739&quot;:160,&quot;335559740&quot;:240}\">\u00a0<\/span><\/p>\n<p>&nbsp;<\/p>\n<p>Payerne, gennaio 2022<\/p>\n","protected":false},"excerpt":{"rendered":"<p>Societ\u00e0\u00a0 CriolloQuetzal S.R.L. Rue des Cerisiers 10 1530 Payerne\u00a0 Rappresentata da Direttore: Signor Thierry Haas\u00a0 Contatto\u00a0 Tel. 077 267 21 38 E-mail: choco(at)criolloquetzal.com\u00a0\u00a0 Iscrizione nel registro di commercio Iscritta nel registro di commercio del Vaud Numero di registro: CHE-210.403.174\u00a0 Imposta sul valore aggiunto Numero di identificazione IVA: CHE-210.403.174 TVA Non responsabilit\u00e0 per danni Sono escluse [&hellip;]<\/p>\n","protected":false},"author":1,"featured_media":1265,"parent":0,"menu_order":80,"comment_status":"closed","ping_status":"closed","template":"","meta":{"_acf_changed":false,"inline_featured_image":false,"footnotes":""},"class_list":["post-925","page","type-page","status-publish","has-post-thumbnail","hentry"],"acf":[],"_links":{"self":[{"href":"https:\/\/criolloquetzal.ch\/it\/wp-json\/wp\/v2\/pages\/925","targetHints":{"allow":["GET"]}}],"collection":[{"href":"https:\/\/criolloquetzal.ch\/it\/wp-json\/wp\/v2\/pages"}],"about":[{"href":"https:\/\/criolloquetzal.ch\/it\/wp-json\/wp\/v2\/types\/page"}],"author":[{"embeddable":true,"href":"https:\/\/criolloquetzal.ch\/it\/wp-json\/wp\/v2\/users\/1"}],"replies":[{"embeddable":true,"href":"https:\/\/criolloquetzal.ch\/it\/wp-json\/wp\/v2\/comments?post=925"}],"version-history":[{"count":0,"href":"https:\/\/criolloquetzal.ch\/it\/wp-json\/wp\/v2\/pages\/925\/revisions"}],"wp:featuredmedia":[{"embeddable":true,"href":"https:\/\/criolloquetzal.ch\/it\/wp-json\/wp\/v2\/media\/1265"}],"wp:attachment":[{"href":"https:\/\/criolloquetzal.ch\/it\/wp-json\/wp\/v2\/media?parent=925"}],"curies":[{"name":"wp","href":"https:\/\/api.w.org\/{rel}","templated":true}]}}