{"id":941,"date":"2020-07-07T15:30:06","date_gmt":"2020-07-07T13:30:06","guid":{"rendered":"https:\/\/criolloquetzal.ch\/?page_id=941"},"modified":"2026-02-14T17:51:33","modified_gmt":"2026-02-14T16:51:33","slug":"condizioni-generali-di-vendita","status":"publish","type":"page","link":"https:\/\/criolloquetzal.ch\/it\/condizioni-generali-di-vendita\/","title":{"rendered":"Condizioni generali di vendita"},"content":{"rendered":"<h3>1. Ambito di applicazione<\/h3>\n<p>Le presenti condizioni generali di vendita (CGV) si applicano a tutti gli ordini effettuati dai nostri clienti tramite il negozio online di CriolloQuetzal S.R.L., Rue des Cerisiers 10, 1530 Payerne, \u00a0tel: 077 267 21 38, e-mail: choco@criolloquetzal.com, numero di identificazione: CHE-210.403.174 (di seguito denominato negozio online CriolloQuetzal).<\/p>\n<h3>2. Offerta e conclusione del contratto<\/h3>\n<h4>2.1<\/h4>\n<p>La presentazione dei prodotti nel negozio online non costituisce un obbligo contrattuale, ma solo un invito ad effettuare un ordine.<\/p>\n<h4>2.2<\/h4>\n<p>Cliccando sul pulsante [ordinare], il cliente effettua un ordine vincolante per i prodotti visualizzati nel carrello. Una volta inviato l'ordine, il cliente non \u00e8 pi\u00f9 in grado di modificarlo.<\/p>\n<h4>2.3<\/h4>\n<p>Al ricevimento dell'ordine, il negozio online CriolloQuetzal invia al cliente un avviso di ricevimento via e-mail. La conclusione del contratto avviene solo quando il CriolloQuetzal Online Shop conferma la spedizione della merce via e-mail o, al pi\u00f9 tardi, al momento della consegna della merce.<\/p>\n<h3>3. Prodotti contenenti alcool<\/h3>\n<p>In Svizzera \u00e8 vietata la vendita di prodotti contenenti alcolici a persone di et\u00e0 inferiore ai 18 anni. Effettuando l'ordine nel negozio online CriolloQuetzal, il cliente prende atto del presente regolamento e conferma di essere autorizzato a procedere all'acquisto.<\/p>\n<h3>4. Prezzi<\/h3>\n<h4>4.1<\/h4>\n<p>I prezzi dei prodotti indicati nelle pagine corrispondenti sono comprensivi dell'IVA applicabile e di altre componenti di prezzo e sono espressi in franchi svizzeri (CHF).<\/p>\n<h4>4.2<\/h4>\n<p>I prezzi applicabili sono quelli indicati il giorno in cui il cliente effettua l'ordine. I prezzi sono fissi e definitivi fino alla conferma dell'ordine da parte del negozio online CriolloQuetzal o per la durata indicata sulla conferma d\u2019ordine.<\/p>\n<h4>4.3<\/h4>\n<p>Ci\u00f2 \u00e8 soggetto a variazioni di prezzo dovute a variazioni di tassazione, tasse, imposte o costi di spedizione.<\/p>\n<h3>5. Spese di spedizione<\/h3>\n<p>La spedizione degli articoli ordinati \u00e8 a carico del cliente. Le spese di spedizione consistono in un contributo alle spese postali e di imballaggio. Gli eventuali costi doganali all\u2019importazione (acquisti dei clienti situati fuori dalla Svizzera) non sono inclusi e interamente a carico del cliente.<\/p>\n<ul>\n<li>In Svizzera: spese di spedizione forfettarie di CHF 6.- (Economy) o CHF 8.- (Priority) per ordini inferiori a CHF 75.-. Spese di spedizione Economy gratuite per ordini a partire da CHF 75.-.<\/li>\n<li>Internazionale: spese di spedizione forfettarie di CHF 19.- (Priority) per ordini inferiori a CHF 99.-. Spese di spedizione Priority gratuite per ordini superiori a CHF 99.-.<\/li>\n<\/ul>\n<h3>6. Condizioni di consegna<\/h3>\n<h4>6.1<\/h4>\n<p>Le consegne vengono effettuate in Svizzera e nei seguenti Paesi: Austria, Belgio, Croazia, Cipro, Danimarca, Estonia, Finlandia, Francia, Germania, Grecia, Isola di Man, Islanda, Irlanda, Italia, Jersey, Lettonia, Lituania, Lussemburgo, Malta, Norvegia, Paesi Bassi, Polonia, Portogallo, Regno Unito, Romania, Serbia, Slovacchia, Slovenia, Spagna, Svezia, Ungheria.<\/p>\n<ul>\n<li>In Svizzera : Pacchi spediti da La Posta in Economy o in Prioritaria con numero di tracking.<\/li>\n<li>All\u2019estero : Pacchi spediti da La Posta (Svizzera), ed in seguito dal servizio postale nazionale (paese di destinazione) in Prioritaria Plus con numero di tracking.<\/li>\n<\/ul>\n<h4>6.2<\/h4>\n<p>Il negozio online CriolloQuetzal non pu\u00f2 essere ritenuto responsabile per ritardi nella consegna che esulano dal suo controllo, ad es. in caso di forza maggiore, ingorghi stradali, cattive condizioni meteorologiche, ecc. Allo stesso modo, in questi casi, il cliente non pu\u00f2 n\u00e9 far valere il suo diritto di recesso n\u00e9 chiedere il risarcimento dei danni.<\/p>\n<h4>6.3<\/h4>\n<p>In caso di indisponibilit\u00e0 di alcuni prodotti ordinati, il negozio online CriolloQuetzal \u00e8 autorizzato ad effettuare consegne parziali.<\/p>\n<h4>6.4<\/h4>\n<p>Se la consegna della merce fallisce nonostante tre prove di consegna a causa del cliente o del mancato ritiro del pacco presso l'ufficio postale del cliente, il CriolloQuetzal Online Shop ha il diritto di annullare il contratto. In questo caso il cliente non ha diritto al rimborso.<\/p>\n<h3>7. Condizioni di pagamento<\/h3>\n<h4>7.1<\/h4>\n<p>Il pagamento deve essere effettuato in anticipo.<\/p>\n<h4>7.2<\/h4>\n<p>Il pagamento pu\u00f2 essere effettuato tramite Paypal, Apple Pay, Google Pay o carta di credito (American Express, Visa, Mastercard, Diners Club, JCB o UnionPay). Per i clienti svizzeri \u00e8 disponibile anche il metodo di pagamento aggiuntivo Twint.<\/p>\n<h4>7.3<\/h4>\n<p>In tutti i casi, i pagamenti vengono addebitati immediatamente.<\/p>\n<h4>7.4<\/h4>\n<p>\u00c8 esclusa una compensazione con i crediti del cliente.<\/p>\n<h4>7.5<\/h4>\n<p>Se desiderate effettuare un ordine per conto di una societ\u00e0 e pagare con fattura, vi preghiamo di contattarci via e-mail all'indirizzo choco@criolloquetzal.com.<\/p>\n<h3>8. Spedizione<\/h3>\n<h4>8.1<\/h4>\n<p>Le consegne vengono effettuate in Svizzera e nei seguenti Paesi: Austria, Belgio, Croazia, Cipro, Danimarca, Estonia, Finlandia, Francia, Germania, Grecia, Isola di Man, Islanda, Irlanda, Italia, Jersey, Lettonia, Lituania, Lussemburgo, Malta, Norvegia, Paesi Bassi, Polonia, Portogallo, Regno Unito, Romania, Serbia, Slovacchia, Slovenia, Spagna, Svezia, Ungheria.<\/p>\n<ul>\n<li>In Svizzera, la spedizione \u00e8 effettuata da\u00a0\u00a0<a href=\"https:\/\/www.post.ch\/it\/\" target=\"_blank\" rel=\"noopener\">La Posta<\/a>\u00a0entro 2 giorni (Prioritaria) ed entro 4 giorni (Economy)<\/li>\n<li>All\u2019estero, la consegna \u00e8 effettuata dal servizio postale nazionale del Paese di destinazione, normalmente tra i 3 e i 10 giorni.<\/li>\n<\/ul>\n<h4>8.2<\/h4>\n<p>Gli ordini ricevuti il sabato, la domenica o i giorni festivi vengono normalmente spediti il secondo giorno lavorativo successivo. Si consiglia di ordinare per tempo. Ordinando alla vigilia di un giorno festivo, i tempi di consegna potrebbero risultare pi\u00f9 lunghi.<\/p>\n<h4>8.3<\/h4>\n<p>Al fine di garantire che il vostro ordine vi arrivi in buone condizioni durante i mesi estivi o in caso di caldo, ci possiamo prendere la libert\u00e0 di trattenerlo per un certo periodo di tempo (sarete poi automaticamente informati via e-mail con la nuova data di consegna prevista).<\/p>\n<h4>8.4<\/h4>\n<p>Le spese di spedizione sono costituite da un contributo alle spese postali e di imballaggio.<\/p>\n<h4>8.5<\/h4>\n<p>Selezionando l\u2019opzione gratuita \u201cPacchetto regalo\u201d al momento del check-out, l\u2019insieme dei prodotti del carrello verranno imballati insieme (se la quantit\u00e0 e le dimensioni dei prodotti lo permettono) o divisi in pi\u00f9 gruppi (in caso di grandi quantit\u00e0 ordinate o di grandi differenze di formato) in fogli di carta velina colorata e muniti di almeno un cartoncino dell\u2019azienda che presenta il concetto della boutique.<\/p>\n<h3>9. Riserva di propriet\u00e0<\/h3>\n<p>La merce rimane di propriet\u00e0 del negozio online CriolloQuetzal fino al completo pagamento del prezzo di acquisto e fino alla spedizione.<\/p>\n<h3>10. Diritto di recesso<\/h3>\n<h4>10.1<\/h4>\n<p>Il consumatore ha diritto di esercitare il diritto di recesso entro 14 giorni dal ricevimento della merce. La data di invio dell'avviso di recesso \u00e8 considerata la data di invio dell'avviso di recesso per il rispetto del termine. Non \u00e8 necessario giustificare il ritiro. La dichiarazione di cancellazione deve essere inviata a: CriolloQuetzal S\u00e0rl, Rue des Cerisiers 10, 1530 Payerne. Oppure via e-mail a choco@criolloquetzal.com.<\/p>\n<h4>10.2<\/h4>\n<p>L'esercizio del diritto di ritrattazione comporta la risoluzione del contratto di vendita. Di conseguenza, i servizi ricevuti nell'ambito del contratto di vendita devono essere restituiti. Il consumatore deve restituire la merce con l'imballaggio originale al CriolloQuetzal Online Shop entro 14 giorni dalla data della dichiarazione di recesso. Le spese di spedizione per la restituzione della merce sono a carico del consumatore.<\/p>\n<h4>10.3<\/h4>\n<p>Dopo il ricevimento della merce da parte del negozio online CriolloQuetzal, il prezzo d'acquisto sar\u00e0 rimborsato al consumatore, con un'eventuale detrazione in caso di merce danneggiata o mancante. Se \u00e8 necessario danneggiare la merce per determinarne la natura e la qualit\u00e0, non verr\u00e0 effettuata alcuna detrazione per la perdita di valore cos\u00ec causata.<\/p>\n<h4>10.4<\/h4>\n<p>Il diritto di recesso \u00e8 escluso per i seguenti prodotti:<\/p>\n<p>- Le merci deperibili rapidamente (0-2 mesi di DLUO)<\/p>\n<p>- le merci la cui data di scadenza \u00e8 superata.<\/p>\n<h3>11. Durata minima di consumo ed eccezioni<\/h3>\n<h4>11.1<\/h4>\n<p>I prodotti proposti in vendita dalla boutique on-line CriolloQuetzal hanno una DLUO (Durata Limite d\u2019Utilizzo Ottimale) di minimo 2 mesi e devono essere consumati entro tale termine.<\/p>\n<h4>11.2<\/h4>\n<p>Al fine di limitare costantemente gli sprechi alimentari, alcuni prodotti vengono proposti con sconti del 25% o 50% in rapporto al prezzo iniziale ed in base ai seguenti principi:<br \/>\nSconto del 25% = Prodotto con una DLUO di 31-60 giorni<br \/>\nSconto del 50% = Prodotto con una DLUO di meno di un mese<br \/>\nNell\u2019ordinare tali prodotti, il cliente accetta una DLUO ridotta in rapporto a quella dello stesso prodotto venduto a prezzo pieno.<\/p>\n<h3>12. Garanzia<\/h3>\n<h4>12.1<\/h4>\n<p>I servizi di garanzia forniti dal negozio online CriolloQuetzal coprono l'eliminazione dei difetti. A questo scopo il CriolloQuetzal Online Shop fornisce merce senza difetti (consegna sostitutiva).<\/p>\n<h4>12.2<\/h4>\n<p>Se la consegna sostitutiva non riesce, il cliente ha il diritto di recedere dal contratto. Questo non vale per i difetti minori. \u00c8 escluso il diritto del cliente ad una riduzione del prezzo.<\/p>\n<h4>12.3<\/h4>\n<p>Il destinatario si impegna a controllare la quantit\u00e0 e lo stato della merce immediatamente dopo il ricevimento della consegna. I reclami riguardanti la qualit\u00e0 o la quantit\u00e0 devono essere segnalati immediatamente al negozio online CriolloQuetzal o entro 24 ore dalla consegna. In caso contrario, la consegna sar\u00e0 considerata accettata.<\/p>\n<h4>12.4<\/h4>\n<p>Il negozio online CriolloQuetzal non pu\u00f2 essere ritenuto responsabile n\u00e9 per danni durante il trasporto n\u00e9 per danni causati da uno stoccaggio improprio della merce dopo la presa in consegna da parte del cliente o di un suo ausiliario.<\/p>\n<h4>12.5<\/h4>\n<p>In caso di difetti, la merce deve essere restituita a CriolloQuetzal S\u00e0rl, Rue des Cerisiers 10, 1530 Payerne. La restituzione della merce \u00e8 a spese e a rischio del negozio online CriolloQuetzal. Gli obblighi di rimborso vengono adempiuti entro 30 giorni dal ricevimento della merce. Il negozio online CriolloQuetzal ha il diritto di detrarre dal prezzo d'acquisto eventuali forniture sostitutive. In caso di restituzione di elementi di un set, la riduzione di prezzo concessa dal negozio online CriolloQuetzal su tutti gli elementi del set non \u00e8 pi\u00f9 valida. Per questo motivo, il cliente ricever\u00e0 un rimborso per gli articoli restituiti solo nella misura della differenza tra il prezzo del set completo e il prezzo degli articoli che conserva. Al fine di facilitare il trattamento della merce restituita, si consiglia di restituirla nella sua confezione originale, allegando alla spedizione la fattura o la bolla di consegna e utilizzando un imballaggio sicuro.<\/p>\n<h3>13. Responsabilit\u00e0<\/h3>\n<p>Il negozio online CriolloQuetzal declina ogni responsabilit\u00e0 per violazioni leggermente negligenti degli obblighi contrattuali. Lo stesso vale per le violazioni degli obblighi contrattuali causate da ausiliari o sostituti.<\/p>\n<h3>14. Legge applicabile<\/h3>\n<h4>14.1<\/h4>\n<p>I contratti sono regolati esclusivamente dal diritto svizzero.<\/p>\n<h4>14.2<\/h4>\n<p>Il foro competente esclusivo \u00e8 quello di Payerne, Vaud, con riserva di ricorso al Tribunale federale. In caso di interpretazione errata, fa fede solo la versione francese.<\/p>\n<h3>15. Disposizioni finali<\/h3>\n<p>Qualora una delle clausole delle presenti condizioni generali di vendita dovesse risultare nulla, ci\u00f2 non pregiudica la validit\u00e0 delle altre clausole. Le disposizioni non valide sarebbero poi sostituite dalle corrispondenti disposizioni di legge.<\/p>\n<p>&nbsp;<\/p>\n<p>Payerne, dicembre 2023<\/p>\n","protected":false},"excerpt":{"rendered":"<p>1. Ambito di applicazione Le presenti condizioni generali di vendita (CGV) si applicano a tutti gli ordini effettuati dai nostri clienti tramite il negozio online di CriolloQuetzal S.R.L., Rue des Cerisiers 10, 1530 Payerne, \u00a0tel: 077 267 21 38, e-mail: choco@criolloquetzal.com, numero di identificazione: CHE-210.403.174 (di seguito denominato negozio online CriolloQuetzal). 2. Offerta e conclusione [&hellip;]<\/p>\n","protected":false},"author":2,"featured_media":1265,"parent":0,"menu_order":82,"comment_status":"closed","ping_status":"closed","template":"","meta":{"_acf_changed":false,"inline_featured_image":false,"footnotes":""},"class_list":["post-941","page","type-page","status-publish","has-post-thumbnail","hentry"],"acf":[],"_links":{"self":[{"href":"https:\/\/criolloquetzal.ch\/it\/wp-json\/wp\/v2\/pages\/941","targetHints":{"allow":["GET"]}}],"collection":[{"href":"https:\/\/criolloquetzal.ch\/it\/wp-json\/wp\/v2\/pages"}],"about":[{"href":"https:\/\/criolloquetzal.ch\/it\/wp-json\/wp\/v2\/types\/page"}],"author":[{"embeddable":true,"href":"https:\/\/criolloquetzal.ch\/it\/wp-json\/wp\/v2\/users\/2"}],"replies":[{"embeddable":true,"href":"https:\/\/criolloquetzal.ch\/it\/wp-json\/wp\/v2\/comments?post=941"}],"version-history":[{"count":4,"href":"https:\/\/criolloquetzal.ch\/it\/wp-json\/wp\/v2\/pages\/941\/revisions"}],"predecessor-version":[{"id":9477,"href":"https:\/\/criolloquetzal.ch\/it\/wp-json\/wp\/v2\/pages\/941\/revisions\/9477"}],"wp:featuredmedia":[{"embeddable":true,"href":"https:\/\/criolloquetzal.ch\/it\/wp-json\/wp\/v2\/media\/1265"}],"wp:attachment":[{"href":"https:\/\/criolloquetzal.ch\/it\/wp-json\/wp\/v2\/media?parent=941"}],"curies":[{"name":"wp","href":"https:\/\/api.w.org\/{rel}","templated":true}]}}