{"id":967,"date":"2020-05-09T20:01:00","date_gmt":"2020-05-09T18:01:00","guid":{"rendered":"https:\/\/criolloquetzal.ch\/?page_id=967"},"modified":"2023-05-15T12:20:17","modified_gmt":"2023-05-15T10:20:17","slug":"politica-della-privacy","status":"publish","type":"page","link":"https:\/\/criolloquetzal.ch\/it\/politica-della-privacy\/","title":{"rendered":"Politica della privacy"},"content":{"rendered":"<p>La presente Informativa sulla privacy chiarisce la natura, l'ambito e le finalit\u00e0 della raccolta e dell'utilizzo dei dati dei visitatori e degli utenti (di seguito collettivamente denominati \"Utenti\") da parte di:<\/p>\n<p>CriolloQuetzal S\u00e0rl<br \/>\nRue des Cerisiers 10<br \/>\n1530 Payerne<\/p>\n<p>(di seguito denominato \"il fornitore\") in qualit\u00e0 di organismo responsabile della protezione dei dati.<\/p>\n<p>Se avete domande sulla protezione dei dati, vi preghiamo di contattarci via e-mail all'indirizzo choco(at)criolloquetzal.com.<\/p>\n<h3>Raccolta dei dati d'accesso<\/h3>\n<p>Il fornitore raccoglie i dati di ogni accesso all'offerta online (i cosiddetti Serverlogfiles). I dati di accesso comprendono il nome del sito web visitato, il file, la data e l'ora dell'accesso, il volume dei dati trasferiti, la notifica di un accesso riuscito, il tipo e la versione del browser, il sistema operativo dell'utente, l'URL di riferimento (la pagina precedentemente visitata), l'indirizzo IP e il fornitore richiedente.<\/p>\n<p>Il fornitore utilizza i dati del protocollo senza attribuzione alla persona dell'utente o alla creazione di un altro profilo in conformit\u00e0 alle disposizioni di legge solo per valutazioni statistiche ai fini della valutazione, della sicurezza e dell'ottimizzazione dell'offerta online. Tuttavia, il fornitore si riserva il diritto di controllare successivamente i dati di registro se sussiste un sospetto fondato di uso illegale sulla base di prove concrete.<\/p>\n<h3>Raccolta e utilizzo dei dati personali<\/h3>\n<p>I dati personali vengono raccolti e utilizzati dal fornitore solo se ci\u00f2 \u00e8 consentito dalla legge o se gli utenti acconsentono alla raccolta dei dati. Come regola generale, gli utenti possono vedere quali dati vengono memorizzati quando utilizzano il servizio, ad esempio nome, indirizzo e-mail e messaggio quando utilizzano il modulo d'ordine.<\/p>\n<p>I dati personali forniti ai fini dell'ordine della merce (come nome, indirizzo e-mail, indirizzo postale, dati di pagamento) vengono utilizzati dal venditore per l'esecuzione e l'elaborazione del contratto. Questi dati vengono trattati in modo confidenziale, trasmessi in forma criptata e non vengono trasmessi a terzi che non sono coinvolti nel processo di ordinazione, consegna e pagamento.<\/p>\n<p>Quando si contatta il venditore (tramite il modulo di contatto o l'e-mail), i dati dell'utente vengono salvati per l'elaborazione della richiesta e in caso di ulteriori domande.<\/p>\n<p>Il fornitore ha adottato misure organizzative, contrattuali e tecniche di sicurezza per garantire il rispetto delle disposizioni di legge sulla protezione dei dati e per prevenire manipolazioni accidentali o intenzionali, perdita, distruzione o accesso da parte di persone non autorizzate.<\/p>\n<h3>Trasmissione di dati a terzi<\/h3>\n<p>I dati dell'utente saranno trasmessi a terzi solo se ci\u00f2 \u00e8 consentito dalla legge o se un utente ha acconsentito alla trasmissione.<\/p>\n<p>Ci\u00f2 avviene, ad esempio, se la trasmissione dei dati serve all'adempimento degli obblighi contrattuali nei confronti dell'utente e l'indirizzo postale viene trasmesso a una societ\u00e0 di spedizione dopo un ordine in un negozio. Oppure se i dati sono richiesti dalle autorit\u00e0 competenti come le forze dell'ordine.<\/p>\n<p>In nessun caso i dati personali degli utenti saranno venduti o ceduti a terzi per scopi pubblicitari o per la creazione di profili utente.<\/p>\n<h3>Cookies<\/h3>\n<p>Il fornitore utilizza i \"cookies\" come parte della sua offerta online. I cookies sono piccoli file che vengono memorizzati sul computer dell'utente e possono memorizzare informazioni per i fornitori. I cookies temporanei vengono cancellati quando il navigatore viene chiuso, i cookies permanenti vengono memorizzati per un determinato periodo di tempo e possono rendere disponibili le informazioni memorizzate quando l'offerta online viene visualizzata di nuovo.<\/p>\n<p>In particolare, i cookies sono utilizzati per facilitare l'utilizzo del servizio. Ad esempio, un cookie registra lo stato del carrello della spesa di un utente.<\/p>\n<p>L'utente pu\u00f2 influenzare l'uso dei cookies. La maggior parte dei navigatori ha la possibilit\u00e0 di limitare o impedire completamente la memorizzazione dei cookies. Il fornitore si impegna a progettare l'offerta online in modo tale che l'uso dei cookies non sia necessario. Tuttavia, si sottolinea che l'utilizzo e in particolare la comodit\u00e0 di utilizzo \u00e8 limitata in assenza di cookies.<\/p>\n<h3>Invio di informazioni tramite Newsletter<\/h3>\n<p>Le e-mail contenenti informazioni promozionali sul fornitore e sui suoi servizi sono inviate solo con il consenso espresso dell'utente. Gli utenti possono in qualsiasi momento opporsi alla ricezione della newsletter. Tra le altre cose, in ogni e-mail \u00e8 inclusa un'opzione di cancellazione.<\/p>\n<p>Prima dell'invio della newsletter, il proprietario dell'e-mail riceve una e-mail di conferma in cui deve confermare l'iscrizione alla newsletter. Le registrazioni non confermate vengono automaticamente cancellate entro quattro settimane al massimo.<\/p>\n<p>I messaggi che fanno parte del rapporto contrattuale con l'utente non fanno parte delle informazioni pubblicitarie. Ci\u00f2 include l'invio di informazioni tecniche, informazioni sull'elaborazione dei pagamenti, richieste d'ordine e messaggi simili.<\/p>\n<p>Gli utenti possono quindi richiedere di essere rimossi dalla lista di notifica via e-mail alle informazioni di contatto fornite sopra.<\/p>\n<p>Durante il processo di registrazione, il fornitore registra il tempo di registrazione e di conferma e l'indirizzo IP dell'utente. Il contraente \u00e8 obbligato per legge a registrare le registrazioni per poter dimostrare la corretta registrazione.<\/p>\n<h3>Google Analytics<\/h3>\n<p>Il fornitore si avvale di Google Analytics, un servizio di analisi web di Google Inc. (\"Google\"). Google Analytics utilizza i cosiddetti \"cookies\", file di testo che vengono memorizzati sul computer dell'utente e che consentono un'analisi dell'utilizzo del sito web da parte dell'utente. Le informazioni generate dal cookie sull'utilizzo del sito web da parte dell'utente vengono generalmente trasmesse a un server di Google negli Stati Uniti e l\u00ec memorizzate.<\/p>\n<p>Tuttavia, se su questo sito web viene attivato l'anonimato IP, l'indirizzo IP degli utenti di Google negli Stati membri dell'Unione Europea o in altri Stati che sono parte dell'accordo sullo Spazio Economico Europeo verr\u00e0 abbreviato in anticipo. Solo in casi eccezionali l'indirizzo IP completo verr\u00e0 trasferito su un server di Google negli Stati Uniti e l\u00ec abbreviato. Su richiesta del gestore del sito web, Google utilizzer\u00e0 queste informazioni allo scopo di tracciare ed esaminare l'utilizzo del sito web da parte degli utenti, compilare report sulle attivit\u00e0 del sito web e fornire altri servizi relativi alle attivit\u00e0 del sito web e all'utilizzo di Internet per il gestore del sito web.<\/p>\n<p>L'indirizzo IP trasmesso dal vostro browser nell'ambito di Google Analytics non viene combinato con altri dati di Google. Gli utenti possono impedire la memorizzazione dei cookies modificando di conseguenza il software del loro browser; tuttavia, il fornitore segnala agli utenti che in questo caso potrebbero non essere in grado di utilizzare tutte le funzioni di questo sito web in modo completo. L'utente pu\u00f2 inoltre impedire la raccolta dei dati generati dal cookie relativi al suo utilizzo del sito web (compreso il suo indirizzo IP) da parte di Google e l'elaborazione di questi dati da parte di Google, scaricando e installando il plugin del browser disponibile al seguente link: <a href=\"https:\/\/tools.google.com\/dlpage\/gaoptout?hl=fr\" target=\"_blank\" rel=\"noopener\">https:\/\/tools.google.com\/dlpage\/gaoptout?hl=fr<\/a>.<\/p>\n<h3>Utilizzo dei plug-in sociali di Facebook<\/h3>\n<p>Questa offerta online utilizza i plugins sociali (\"plugins\") del social network facebook.com, gestito da Facebook Inc, 1601 S. California Ave, Palo Alto, CA 94304, USA (\"Facebook\"). I plugins sono riconoscibili da uno dei loghi di Facebook o Instagram o sono contrassegnati con l'aggiunta \"Facebook Social Plugin\". L'elenco e l'aspetto dei Social Plugins di Facebook possono essere visualizzati qui: <a href=\"https:\/\/developers.facebook.com\/docs\/plugins\/\" target=\"_blank\" rel=\"noopener\">https:\/\/developers.facebook.com\/docs\/plugins\/<\/a>.<\/p>\n<p>Se un utente richiama un sito web da questa offerta online che contiene un tale plugin, il suo navigatore stabilisce un collegamento diretto con i server di Facebook. Il contenuto del plugin viene trasmesso da Facebook direttamente al navigatore dell'utente e integrato nel sito web dal navigatore. Il fornitore non ha quindi alcuna influenza sull'entit\u00e0 dei dati che Facebook raccoglie con l'aiuto di questo plugin e quindi informa gli utenti in base al loro livello di conoscenza: integrando il plugin, Facebook riceve le informazioni che un utente ha richiamato sulla pagina corrispondente dell'offerta online. Se l'utente ha effettuato il login su Facebook e\/o Instagram, Facebook pu\u00f2 assegnare la visita al suo conto Facebook o Instagram.<\/p>\n<p>Se un utente interagisce con i plugins, ad esempio premendo il pulsante \"Mi piace\" o facendo un commento, le informazioni corrispondenti vengono trasmesse direttamente dal vostro navigatore a Facebook e l\u00ec sono memorizzate. Se un utente non \u00e8 membro di Facebook e\/o Instagram, \u00e8 comunque possibile che Facebook trovi e memorizzi il suo indirizzo IP. Secondo Facebook, viene memorizzato solo un indirizzo IP anonimo.<\/p>\n<p>Lo scopo e l'entit\u00e0 della raccolta dei dati e la successiva elaborazione e utilizzo dei dati da parte di Facebook, nonch\u00e9 i relativi diritti e le impostazioni per la tutela della privacy degli utenti, sono riportati nell'Informativa sulla privacy di Facebook: <a href=\"https:\/\/www.facebook.com\/about\/privacy\/\" target=\"_blank\" rel=\"noopener\">https:\/\/www.facebook.com\/about\/privacy\/<\/a>.<\/p>\n<p>Se un utente \u00e8 membro di Facebook o di Instagram e non desidera che Facebook raccolga i dati che lo riguardano attraverso questa offerta online e li associ ai suoi dati di iscrizione memorizzati su Facebook, deve disconnettersi da Facebook e da Instagram prima di visitare il sito web e cancellare i relativi cookies. \u00c8 anche possibile bloccare i social plug-in di Facebook utilizzando i componenti aggiuntivi del navigatore, ad es. con il \"Facebook Blocker\".<\/p>\n<h3>Pixel Facebook<\/h3>\n<p>Il nostro sito web utilizza il servizio Pixel di Facebook, Facebook Inc. 1601 S. California Ave, Palo Alto, CA 94304, USA (\"Facebook\") per misurare la conversione.<\/p>\n<p>Questo ci permette di tracciare il comportamento dei visitatori del sito dopo che hanno cliccato su un annuncio su Facebook per essere indirizzati al sito web del fornitore. Questo ci permette di valutare l'efficacia degli annunci di Facebook a fini statistici e di ricerca di mercato e di ottimizzare i futuri sforzi pubblicitari.<\/p>\n<p>I dati raccolti sono per noi, in qualit\u00e0 di gestori di questo sito web, anonimi; non possiamo trarre conclusioni sull'identit\u00e0 degli utenti. Tuttavia, i dati vengono memorizzati ed elaborati da Facebook in modo che sia possibile un collegamento con il rispettivo profilo utente e Facebook pu\u00f2 utilizzare i dati per i propri scopi pubblicitari in conformit\u00e0 con la politica di utilizzo dei dati di Facebook. Questo permette a Facebook di inserire annunci pubblicitari su pagine Facebook e non di Facebook. Questo uso dei dati non pu\u00f2 essere influenzato da noi come gestori del sito.<\/p>\n<p>Per maggiori informazioni sulla tutela della vostra sfera privata consultate le informazioni sulla protezione dei dati di Facebook: <a href=\"https:\/\/www.facebook.com\/about\/privacy\" target=\"_blank\" rel=\"noopener\">https:\/\/www.facebook.com\/about\/privacy<\/a>.<\/p>\n<p>Potete anche disattivare la funzione di remarketing \u00a0\"Custom Audiences\" \u00a0nella sezione \"Impostazioni per gli annunci\" del sito <a href=\"https:\/\/www.facebook.com\/ads\/preferences\/?entry_product=ad_settings_screen\" target=\"_blank\" rel=\"noopener\">https:\/\/www.facebook.com\/ads\/preferences\/?entry_product=ad_settings_screen<\/a>. Per farlo, \u00e8 necessario essere connessi a Facebook.<\/p>\n<p>Se non si dispone di un conto su Facebook, \u00e8 possibile disattivare la pubblicit\u00e0 basata su Facebook sul sito web dell'Alleanza europea per la pubblicit\u00e0 digitale interattiva: <a href=\"https:\/\/www.youronlinechoices.com\/\" target=\"_blank\" rel=\"noopener\">https:\/\/www.youronlinechoices.com\/<\/a>.<\/p>\n<h3>Revoca, modifiche, correzioni e aggiornamenti<\/h3>\n<p>L'utente ha il diritto di richiedere gratuitamente informazioni sui dati personali memorizzati dal fornitore. I dati di contatto si trovano nell'avviso legale del fornitore.<\/p>\n<p>Inoltre, l'utente ha il diritto di correggere i dati non corretti, di bloccare e cancellare i suoi dati personali, a meno che non vi sia un obbligo legale di conservazione dei dati.<\/p>\n<h3>Modifiche all'informativa sulla privacy<\/h3>\n<p>L'offerente si riserva il diritto di modificare la dichiarazione sulla protezione dei dati per adattarla ai cambiamenti della situazione giuridica o in caso di modifiche del servizio e dell'elaborazione dei dati.<\/p>\n<p>&nbsp;<\/p>\n<p>Payerne, gennaio 2022<\/p>\n","protected":false},"excerpt":{"rendered":"<p>La presente Informativa sulla privacy chiarisce la natura, l'ambito e le finalit\u00e0 della raccolta e dell'utilizzo dei dati dei visitatori e degli utenti (di seguito collettivamente denominati \"Utenti\") da parte di: CriolloQuetzal S\u00e0rl Rue des Cerisiers 10 1530 Payerne (di seguito denominato \"il fornitore\") in qualit\u00e0 di organismo responsabile della protezione dei dati. Se avete [&hellip;]<\/p>\n","protected":false},"author":2,"featured_media":1265,"parent":0,"menu_order":86,"comment_status":"closed","ping_status":"open","template":"","meta":{"_acf_changed":false,"inline_featured_image":false,"footnotes":""},"class_list":["post-967","page","type-page","status-publish","has-post-thumbnail","hentry"],"acf":[],"_links":{"self":[{"href":"https:\/\/criolloquetzal.ch\/it\/wp-json\/wp\/v2\/pages\/967","targetHints":{"allow":["GET"]}}],"collection":[{"href":"https:\/\/criolloquetzal.ch\/it\/wp-json\/wp\/v2\/pages"}],"about":[{"href":"https:\/\/criolloquetzal.ch\/it\/wp-json\/wp\/v2\/types\/page"}],"author":[{"embeddable":true,"href":"https:\/\/criolloquetzal.ch\/it\/wp-json\/wp\/v2\/users\/2"}],"replies":[{"embeddable":true,"href":"https:\/\/criolloquetzal.ch\/it\/wp-json\/wp\/v2\/comments?post=967"}],"version-history":[{"count":0,"href":"https:\/\/criolloquetzal.ch\/it\/wp-json\/wp\/v2\/pages\/967\/revisions"}],"wp:featuredmedia":[{"embeddable":true,"href":"https:\/\/criolloquetzal.ch\/it\/wp-json\/wp\/v2\/media\/1265"}],"wp:attachment":[{"href":"https:\/\/criolloquetzal.ch\/it\/wp-json\/wp\/v2\/media?parent=967"}],"curies":[{"name":"wp","href":"https:\/\/api.w.org\/{rel}","templated":true}]}}