{"id":2823,"date":"2022-04-29T13:56:13","date_gmt":"2022-04-29T11:56:13","guid":{"rendered":"https:\/\/criolloquetzal.ch\/boutique\/siamaya-chocolat-noir-70-au-pomelo-et-au-cafe\/"},"modified":"2026-04-16T03:56:40","modified_gmt":"2026-04-16T01:56:40","slug":"siamaya-cioccolato-fondente-70-con-pomelo-e-caffe","status":"publish","type":"product","link":"https:\/\/criolloquetzal.ch\/it\/produit\/siamaya-cioccolato-fondente-70-con-pomelo-e-caffe\/","title":{"rendered":"Siamaya - Cioccolato fondente 70% con pomelo e caff\u00e8 - THAILANDIA"},"content":{"rendered":"<p>Caff\u00e8 Arabica in grani, coltivato dalle trib\u00f9 della Tailandia del nord, macinato con fave di cacao per ottenere un fine cioccolato fondente al 70%. Le scorze candite di pompelmo aggiungono una dolce nota di agrumi. Questo cioccolato combina assieme la ricchezza dei sapori tropicali con il gusto raffinato del cioccolato fondente di prima qualit\u00e0.<\/p>\n","protected":false},"excerpt":{"rendered":"<p>Caff\u00e8 Arabica in grani, coltivato dalle trib\u00f9 della Tailandia del nord, macinato con fave di cacao per ottenere un fine cioccolato fondente al 70%. Le scorze candite di pompelmo aggiungono una dolce nota di agrumi. Questo cioccolato combina assieme la ricchezza dei sapori tropicali con il gusto raffinato del cioccolato fondente di prima qualit\u00e0.<\/p>\n","protected":false},"featured_media":1480,"template":"","meta":{"_acf_changed":false,"inline_featured_image":false},"product_brand":[],"product_cat":[399,141],"product_tag":[],"class_list":{"0":"post-2823","1":"product","2":"type-product","3":"status-publish","4":"has-post-thumbnail","6":"product_cat-thailandia","7":"product_cat-asia-pacifico","9":"first","10":"instock","11":"taxable","12":"shipping-taxable","13":"purchasable","14":"product-type-simple"},"bundled_by":[],"bundle_stock_status":"instock","bundle_stock_quantity":9,"bundle_virtual":false,"bundle_layout":"","bundle_add_to_cart_form_location":"","bundle_editable_in_cart":false,"bundle_sold_individually_context":"","bundle_item_grouping":"","bundle_min_size":"","bundle_max_size":"","bundle_price":[],"bundled_items":[],"bundle_sell_ids":[],"acf":{"ingredients":"\u200bMassa di cacao (61%, Thailandia), zucchero di canna, buccia di pomelo essiccata, burro di cacao, chicchi di caff\u00e8 arabica.<span class=\"redactor-invisible-space\" data-verified=\"redactor\" data-redactor-tag=\"span\" data-redactor-class=\"redactor-invisible-space\">\u200b<\/span>","energie":447,"graisse":29,"graisse_saturee":8,"glucides":55,"sucre":32,"fibre":"21","proteines":11,"sel":0.01},"_links":{"self":[{"href":"https:\/\/criolloquetzal.ch\/it\/wp-json\/wp\/v2\/product\/2823","targetHints":{"allow":["GET"]}}],"collection":[{"href":"https:\/\/criolloquetzal.ch\/it\/wp-json\/wp\/v2\/product"}],"about":[{"href":"https:\/\/criolloquetzal.ch\/it\/wp-json\/wp\/v2\/types\/product"}],"wp:featuredmedia":[{"embeddable":true,"href":"https:\/\/criolloquetzal.ch\/it\/wp-json\/wp\/v2\/media\/1480"}],"wp:attachment":[{"href":"https:\/\/criolloquetzal.ch\/it\/wp-json\/wp\/v2\/media?parent=2823"}],"wp:term":[{"taxonomy":"product_brand","embeddable":true,"href":"https:\/\/criolloquetzal.ch\/it\/wp-json\/wp\/v2\/product_brand?post=2823"},{"taxonomy":"product_cat","embeddable":true,"href":"https:\/\/criolloquetzal.ch\/it\/wp-json\/wp\/v2\/product_cat?post=2823"},{"taxonomy":"product_tag","embeddable":true,"href":"https:\/\/criolloquetzal.ch\/it\/wp-json\/wp\/v2\/product_tag?post=2823"}],"curies":[{"name":"wp","href":"https:\/\/api.w.org\/{rel}","templated":true}]}}