{"id":2842,"date":"2022-05-21T16:48:39","date_gmt":"2022-05-21T14:48:39","guid":{"rendered":"https:\/\/criolloquetzal.ch\/boutique\/cardenas-chocolat-noir-72-tierra-hermosa-au-cafe-jipijapa\/"},"modified":"2026-04-15T21:35:54","modified_gmt":"2026-04-15T19:35:54","slug":"cardenas-cioccolato-fondente-72-tierra-hermosa-con-caffe-jipijapa","status":"publish","type":"product","link":"https:\/\/criolloquetzal.ch\/it\/produit\/cardenas-cioccolato-fondente-72-tierra-hermosa-con-caffe-jipijapa\/","title":{"rendered":"C\u00e1rdenas - Cioccolato fondente 72% Tierra Hermosa con caff\u00e8 Jipijapa - ECUADOR"},"content":{"rendered":"<p>Tierra Hermosa 72% con caff\u00e8 Jipijapa ha vinto un premio della London Academy of Chocolate nel 2020. Con questo cioccolato profondo, opulento ed elegante, Cardenas Chocolate vuole sottolineare l'importanza del patrimonio direttamente legato al cacao e al caff\u00e8, due prodotti emblematici dell'Ecuador. La famiglia Cardenas coltiva cacao a Manab\u00ed da almeno cinque secoli e caff\u00e8 speciale a Jipijapa (Manab\u00ed) dal 1850. Questa barretta delicata mette in risalto le sfumature floreali, fruttate, di nocciola e di caramello del cacao single origine Nacional di Manab\u00ed.<\/p>\n<p><strong>Importante<\/strong>: Il cacao nacional \u00e8 un ingrediente delicato con una breve durata di conservazione. Una volta aperto, il cioccolato deve essere consumato entro 24 ore.<\/p>\n","protected":false},"excerpt":{"rendered":"<p>Il Cioccolato fondente 72% Tierra Hermosa con caff\u00e8 Jipijapa ha vinto un premio della London Academy of Chocolate nel 2020. Questa barretta delicata mette in risalto le sfumature floreali, fruttate, di nocciola e di caramello del cacao single origine Nacional di Manab\u00ed.<\/p>\n","protected":false},"featured_media":1638,"template":"","meta":{"_acf_changed":false,"inline_featured_image":false},"product_brand":[],"product_cat":[140,135],"product_tag":[],"class_list":{"0":"post-2842","1":"product","2":"type-product","3":"status-publish","4":"has-post-thumbnail","6":"product_cat-ecuador-it","7":"product_cat-sud-america","9":"first","10":"instock","11":"taxable","12":"shipping-taxable","13":"purchasable","14":"product-type-simple"},"bundled_by":["7040"],"bundle_stock_status":"instock","bundle_stock_quantity":11,"bundle_virtual":false,"bundle_layout":"","bundle_add_to_cart_form_location":"","bundle_editable_in_cart":false,"bundle_sold_individually_context":"","bundle_item_grouping":"","bundle_min_size":"","bundle_max_size":"","bundle_price":[],"bundled_items":[],"bundle_sell_ids":[],"acf":{"ingredients":"<span class=\"redactor-invisible-space\" data-verified=\"redactor\" data-redactor-tag=\"span\" data-redactor-class=\"redactor-invisible-space\">\u200bMassa di cacao (72% Ecuador), zucchero di canna, caff\u00e8\u200b<\/span>","energie":574,"graisse":39.2,"graisse_saturee":25.3,"glucides":46.1,"sucre":28.1,"fibre":"10.2","proteines":9.8,"sel":0},"_links":{"self":[{"href":"https:\/\/criolloquetzal.ch\/it\/wp-json\/wp\/v2\/product\/2842","targetHints":{"allow":["GET"]}}],"collection":[{"href":"https:\/\/criolloquetzal.ch\/it\/wp-json\/wp\/v2\/product"}],"about":[{"href":"https:\/\/criolloquetzal.ch\/it\/wp-json\/wp\/v2\/types\/product"}],"wp:featuredmedia":[{"embeddable":true,"href":"https:\/\/criolloquetzal.ch\/it\/wp-json\/wp\/v2\/media\/1638"}],"wp:attachment":[{"href":"https:\/\/criolloquetzal.ch\/it\/wp-json\/wp\/v2\/media?parent=2842"}],"wp:term":[{"taxonomy":"product_brand","embeddable":true,"href":"https:\/\/criolloquetzal.ch\/it\/wp-json\/wp\/v2\/product_brand?post=2842"},{"taxonomy":"product_cat","embeddable":true,"href":"https:\/\/criolloquetzal.ch\/it\/wp-json\/wp\/v2\/product_cat?post=2842"},{"taxonomy":"product_tag","embeddable":true,"href":"https:\/\/criolloquetzal.ch\/it\/wp-json\/wp\/v2\/product_tag?post=2842"}],"curies":[{"name":"wp","href":"https:\/\/api.w.org\/{rel}","templated":true}]}}