{"id":2857,"date":"2022-07-10T12:04:02","date_gmt":"2022-07-10T10:04:02","guid":{"rendered":"https:\/\/criolloquetzal.ch\/boutique\/tbros-chocolat-noir-62-au-the-oolong-vietnam\/"},"modified":"2026-04-18T22:13:02","modified_gmt":"2026-04-18T20:13:02","slug":"tbros-cioccolato-fondente-62-con-te-oolong","status":"publish","type":"product","link":"https:\/\/criolloquetzal.ch\/it\/produit\/tbros-cioccolato-fondente-62-con-te-oolong\/","title":{"rendered":"TBros - Cioccolato fondente 62% con t\u00e8 Oolong - VIETNAM"},"content":{"rendered":"<p>Mordere il cioccolato fondente al 62% di t\u00e8 Oolong di TBros \u00e8 come bere un sorso di felicit\u00e0 al gusto di cioccolato. Il t\u00e8 oolong viene raccolto a Moc Chau, nella provincia di Son La.<\/p>\n","protected":false},"excerpt":{"rendered":"<p>Mordere il cioccolato fondente al 62% di t\u00e8 Oolong di TBros \u00e8 come bere un sorso di felicit\u00e0 al gusto di cioccolato. Il t\u00e8 oolong viene raccolto a Moc Chau, nella provincia di Son La.<\/p>\n","protected":false},"featured_media":2681,"template":"","meta":{"_acf_changed":false,"inline_featured_image":false},"product_brand":[],"product_cat":[159,141],"product_tag":[],"class_list":{"0":"post-2857","1":"product","2":"type-product","3":"status-publish","4":"has-post-thumbnail","6":"product_cat-vietnam-it","7":"product_cat-asia-pacifico","9":"first","10":"outofstock","11":"taxable","12":"shipping-taxable","13":"purchasable","14":"product-type-simple"},"bundled_by":[],"bundle_stock_status":"outofstock","bundle_stock_quantity":0,"bundle_virtual":false,"bundle_layout":"","bundle_add_to_cart_form_location":"","bundle_editable_in_cart":false,"bundle_sold_individually_context":"","bundle_item_grouping":"","bundle_min_size":"","bundle_max_size":"","bundle_price":[],"bundled_items":[],"bundle_sell_ids":[],"acf":{"ingredients":"\u200bMassa di cacao (62% Vietnam), zucchero di canna, burro di cacao, t\u00e8 Oolong<span class=\"redactor-invisible-space\" data-verified=\"redactor\" data-redactor-tag=\"span\" data-redactor-class=\"redactor-invisible-space\">\u200b<\/span>","energie":670,"graisse":57,"graisse_saturee":22,"glucides":31,"sucre":22,"fibre":"6","proteines":9,"sel":0},"_links":{"self":[{"href":"https:\/\/criolloquetzal.ch\/it\/wp-json\/wp\/v2\/product\/2857","targetHints":{"allow":["GET"]}}],"collection":[{"href":"https:\/\/criolloquetzal.ch\/it\/wp-json\/wp\/v2\/product"}],"about":[{"href":"https:\/\/criolloquetzal.ch\/it\/wp-json\/wp\/v2\/types\/product"}],"wp:featuredmedia":[{"embeddable":true,"href":"https:\/\/criolloquetzal.ch\/it\/wp-json\/wp\/v2\/media\/2681"}],"wp:attachment":[{"href":"https:\/\/criolloquetzal.ch\/it\/wp-json\/wp\/v2\/media?parent=2857"}],"wp:term":[{"taxonomy":"product_brand","embeddable":true,"href":"https:\/\/criolloquetzal.ch\/it\/wp-json\/wp\/v2\/product_brand?post=2857"},{"taxonomy":"product_cat","embeddable":true,"href":"https:\/\/criolloquetzal.ch\/it\/wp-json\/wp\/v2\/product_cat?post=2857"},{"taxonomy":"product_tag","embeddable":true,"href":"https:\/\/criolloquetzal.ch\/it\/wp-json\/wp\/v2\/product_tag?post=2857"}],"curies":[{"name":"wp","href":"https:\/\/api.w.org\/{rel}","templated":true}]}}