{"id":2916,"date":"2022-06-02T08:59:07","date_gmt":"2022-06-02T06:59:07","guid":{"rendered":"https:\/\/criolloquetzal.ch\/boutique\/auro-chocolat-noir-70-paquibato\/"},"modified":"2026-04-06T06:24:12","modified_gmt":"2026-04-06T04:24:12","slug":"auro-cioccolato-fondente-70-paquibato","status":"publish","type":"product","link":"https:\/\/criolloquetzal.ch\/it\/produit\/auro-cioccolato-fondente-70-paquibato\/","title":{"rendered":"Auro - Cioccolato fondente 70% Paquibato - FILIPPINE"},"content":{"rendered":"<p>La Reserve Collection di Auro \u00e8 stata realizzata con passione con le migliori fave di cacao di un singolo raccolto per esaltare le caratteristiche rare e distintive di ogni comunit\u00e0 e della sua terra. Situata tra le foreste tropicali di alta quota, Paquibato \u00e8 una comunit\u00e0 che coltiva molti alberi da frutto, che conferiscono al suo cioccolato note di fiori di bosco, miele scuro e noci caramellate.<\/p>\n","protected":false},"excerpt":{"rendered":"<p>La Reserve Collection di Auro \u00e8 stata realizzata con passione con le migliori fave di cacao di un singolo raccolto per esaltare le caratteristiche rare e distintive di ogni comunit\u00e0 e della sua terra. Situata tra le foreste tropicali di alta quota, Paquibato \u00e8 una comunit\u00e0 che coltiva molti alberi da frutto, che conferiscono al suo cioccolato note di fiori di bosco, miele scuro e noci caramellate.<\/p>\n","protected":false},"featured_media":1719,"template":"","meta":{"_acf_changed":false,"inline_featured_image":false},"product_brand":[],"product_cat":[157,141],"product_tag":[],"class_list":{"0":"post-2916","1":"product","2":"type-product","3":"status-publish","4":"has-post-thumbnail","6":"product_cat-filippine","7":"product_cat-asia-pacifico","9":"first","10":"instock","11":"taxable","12":"shipping-taxable","13":"purchasable","14":"product-type-simple"},"bundled_by":[],"bundle_stock_status":"instock","bundle_stock_quantity":4,"bundle_virtual":false,"bundle_layout":"","bundle_add_to_cart_form_location":"","bundle_editable_in_cart":false,"bundle_sold_individually_context":"","bundle_item_grouping":"","bundle_min_size":"","bundle_max_size":"","bundle_price":[],"bundled_items":[],"bundle_sell_ids":[],"acf":{"ingredients":"Massa di cacao (64%\u00a0\u200bFilippine), zucchero Muscovado, burro di cacao<span class=\"redactor-invisible-space\" data-verified=\"redactor\" data-redactor-tag=\"span\" data-redactor-class=\"redactor-invisible-space\">\u200b<\/span><span class=\"redactor-invisible-space\" data-verified=\"redactor\" data-redactor-tag=\"span\" data-redactor-class=\"redactor-invisible-space\">\u200b<\/span>","energie":559,"graisse":39,"graisse_saturee":23,"glucides":45,"sucre":30,"fibre":"9","proteines":8,"sel":0},"_links":{"self":[{"href":"https:\/\/criolloquetzal.ch\/it\/wp-json\/wp\/v2\/product\/2916","targetHints":{"allow":["GET"]}}],"collection":[{"href":"https:\/\/criolloquetzal.ch\/it\/wp-json\/wp\/v2\/product"}],"about":[{"href":"https:\/\/criolloquetzal.ch\/it\/wp-json\/wp\/v2\/types\/product"}],"wp:featuredmedia":[{"embeddable":true,"href":"https:\/\/criolloquetzal.ch\/it\/wp-json\/wp\/v2\/media\/1719"}],"wp:attachment":[{"href":"https:\/\/criolloquetzal.ch\/it\/wp-json\/wp\/v2\/media?parent=2916"}],"wp:term":[{"taxonomy":"product_brand","embeddable":true,"href":"https:\/\/criolloquetzal.ch\/it\/wp-json\/wp\/v2\/product_brand?post=2916"},{"taxonomy":"product_cat","embeddable":true,"href":"https:\/\/criolloquetzal.ch\/it\/wp-json\/wp\/v2\/product_cat?post=2916"},{"taxonomy":"product_tag","embeddable":true,"href":"https:\/\/criolloquetzal.ch\/it\/wp-json\/wp\/v2\/product_tag?post=2916"}],"curies":[{"name":"wp","href":"https:\/\/api.w.org\/{rel}","templated":true}]}}