{"id":3670,"date":"2022-08-21T13:50:22","date_gmt":"2022-08-21T11:50:22","guid":{"rendered":"https:\/\/criolloquetzal.ch\/?post_type=product&#038;p=3670"},"modified":"2026-04-14T16:48:16","modified_gmt":"2026-04-14T14:48:16","slug":"baiani-cioccolato-fondente-70-con-nibs-di-cacao-succo-di-lime-e-di-peperoncino","status":"publish","type":"product","link":"https:\/\/criolloquetzal.ch\/it\/produit\/baiani-cioccolato-fondente-70-con-nibs-di-cacao-succo-di-lime-e-di-peperoncino\/","title":{"rendered":"Baian\u00ed - Cioccolato fondente 70% con nibs di cacao, succo di lime e di peperoncino - BRASILE"},"content":{"rendered":"<p>I piatti piccanti sono il fulcro della cucina di Bahia. La combinazione di peperoncino e cioccolato \u00e8 un classico ma Baian\u00ed \u00e8 voluta andare oltre ed innalzare il livello di questa ricetta.<\/p>\n<p>Cercando il perfetto equilibrio tra l'intensit\u00e0 del cioccolato fondente al 70% ed il piccante del peperoncino, i creatori di Baian\u00ed hanno voluto creare un gusto che fosse piacevole per tutti, anche per chi non \u00e8 un amante del peperoncino. Il \"Pimenta Bode\" viene immerso nel succo di lime al fine di dargli la giusta acidit\u00e0. Con questa tavoletta di cioccolato hanno creato una vera e propria esperienza sensoriale di Bahia!<\/p>\n","protected":false},"excerpt":{"rendered":"<p>I piatti piccanti sono il fulcro della cucina di Bahia. La combinazione di peperoncino e cioccolato \u00e8 un classico ma Baian\u00ed \u00e8 voluta andare oltre ed innalzare il livello di questa ricetta. Cercando il perfetto equilibrio tra l'intensit\u00e0 del cioccolato fondente al 70% ed il piccante del peperoncino, i creatori di Baian\u00ed hanno voluto creare un gusto che fosse piacevole per tutti, anche per chi non \u00e8 un amante del peperoncino. Il \"Pimenta Bode\" viene immerso nel succo di lime al fine di dargli la giusta acidit\u00e0. Con questa tavoletta di cioccolato hanno creato una vera e propria esperienza sensoriale di Bahia!<\/p>\n","protected":false},"featured_media":3128,"template":"","meta":{"_acf_changed":false,"inline_featured_image":false},"product_brand":[],"product_cat":[136,135],"product_tag":[],"class_list":{"0":"post-3670","1":"product","2":"type-product","3":"status-publish","4":"has-post-thumbnail","6":"product_cat-brasile","7":"product_cat-sud-america","9":"first","10":"instock","11":"taxable","12":"shipping-taxable","13":"purchasable","14":"product-type-simple"},"bundled_by":[],"bundle_stock_status":"instock","bundle_stock_quantity":32,"bundle_virtual":false,"bundle_layout":"","bundle_add_to_cart_form_location":"","bundle_editable_in_cart":false,"bundle_sold_individually_context":"","bundle_item_grouping":"","bundle_min_size":"","bundle_max_size":"","bundle_price":[],"bundled_items":[],"bundle_sell_ids":[],"acf":{"ingredients":"\u200bMassa di cacao (70% Brasile), zucchero, nibs di cacao, succo di lime, succo di peperoncino","energie":552,"graisse":45,"graisse_saturee":24,"glucides":28,"sucre":24,"fibre":"17","proteines":10,"sel":0},"_links":{"self":[{"href":"https:\/\/criolloquetzal.ch\/it\/wp-json\/wp\/v2\/product\/3670","targetHints":{"allow":["GET"]}}],"collection":[{"href":"https:\/\/criolloquetzal.ch\/it\/wp-json\/wp\/v2\/product"}],"about":[{"href":"https:\/\/criolloquetzal.ch\/it\/wp-json\/wp\/v2\/types\/product"}],"wp:featuredmedia":[{"embeddable":true,"href":"https:\/\/criolloquetzal.ch\/it\/wp-json\/wp\/v2\/media\/3128"}],"wp:attachment":[{"href":"https:\/\/criolloquetzal.ch\/it\/wp-json\/wp\/v2\/media?parent=3670"}],"wp:term":[{"taxonomy":"product_brand","embeddable":true,"href":"https:\/\/criolloquetzal.ch\/it\/wp-json\/wp\/v2\/product_brand?post=3670"},{"taxonomy":"product_cat","embeddable":true,"href":"https:\/\/criolloquetzal.ch\/it\/wp-json\/wp\/v2\/product_cat?post=3670"},{"taxonomy":"product_tag","embeddable":true,"href":"https:\/\/criolloquetzal.ch\/it\/wp-json\/wp\/v2\/product_tag?post=3670"}],"curies":[{"name":"wp","href":"https:\/\/api.w.org\/{rel}","templated":true}]}}