{"id":3914,"date":"2022-08-28T18:54:58","date_gmt":"2022-08-28T16:54:58","guid":{"rendered":"https:\/\/criolloquetzal.ch\/boutique\/mestico-chocolat-noir-catongo-67\/"},"modified":"2026-04-16T02:29:59","modified_gmt":"2026-04-16T00:29:59","slug":"mestico-cioccolato-fondente-catongo-67","status":"publish","type":"product","link":"https:\/\/criolloquetzal.ch\/it\/produit\/mestico-cioccolato-fondente-catongo-67\/","title":{"rendered":"Mesti\u00e7o - Cioccolato fondente Catongo 67% - BRASILE"},"content":{"rendered":"<p>Il Catongo \u00e8 una fava di cacao bianca albina della variet\u00e0 Forastero, una rarit\u00e0 che si trova nelle piantagioni della Foresta pluviale Atlantica di Mesti\u00e7o. Questo cioccolato fondente al 67% presenta note equilibrate di caramello e mandorle ed un particolare colore di dulce de leche. Il tutto utilizzando solo cacao e zucchero!<\/p>\n","protected":false},"excerpt":{"rendered":"<p>Il Catongo \u00e8 una fava di cacao bianca albina della variet\u00e0 Forastero, una rarit\u00e0 che si trova nelle piantagioni della Foresta pluviale Atlantica di Mesti\u00e7o. Questo cioccolato fondente al 67% presenta note equilibrate di caramello e mandorle ed un particolare colore di dulce de leche. Il tutto utilizzando solo cacao e zucchero!<\/p>\n","protected":false},"featured_media":3787,"template":"","meta":{"_acf_changed":false,"inline_featured_image":false},"product_brand":[],"product_cat":[136,135],"product_tag":[],"class_list":{"0":"post-3914","1":"product","2":"type-product","3":"status-publish","4":"has-post-thumbnail","6":"product_cat-brasile","7":"product_cat-sud-america","9":"first","10":"instock","11":"taxable","12":"shipping-taxable","13":"purchasable","14":"product-type-simple"},"bundled_by":[],"bundle_stock_status":"instock","bundle_stock_quantity":9,"bundle_virtual":false,"bundle_layout":"","bundle_add_to_cart_form_location":"","bundle_editable_in_cart":false,"bundle_sold_individually_context":"","bundle_item_grouping":"","bundle_min_size":"","bundle_max_size":"","bundle_price":[],"bundled_items":[],"bundle_sell_ids":[],"acf":{"ingredients":"\u200bMassa di cacao (65% Brasile), zucchero, burro di cacao","energie":539,"graisse":37,"graisse_saturee":22,"glucides":51,"sucre":33,"fibre":"12","proteines":9,"sel":0},"_links":{"self":[{"href":"https:\/\/criolloquetzal.ch\/it\/wp-json\/wp\/v2\/product\/3914","targetHints":{"allow":["GET"]}}],"collection":[{"href":"https:\/\/criolloquetzal.ch\/it\/wp-json\/wp\/v2\/product"}],"about":[{"href":"https:\/\/criolloquetzal.ch\/it\/wp-json\/wp\/v2\/types\/product"}],"wp:featuredmedia":[{"embeddable":true,"href":"https:\/\/criolloquetzal.ch\/it\/wp-json\/wp\/v2\/media\/3787"}],"wp:attachment":[{"href":"https:\/\/criolloquetzal.ch\/it\/wp-json\/wp\/v2\/media?parent=3914"}],"wp:term":[{"taxonomy":"product_brand","embeddable":true,"href":"https:\/\/criolloquetzal.ch\/it\/wp-json\/wp\/v2\/product_brand?post=3914"},{"taxonomy":"product_cat","embeddable":true,"href":"https:\/\/criolloquetzal.ch\/it\/wp-json\/wp\/v2\/product_cat?post=3914"},{"taxonomy":"product_tag","embeddable":true,"href":"https:\/\/criolloquetzal.ch\/it\/wp-json\/wp\/v2\/product_tag?post=3914"}],"curies":[{"name":"wp","href":"https:\/\/api.w.org\/{rel}","templated":true}]}}