{"id":3918,"date":"2022-08-28T18:54:53","date_gmt":"2022-08-28T16:54:53","guid":{"rendered":"https:\/\/criolloquetzal.ch\/boutique\/mestico-chocolat-noir-bonanca-75\/"},"modified":"2026-04-24T09:03:30","modified_gmt":"2026-04-24T07:03:30","slug":"mestico-cioccolato-fondente-bonanca-75","status":"publish","type":"product","link":"https:\/\/criolloquetzal.ch\/it\/produit\/mestico-cioccolato-fondente-bonanca-75\/","title":{"rendered":"Mesti\u00e7o - Cioccolato fondente Bonan\u00e7a 75% - BRASILE"},"content":{"rendered":"<p>La variet\u00e0 Bonan\u00e7a proviene dai frutteti di Mesti\u00e7o, un dono della natura che ne garantisce la sostenibilit\u00e0. Questo cioccolato dal gusto intenso e fruttato \u00e8 un omaggio al loro patrimonio.<\/p>\n","protected":false},"excerpt":{"rendered":"<p>La variet\u00e0 Bonan\u00e7a proviene dai frutteti di Mesti\u00e7o, un dono della natura che ne garantisce la sostenibilit\u00e0. Questo cioccolato dal gusto intenso e fruttato \u00e8 un omaggio al loro patrimonio.<\/p>\n","protected":false},"featured_media":3763,"template":"","meta":{"_acf_changed":false,"inline_featured_image":false},"product_brand":[],"product_cat":[136,135],"product_tag":[],"class_list":{"0":"post-3918","1":"product","2":"type-product","3":"status-publish","4":"has-post-thumbnail","6":"product_cat-brasile","7":"product_cat-sud-america","9":"first","10":"instock","11":"taxable","12":"shipping-taxable","13":"purchasable","14":"product-type-simple"},"bundled_by":[],"bundle_stock_status":"instock","bundle_stock_quantity":4,"bundle_virtual":false,"bundle_layout":"","bundle_add_to_cart_form_location":"","bundle_editable_in_cart":false,"bundle_sold_individually_context":"","bundle_item_grouping":"","bundle_min_size":"","bundle_max_size":"","bundle_price":[],"bundled_items":[],"bundle_sell_ids":[],"acf":{"ingredients":"\u200b\u200bMassa di cacao (74% Brasile), zucchero, burro di cacao","energie":555,"graisse":41,"graisse_saturee":24,"glucides":46,"sucre":25,"fibre":"13","proteines":9,"sel":0},"_links":{"self":[{"href":"https:\/\/criolloquetzal.ch\/it\/wp-json\/wp\/v2\/product\/3918","targetHints":{"allow":["GET"]}}],"collection":[{"href":"https:\/\/criolloquetzal.ch\/it\/wp-json\/wp\/v2\/product"}],"about":[{"href":"https:\/\/criolloquetzal.ch\/it\/wp-json\/wp\/v2\/types\/product"}],"wp:featuredmedia":[{"embeddable":true,"href":"https:\/\/criolloquetzal.ch\/it\/wp-json\/wp\/v2\/media\/3763"}],"wp:attachment":[{"href":"https:\/\/criolloquetzal.ch\/it\/wp-json\/wp\/v2\/media?parent=3918"}],"wp:term":[{"taxonomy":"product_brand","embeddable":true,"href":"https:\/\/criolloquetzal.ch\/it\/wp-json\/wp\/v2\/product_brand?post=3918"},{"taxonomy":"product_cat","embeddable":true,"href":"https:\/\/criolloquetzal.ch\/it\/wp-json\/wp\/v2\/product_cat?post=3918"},{"taxonomy":"product_tag","embeddable":true,"href":"https:\/\/criolloquetzal.ch\/it\/wp-json\/wp\/v2\/product_tag?post=3918"}],"curies":[{"name":"wp","href":"https:\/\/api.w.org\/{rel}","templated":true}]}}