{"id":3924,"date":"2022-08-28T18:54:51","date_gmt":"2022-08-28T16:54:51","guid":{"rendered":"https:\/\/criolloquetzal.ch\/boutique\/mestico-chocolat-noir-62-au-cafe\/"},"modified":"2026-04-21T00:09:06","modified_gmt":"2026-04-20T22:09:06","slug":"mestico-cioccolato-fondente-62-con-caffe","status":"publish","type":"product","link":"https:\/\/criolloquetzal.ch\/it\/produit\/mestico-cioccolato-fondente-62-con-caffe\/","title":{"rendered":"Mesti\u00e7o - Cioccolato fondente 62% con caff\u00e8 - BRASILE"},"content":{"rendered":"<p>Il cacao della foresta pluviale di Mesti\u00e7o, a Itacar\u00e9, \u00e8 abbinato ad un caff\u00e8 speciale 100% Arabica, in una miscela classica, tipicamente brasiliana! Premiato dal NW Chocolate Festival di Seattle e dalla Chocolate Academy del Regno Unito.<\/p>\n","protected":false},"excerpt":{"rendered":"<p>Il cacao della foresta pluviale di Mesti\u00e7o, a Itacar\u00e9, \u00e8 abbinato ad un caff\u00e8 speciale 100% Arabica, in una miscela classica, tipicamente brasiliana! Premiato dal NW Chocolate Festival di Seattle e dalla Chocolate Academy del Regno Unito.<\/p>\n","protected":false},"featured_media":3775,"template":"","meta":{"_acf_changed":false,"inline_featured_image":false},"product_brand":[],"product_cat":[136,135],"product_tag":[],"class_list":{"0":"post-3924","1":"product","2":"type-product","3":"status-publish","4":"has-post-thumbnail","6":"product_cat-brasile","7":"product_cat-sud-america","9":"first","10":"instock","11":"taxable","12":"shipping-taxable","13":"purchasable","14":"product-type-simple"},"bundled_by":["7040"],"bundle_stock_status":"instock","bundle_stock_quantity":6,"bundle_virtual":false,"bundle_layout":"","bundle_add_to_cart_form_location":"","bundle_editable_in_cart":false,"bundle_sold_individually_context":"","bundle_item_grouping":"","bundle_min_size":"","bundle_max_size":"","bundle_price":[],"bundled_items":[],"bundle_sell_ids":[],"acf":{"ingredients":"\u200bMassa di cacao (59% Brasile), zucchero, burro di cacao, caff\u00e8 in grani","energie":527,"graisse":34,"graisse_saturee":20,"glucides":54,"sucre":37,"fibre":"11","proteines":8,"sel":0},"_links":{"self":[{"href":"https:\/\/criolloquetzal.ch\/it\/wp-json\/wp\/v2\/product\/3924","targetHints":{"allow":["GET"]}}],"collection":[{"href":"https:\/\/criolloquetzal.ch\/it\/wp-json\/wp\/v2\/product"}],"about":[{"href":"https:\/\/criolloquetzal.ch\/it\/wp-json\/wp\/v2\/types\/product"}],"wp:featuredmedia":[{"embeddable":true,"href":"https:\/\/criolloquetzal.ch\/it\/wp-json\/wp\/v2\/media\/3775"}],"wp:attachment":[{"href":"https:\/\/criolloquetzal.ch\/it\/wp-json\/wp\/v2\/media?parent=3924"}],"wp:term":[{"taxonomy":"product_brand","embeddable":true,"href":"https:\/\/criolloquetzal.ch\/it\/wp-json\/wp\/v2\/product_brand?post=3924"},{"taxonomy":"product_cat","embeddable":true,"href":"https:\/\/criolloquetzal.ch\/it\/wp-json\/wp\/v2\/product_cat?post=3924"},{"taxonomy":"product_tag","embeddable":true,"href":"https:\/\/criolloquetzal.ch\/it\/wp-json\/wp\/v2\/product_tag?post=3924"}],"curies":[{"name":"wp","href":"https:\/\/api.w.org\/{rel}","templated":true}]}}