{"id":5967,"date":"2023-08-24T10:38:00","date_gmt":"2023-08-24T08:38:00","guid":{"rendered":"https:\/\/criolloquetzal.ch\/?post_type=product&#038;p=5967"},"modified":"2026-03-30T00:06:35","modified_gmt":"2026-03-29T22:06:35","slug":"baiani-cioccolato-fondente-65-frutto-passione-brasile","status":"publish","type":"product","link":"https:\/\/criolloquetzal.ch\/it\/produit\/baiani-cioccolato-fondente-65-frutto-passione-brasile\/","title":{"rendered":"Baian\u00ed - Cioccolato fondente 65% con frutto della passione - BRASILE"},"content":{"rendered":"<p>\u200bIl frutto della passione \u00e8 uno dei frutti pi\u00f9 apprezzati in Brasile, ed \u00e8 quindi naturale che Baian\u00ed abbia deciso di esplorare l'associazione di questo sapore tropicale con il suo cioccolato.<\/p>\n<p>La consistenza croccante fatta di zucchero demerara caramellato mescolato alla polpa di frutta fresca disidratata offre un viaggio sensoriale squisito e divertente.<\/p>\n","protected":false},"excerpt":{"rendered":"<p>\u200bIl frutto della passione \u00e8 uno dei frutti pi\u00f9 apprezzati in Brasile, ed \u00e8 quindi naturale che Baian\u00ed abbia deciso di esplorare l'associazione di questo sapore tropicale con il suo cioccolato. La consistenza croccante fatta di zucchero demerara caramellato mescolato alla polpa di frutta fresca disidratata offre un viaggio sensoriale squisito e divertente.<\/p>\n","protected":false},"featured_media":5486,"template":"","meta":{"_acf_changed":false,"inline_featured_image":false},"product_brand":[],"product_cat":[136,135],"product_tag":[],"class_list":{"0":"post-5967","1":"product","2":"type-product","3":"status-publish","4":"has-post-thumbnail","6":"product_cat-brasile","7":"product_cat-sud-america","9":"first","10":"instock","11":"taxable","12":"shipping-taxable","13":"purchasable","14":"product-type-simple"},"bundled_by":["8271"],"bundle_stock_status":"instock","bundle_stock_quantity":33,"bundle_virtual":false,"bundle_layout":"","bundle_add_to_cart_form_location":"","bundle_editable_in_cart":false,"bundle_sold_individually_context":"","bundle_item_grouping":"","bundle_min_size":"","bundle_max_size":"","bundle_price":[],"bundled_items":[],"bundle_sell_ids":[],"acf":{"ingredients":"\u200bFave di cacao (65% Brasile), zucchero, polpa di frutto della passione","energie":516,"graisse":33,"graisse_saturee":17,"glucides":37,"sucre":33,"fibre":"17","proteines":10,"sel":0},"_links":{"self":[{"href":"https:\/\/criolloquetzal.ch\/it\/wp-json\/wp\/v2\/product\/5967","targetHints":{"allow":["GET"]}}],"collection":[{"href":"https:\/\/criolloquetzal.ch\/it\/wp-json\/wp\/v2\/product"}],"about":[{"href":"https:\/\/criolloquetzal.ch\/it\/wp-json\/wp\/v2\/types\/product"}],"wp:featuredmedia":[{"embeddable":true,"href":"https:\/\/criolloquetzal.ch\/it\/wp-json\/wp\/v2\/media\/5486"}],"wp:attachment":[{"href":"https:\/\/criolloquetzal.ch\/it\/wp-json\/wp\/v2\/media?parent=5967"}],"wp:term":[{"taxonomy":"product_brand","embeddable":true,"href":"https:\/\/criolloquetzal.ch\/it\/wp-json\/wp\/v2\/product_brand?post=5967"},{"taxonomy":"product_cat","embeddable":true,"href":"https:\/\/criolloquetzal.ch\/it\/wp-json\/wp\/v2\/product_cat?post=5967"},{"taxonomy":"product_tag","embeddable":true,"href":"https:\/\/criolloquetzal.ch\/it\/wp-json\/wp\/v2\/product_tag?post=5967"}],"curies":[{"name":"wp","href":"https:\/\/api.w.org\/{rel}","templated":true}]}}