{"id":5970,"date":"2023-08-26T14:58:18","date_gmt":"2023-08-26T12:58:18","guid":{"rendered":"https:\/\/criolloquetzal.ch\/?post_type=product&#038;p=5970"},"modified":"2026-04-19T17:18:39","modified_gmt":"2026-04-19T15:18:39","slug":"definite-cioccolato-fondente-65-finca-elvesia-caffe-sale-repubblica-dominicana","status":"publish","type":"product","link":"https:\/\/criolloquetzal.ch\/it\/produit\/definite-cioccolato-fondente-65-finca-elvesia-caffe-sale-repubblica-dominicana\/","title":{"rendered":"Definite - Cioccolato fondente 65% Finca Elvesia con caff\u00e8 e sale marino - REPUBBLICA DOMINICANA"},"content":{"rendered":"<p>\u200bQuesta tavoletta Definite \u00e8 aromatizzata con caff\u00e8 di specialit\u00e0 proveniente da Casa Barista - un torrefattore di caff\u00e8 single-origin di Santo Domingo - e sale marino.<\/p>\n<p>Il cioccolato presenta note di frutta secca, caramello e noci.<\/p>\n","protected":false},"excerpt":{"rendered":"<p>\u200bQuesta tavoletta Definite \u00e8 aromatizzata con caff\u00e8 di specialit\u00e0 proveniente da Casa Barista - un torrefattore di caff\u00e8 single-origin di Santo Domingo - e sale marino. Il cioccolato presenta note di frutta secca, caramello e noci.<\/p>\n","protected":false},"featured_media":5522,"template":"","meta":{"_acf_changed":false,"inline_featured_image":false},"product_brand":[],"product_cat":[775,160],"product_tag":[],"class_list":{"0":"post-5970","1":"product","2":"type-product","3":"status-publish","4":"has-post-thumbnail","6":"product_cat-repubblica-dominicana","7":"product_cat-caraibi","9":"first","10":"instock","11":"taxable","12":"shipping-taxable","13":"purchasable","14":"product-type-simple"},"bundled_by":["7040"],"bundle_stock_status":"instock","bundle_stock_quantity":34,"bundle_virtual":false,"bundle_layout":"","bundle_add_to_cart_form_location":"","bundle_editable_in_cart":false,"bundle_sold_individually_context":"","bundle_item_grouping":"","bundle_min_size":"","bundle_max_size":"","bundle_price":[],"bundled_items":[],"bundle_sell_ids":[],"acf":{"ingredients":"\u200bFave di cacao (58% Repubblica Dominicana), zucchero di canna, burro di cacao, caff\u00e8 in grani, sale marino","energie":558,"graisse":36,"graisse_saturee":22,"glucides":55,"sucre":33,"fibre":"10","proteines":8,"sel":0},"_links":{"self":[{"href":"https:\/\/criolloquetzal.ch\/it\/wp-json\/wp\/v2\/product\/5970","targetHints":{"allow":["GET"]}}],"collection":[{"href":"https:\/\/criolloquetzal.ch\/it\/wp-json\/wp\/v2\/product"}],"about":[{"href":"https:\/\/criolloquetzal.ch\/it\/wp-json\/wp\/v2\/types\/product"}],"wp:featuredmedia":[{"embeddable":true,"href":"https:\/\/criolloquetzal.ch\/it\/wp-json\/wp\/v2\/media\/5522"}],"wp:attachment":[{"href":"https:\/\/criolloquetzal.ch\/it\/wp-json\/wp\/v2\/media?parent=5970"}],"wp:term":[{"taxonomy":"product_brand","embeddable":true,"href":"https:\/\/criolloquetzal.ch\/it\/wp-json\/wp\/v2\/product_brand?post=5970"},{"taxonomy":"product_cat","embeddable":true,"href":"https:\/\/criolloquetzal.ch\/it\/wp-json\/wp\/v2\/product_cat?post=5970"},{"taxonomy":"product_tag","embeddable":true,"href":"https:\/\/criolloquetzal.ch\/it\/wp-json\/wp\/v2\/product_tag?post=5970"}],"curies":[{"name":"wp","href":"https:\/\/api.w.org\/{rel}","templated":true}]}}