{"id":5987,"date":"2023-08-26T15:17:31","date_gmt":"2023-08-26T13:17:31","guid":{"rendered":"https:\/\/criolloquetzal.ch\/?post_type=product&#038;p=5987"},"modified":"2026-04-20T20:47:16","modified_gmt":"2026-04-20T18:47:16","slug":"luzz-cacau-cioccolato-fondente-62-caffe-brasile","status":"publish","type":"product","link":"https:\/\/criolloquetzal.ch\/it\/produit\/luzz-cacau-cioccolato-fondente-62-caffe-brasile\/","title":{"rendered":"Luzz Cacau - Cioccolato fondente 62% con caff\u00e8 - BRASILE"},"content":{"rendered":"<p>\u200bUn delizioso connubio di cacao e caff\u00e8 provenienti da un'azienda a conduzione familiare nella affascinante citt\u00e0 di Igua\u00ed, nello stato di Bahia.<\/p>\n<p>Lasciatevi sedurre dalle note gustative di caff\u00e8, melassa e noci.<\/p>\n","protected":false},"excerpt":{"rendered":"<p>\u200bUn delizioso connubio di cacao e caff\u00e8 provenienti da un'azienda a conduzione familiare nella affascinante citt\u00e0 di Igua\u00ed, nello stato di Bahia. Lasciatevi sedurre dalle note gustative di caff\u00e8, melassa e noci.<\/p>\n","protected":false},"featured_media":5798,"template":"","meta":{"_acf_changed":false,"inline_featured_image":false},"product_brand":[],"product_cat":[136,135],"product_tag":[],"class_list":{"0":"post-5987","1":"product","2":"type-product","3":"status-publish","4":"has-post-thumbnail","6":"product_cat-brasile","7":"product_cat-sud-america","9":"first","10":"instock","11":"sale","12":"taxable","13":"shipping-taxable","14":"purchasable","15":"product-type-simple"},"bundled_by":["7040"],"bundle_stock_status":"instock","bundle_stock_quantity":2,"bundle_virtual":false,"bundle_layout":"","bundle_add_to_cart_form_location":"","bundle_editable_in_cart":false,"bundle_sold_individually_context":"","bundle_item_grouping":"","bundle_min_size":"","bundle_max_size":"","bundle_price":[],"bundled_items":[],"bundle_sell_ids":[],"acf":{"ingredients":"\u200bFave di cacao (47% Brasile), zucchero, burro di cacao, caff\u00e8 in grani","energie":584,"graisse":35,"graisse_saturee":21,"glucides":56,"sucre":36,"fibre":"15","proteines":7,"sel":0},"_links":{"self":[{"href":"https:\/\/criolloquetzal.ch\/it\/wp-json\/wp\/v2\/product\/5987","targetHints":{"allow":["GET"]}}],"collection":[{"href":"https:\/\/criolloquetzal.ch\/it\/wp-json\/wp\/v2\/product"}],"about":[{"href":"https:\/\/criolloquetzal.ch\/it\/wp-json\/wp\/v2\/types\/product"}],"wp:featuredmedia":[{"embeddable":true,"href":"https:\/\/criolloquetzal.ch\/it\/wp-json\/wp\/v2\/media\/5798"}],"wp:attachment":[{"href":"https:\/\/criolloquetzal.ch\/it\/wp-json\/wp\/v2\/media?parent=5987"}],"wp:term":[{"taxonomy":"product_brand","embeddable":true,"href":"https:\/\/criolloquetzal.ch\/it\/wp-json\/wp\/v2\/product_brand?post=5987"},{"taxonomy":"product_cat","embeddable":true,"href":"https:\/\/criolloquetzal.ch\/it\/wp-json\/wp\/v2\/product_cat?post=5987"},{"taxonomy":"product_tag","embeddable":true,"href":"https:\/\/criolloquetzal.ch\/it\/wp-json\/wp\/v2\/product_tag?post=5987"}],"curies":[{"name":"wp","href":"https:\/\/api.w.org\/{rel}","templated":true}]}}