{"id":5993,"date":"2023-08-26T15:18:02","date_gmt":"2023-08-26T13:18:02","guid":{"rendered":"https:\/\/criolloquetzal.ch\/?post_type=product&#038;p=5993"},"modified":"2026-03-30T02:20:31","modified_gmt":"2026-03-30T00:20:31","slug":"luzz-cacau-cioccolato-fondente-62-pitanga-brasile","status":"publish","type":"product","link":"https:\/\/criolloquetzal.ch\/it\/produit\/luzz-cacau-cioccolato-fondente-62-pitanga-brasile\/","title":{"rendered":"Luzz Cacau - Cioccolato fondente 62% con pitanga - BRASILE"},"content":{"rendered":"<p>\u200bIl pitanga regala un'esperienza rinfrescante e sorprendente. Per completare il tutto, percepirete un delicato tocco di miele e arancia in bocca per un sapore dolce e avvolgente.<\/p>\n<p>Questo cioccolato \u00e8 prodotto con cacao proveniente dall'agricoltura familiare di Igua\u00ed, una piccola citt\u00e0 nello stato di Bahia.<\/p>\n","protected":false},"excerpt":{"rendered":"<p>La pitanga mescolata al delizioso cioccolato fondente al 62% di Luzz offre un'esperienza rinfrescante e sorprendente. Per coronare il tutto, sentirete un delicato tocco di miele e arancia in bocca per un sapore dolce e avvolgente. Questo cioccolato \u00e8 prodotto con cacao proveniente dall'agricoltura familiare di Igua\u00ed, una piccola citt\u00e0 dello stato di Bahia. <strong>Approfitta ora del 30% di sconto su tutti i cioccolatini Luzz!<\/strong><\/p>\n","protected":false},"featured_media":5810,"template":"","meta":{"_acf_changed":false,"inline_featured_image":false},"product_brand":[],"product_cat":[136,893,135],"product_tag":[],"class_list":{"0":"post-5993","1":"product","2":"type-product","3":"status-publish","4":"has-post-thumbnail","6":"product_cat-brasile","7":"product_cat-selezione","8":"product_cat-sud-america","10":"first","11":"outofstock","12":"sale","13":"taxable","14":"shipping-taxable","15":"purchasable","16":"product-type-simple"},"bundled_by":[],"bundle_stock_status":"outofstock","bundle_stock_quantity":0,"bundle_virtual":false,"bundle_layout":"","bundle_add_to_cart_form_location":"","bundle_editable_in_cart":false,"bundle_sold_individually_context":"","bundle_item_grouping":"","bundle_min_size":"","bundle_max_size":"","bundle_price":[],"bundled_items":[],"bundle_sell_ids":[],"acf":{"ingredients":"\u200b\u200bFave di cacao (47% Brasile), zucchero, burro di cacao, pitanga","energie":528,"graisse":33,"graisse_saturee":20,"glucides":52,"sucre":36,"fibre":"14","proteines":6,"sel":0},"_links":{"self":[{"href":"https:\/\/criolloquetzal.ch\/it\/wp-json\/wp\/v2\/product\/5993","targetHints":{"allow":["GET"]}}],"collection":[{"href":"https:\/\/criolloquetzal.ch\/it\/wp-json\/wp\/v2\/product"}],"about":[{"href":"https:\/\/criolloquetzal.ch\/it\/wp-json\/wp\/v2\/types\/product"}],"wp:featuredmedia":[{"embeddable":true,"href":"https:\/\/criolloquetzal.ch\/it\/wp-json\/wp\/v2\/media\/5810"}],"wp:attachment":[{"href":"https:\/\/criolloquetzal.ch\/it\/wp-json\/wp\/v2\/media?parent=5993"}],"wp:term":[{"taxonomy":"product_brand","embeddable":true,"href":"https:\/\/criolloquetzal.ch\/it\/wp-json\/wp\/v2\/product_brand?post=5993"},{"taxonomy":"product_cat","embeddable":true,"href":"https:\/\/criolloquetzal.ch\/it\/wp-json\/wp\/v2\/product_cat?post=5993"},{"taxonomy":"product_tag","embeddable":true,"href":"https:\/\/criolloquetzal.ch\/it\/wp-json\/wp\/v2\/product_tag?post=5993"}],"curies":[{"name":"wp","href":"https:\/\/api.w.org\/{rel}","templated":true}]}}