{"id":6022,"date":"2023-08-26T18:30:38","date_gmt":"2023-08-26T16:30:38","guid":{"rendered":"https:\/\/criolloquetzal.ch\/?post_type=product&#038;p=6022"},"modified":"2026-04-11T23:48:05","modified_gmt":"2026-04-11T21:48:05","slug":"nahua-cioccolato-fondente-70-caffe-costa-rica","status":"publish","type":"product","link":"https:\/\/criolloquetzal.ch\/it\/produit\/nahua-cioccolato-fondente-70-caffe-costa-rica\/","title":{"rendered":"Nahua - Cioccolato fondente 70% con caff\u00e8 - COSTA RICA"},"content":{"rendered":"<p>Gli intenditori ameranno il cioccolato Nahua al 70% con caff\u00e8. Le tavolette Nahua, dall'aspetto poco elaborato, offrono una consistenza fresca e una cremosit\u00e0 ricca e appagante, preservando allo stesso tempo il bouquet di sapori intensi del pregiato cacao di cui sono fatte.<\/p>\n<p>Tutti i cioccolati Nahua contengono piccole particelle di fave di cacao che le loro macchine non riescono a elaborare. Piuttosto che dedicare tempo e risorse per filtrarle, i cioccolatieri Nahua hanno deciso di mantenerle, rendendo il loro cioccolato artigianale ancora pi\u00f9 interessante.<\/p>\n","protected":false},"excerpt":{"rendered":"<p>Gli intenditori ameranno il cioccolato Nahua al 70% con caff\u00e8. Le tavolette Nahua, dall'aspetto poco elaborato, offrono una consistenza fresca e una cremosit\u00e0 ricca e appagante, preservando allo stesso tempo il bouquet di sapori intensi del pregiato cacao di cui sono fatte. Tutti i cioccolati Nahua contengono piccole particelle di fave di cacao che le loro macchine non riescono a elaborare. Piuttosto che dedicare tempo e risorse per filtrarle, i cioccolatieri Nahua hanno deciso di mantenerle, rendendo il loro cioccolato artigianale ancora pi\u00f9 interessante.<\/p>\n","protected":false},"featured_media":5944,"template":"","meta":{"_acf_changed":false,"inline_featured_image":false},"product_brand":[],"product_cat":[782,98],"product_tag":[],"class_list":{"0":"post-6022","1":"product","2":"type-product","3":"status-publish","4":"has-post-thumbnail","6":"product_cat-costa-rica-it","7":"product_cat-america-centrale","9":"first","10":"outofstock","11":"taxable","12":"shipping-taxable","13":"purchasable","14":"product-type-simple"},"bundled_by":[],"bundle_stock_status":"outofstock","bundle_stock_quantity":0,"bundle_virtual":false,"bundle_layout":"","bundle_add_to_cart_form_location":"","bundle_editable_in_cart":false,"bundle_sold_individually_context":"","bundle_item_grouping":"","bundle_min_size":"","bundle_max_size":"","bundle_price":[],"bundled_items":[],"bundle_sell_ids":[],"acf":{"ingredients":"\u200b\u200b\u200bMassa di cacao (70% Costa Rica), zucchero, burro di cacao, caff\u00e8","energie":520,"graisse":44,"graisse_saturee":24,"glucides":40,"sucre":24,"fibre":"12","proteines":8,"sel":0},"_links":{"self":[{"href":"https:\/\/criolloquetzal.ch\/it\/wp-json\/wp\/v2\/product\/6022","targetHints":{"allow":["GET"]}}],"collection":[{"href":"https:\/\/criolloquetzal.ch\/it\/wp-json\/wp\/v2\/product"}],"about":[{"href":"https:\/\/criolloquetzal.ch\/it\/wp-json\/wp\/v2\/types\/product"}],"wp:featuredmedia":[{"embeddable":true,"href":"https:\/\/criolloquetzal.ch\/it\/wp-json\/wp\/v2\/media\/5944"}],"wp:attachment":[{"href":"https:\/\/criolloquetzal.ch\/it\/wp-json\/wp\/v2\/media?parent=6022"}],"wp:term":[{"taxonomy":"product_brand","embeddable":true,"href":"https:\/\/criolloquetzal.ch\/it\/wp-json\/wp\/v2\/product_brand?post=6022"},{"taxonomy":"product_cat","embeddable":true,"href":"https:\/\/criolloquetzal.ch\/it\/wp-json\/wp\/v2\/product_cat?post=6022"},{"taxonomy":"product_tag","embeddable":true,"href":"https:\/\/criolloquetzal.ch\/it\/wp-json\/wp\/v2\/product_tag?post=6022"}],"curies":[{"name":"wp","href":"https:\/\/api.w.org\/{rel}","templated":true}]}}